{"id":2815,"date":"2021-07-05T17:02:26","date_gmt":"2021-07-05T15:02:26","guid":{"rendered":"https:\/\/www.thelanguageacademy.nl\/?page_id=2815"},"modified":"2022-08-23T09:57:14","modified_gmt":"2022-08-23T07:57:14","slug":"datenschutz-und-cookie-erklaerung","status":"publish","type":"page","link":"https:\/\/www.thelanguageacademy.nl\/de\/datenschutz-und-cookie-erklaerung\/","title":{"rendered":"Datenschutzerkl\u00e4rung"},"content":{"rendered":"<p>In dieser Datenschutz- und Cookie-Erkl\u00e4rung wird dargelegt, wie wir mit Ihren personenbezogenen Daten umgehen. The Language Academy ist Teil der UvA Talen B.V. F\u00fcr eine ausf\u00fchrliche Erkl\u00e4rung, wie UVA Talen B.V. mit Ihren Daten umgeht, verweisen wir auf <a href=\"https:\/\/www.uvatalen.nl\/sites\/default\/files\/user-uploads\/terms-and-conditions\/UvA%20Talen%20B.V%20Privacy-%20en%20cookie%20statement_June%202022.pdf\">die Datenschutzerkl\u00e4rung von UvA Talen<\/a>.<\/p>\n<p>&nbsp;<\/p>\n<p><strong>Nutzung von personenbezogenen Daten beim Erwerb von Onlinesprachkursen<\/strong><br \/>\nWenn Sie einen Onlinesprachkurs bei uns erwerben, ben\u00f6tigen wir Ihren Namen und Ihre E-Mail-Adresse und ferner folgende Angaben: Geschlecht, Alter, Nationalit\u00e4t, Stadt, Land und etwaige weitere Informationen f\u00fcr die Rechnungsstellung. Sie k\u00f6nnen sich auch mit Ihrem Facebook-Account einloggen. Wenn Sie sich mit Ihrem Facebook-Account einloggen, haben wir Zugriff auf die Basisdaten Ihres Facebook\u00adAccounts: Benutzername und Passwort.<br \/>\nSie k\u00f6nnen die Rechnung an Dritte verschicken lassen, zum Beispiel an Ihren Arbeitgeber. Wenn Sie von dieser M\u00f6glichkeit Gebrauch machen, verwenden wir den Unternehmensnamen, die Abteilung, die Adresse, die Postleitzahl, den Ort und die Kontaktinformationen des Ansprechpartners dieses Dritten. Wir erheben diese Daten, um den Onlinekurs liefern zu k\u00f6nnen. Die Rechnungsdaten bewahren wir so lange auf, wie wir gesetzlich hierzu verpflichtet sind. Wir m\u00fcssen unsere Steuerunterlagen sieben Jahre, und in bestimmten F\u00e4llen zehn Jahre aufbewahren<\/p>\n<p><strong>Nutzung personenbezogener Daten vom Benutzerkonto<\/strong><br \/>\nF\u00fcr bestimmte Teile der Website ben\u00f6tigen Sie ein Benutzerkonto. So ben\u00f6tigen Sie ein Benutzerkonto, um an Onlinesprachkursen teilnehmen zu k\u00f6nnen, Ihre Fortschritte im Laufe des Kurses \u00fcber das Dashboard einsehen zu k\u00f6nnen und Zusatzprodukte (Verl\u00e4ngerung oder neue Kurse) zu erwerben.<br \/>\nIn Ihrem Benutzerkonto speichern wir alle von Ihnen bei Ihrer Registrierung angegebenen Informationen und ferner Informationen \u00fcber die Onlinesprachkurse, an denen Sie teilgenommen haben. Wir bewahren Ihre Daten auf, damit Sie diese nicht st\u00e4ndig neu eingeben m\u00fcssen und damit wir Sie einfacher kontaktieren k\u00f6nnen, wenn dies f\u00fcr die Erf\u00fcllung des Vertrags erforderlich ist. Wir bewahren alle Informationen, die wir \u00fcber Ihr Benutzerkonto erhalten, so lange auf, wie Ihr Benutzerkonto besteht. Sie k\u00f6nnen die bei der Registrierung angegebenen pers\u00f6nlichen Informationen anpassen und <a href=\"https:\/\/www.thelanguageacademy.nl\/de\/kontakt\/kontaktformular\/\" target=\"_blank\" rel=\"noopener noreferrer\">\u00e4ndern<\/a> lassen, wann immer Sie das m\u00f6chten. Sie k\u00f6nnen auch angeben, ob und wie oft wir uns mit E-Mails, die einen Bezug zu Ihrem Kurs haben, bei Ihnen melden d\u00fcrfen.<\/p>\n<p><strong>Nutzung der personenbezogenen Daten bei kostenlosen Testversionen<\/strong><br \/>\nUm Ihnen einen Eindruck von unseren Onlinesprachkursen zu vermitteln, bieten wir Ihnen eine kostenlose Demoversion unserer Kurse an. Wir m\u00fcssen Sie bitten, Ihre E-Mail-Adresse zu hinterlassen, um dieses Demo anzusehen. Indem Sie Ihre E-Mail-Adresse hinterlassen, erkl\u00e4ren Sie sich mit unserer Datenschutz- und Cookie-Erkl\u00e4rung sowie unseren <a href=\"https:\/\/www.thelanguageacademy.nl\/de\/allgemeine-anmeldebedingungen\/\">Allgemeinen Anmeldebedingungen<\/a> und ferner damit einverstanden, dass The Language Academy Ihnen gelegentlich E-Mails mit Informationen \u00fcber unsere Kurse und Angebote zusendet.<\/p>\n<p><strong>Nutzung der personenbezogenen Daten bei Beurteilungen<\/strong><br \/>\nSie k\u00f6nnen \u00fcber die von uns erbrachte(n) Dienstleistung(en) eine Beurteilung schreiben. Auf diese Weise k\u00f6nnen Sie mitteilen, wie Sie unsere Dienstleistung finden. Hierf\u00fcr verwenden wir Ihren Namen (optional), Kontaktdaten (optional), Informationen \u00fcber die in Anspruch genommene Dienstleistung und die von Ihnen abgegebene Beurteilung. Wir erheben diese Daten auf Grundlage unseres berechtigten Interesses, wobei Sie nat\u00fcrlich auf keinen Fall verpflichtet sind, eine Rezension zu schreiben. Sie k\u00f6nnen die Beurteilung zu jedem Zeitpunkt wieder l\u00f6schen lassen, indem Sie Kontakt mit uns aufnehmen.<\/p>\n<p><strong>Verwendung von Cookies<\/strong><br \/>\nThe Language Academy verwendet Cookies. Ein Cookie ist eine kleine Textdatei, die von einer Website auf einem Computer, Smartphone oder Tablet gespeichert wird. Eine solche Datei speichert Informationen.<\/p>\n<p><em>Funktionale Cookies<\/em><br \/>\nFunktionale Cookies sind f\u00fcr das ordnungsgem\u00e4\u00dfe Funktionieren einer Website unerl\u00e4sslich. Diese Kategorie umfasst nur Cookies, die Basis- und Sicherheitsfunktionen unserer Website sicherstellen. Beispiele f\u00fcr funktionale Cookies:<\/p>\n<ul>\n<li>Speicherung von Produkten im Einkaufswagen;<\/li>\n<li>Weitergabe von Informationen von einer Seite an eine andere;<\/li>\n<li>Speicherung von Pr\u00e4ferenzen, wie z. B. Spracheinstellungen;<\/li>\n<li>Angebot der M\u00f6glichkeit, die Anmeldedaten zu speichern.<\/li>\n<\/ul>\n<p><em>Analytische Cookies<\/em><br \/>\nMithilfe analytischer Cookies werden Besucherstatistiken gef\u00fchrt. Die von uns erhobenen Statistiken lassen keine R\u00fcckschl\u00fcsse auf Personen zu. Durch die Analyse der Statistiken erhalten wir einen besseren Einblick darin, wie unsere Website funktioniert. Beispiele f\u00fcr analytische Cookies, die wir verwenden:<\/p>\n<ul>\n<li>Erfassung der Anzahl von Besuchern der Website;<\/li>\n<li>Erfassung verwendeter Suchbegriffe;<\/li>\n<li>Erfassung der Besucherzahlen pro Seite;<\/li>\n<li>Erfassung der durchschnittlichen Dauer von Besuchen auf den verschiedenen Webseiten.<\/li>\n<\/ul>\n<p><strong>\u00c4nderungen an der Datenschutz- und Cookie-Erkl\u00e4rung<\/strong><br \/>\nThe Language Academy beh\u00e4lt sich das Recht vor, den Inhalt dieser Datenschutz- und Cookie-Erkl\u00e4rung zu \u00e4ndern. Eventuelle Anpassungen und\/oder \u00c4nderungen der Website k\u00f6nnen zu \u00c4nderungen an der Datenschutz- und Cookie-Erkl\u00e4rung f\u00fchren. Die aktuellste Datenschutz- und Cookie-Erkl\u00e4rung ist jederzeit einsehbar unter www.thelanguageacademy.nl.<\/p>\n","protected":false},"excerpt":{"rendered":"<p>In dieser Datenschutz- und Cookie-Erkl\u00e4rung wird dargelegt, wie wir mit Ihren personenbezogenen Daten umgehen. The Language Academy ist Teil der UvA Talen B.V. F\u00fcr eine ausf\u00fchrliche Erkl\u00e4rung, wie UVA Talen B.V. mit Ihren Daten umgeht, verweisen wir auf die Datenschutzerkl\u00e4rung von UvA Talen. &nbsp; Nutzung von personenbezogenen Daten beim Erwerb von Onlinesprachkursen Wenn Sie einen [&hellip;]<\/p>\n","protected":false},"author":4,"featured_media":0,"parent":0,"menu_order":0,"comment_status":"closed","ping_status":"closed","template":"","meta":{"_acf_changed":false,"footnotes":""},"class_list":["post-2815","page","type-page","status-publish","hentry"],"acf":[],"yoast_head":"<!-- This site is optimized with the Yoast SEO plugin v25.4 - https:\/\/yoast.com\/wordpress\/plugins\/seo\/ -->\n<title>Datenschutzerkl\u00e4rung - The Language Academy<\/title>\n<meta name=\"description\" content=\"In dieser Datenschutz- und Cookie-Erkl\u00e4rung wird dargelegt, wie wir mit Ihren personenbezogenen Daten umgehen. The Language Academy ist Teil der UvA Talen B.V.\" \/>\n<meta name=\"robots\" content=\"index, follow, max-snippet:-1, max-image-preview:large, max-video-preview:-1\" \/>\n<link rel=\"canonical\" href=\"https:\/\/www.thelanguageacademy.nl\/de\/datenschutz-und-cookie-erklaerung\/\" \/>\n<meta property=\"og:locale\" content=\"de_DE\" \/>\n<meta property=\"og:type\" content=\"article\" \/>\n<meta property=\"og:title\" content=\"Datenschutzerkl\u00e4rung - The Language Academy\" \/>\n<meta property=\"og:description\" content=\"In dieser Datenschutz- und Cookie-Erkl\u00e4rung wird dargelegt, wie wir mit Ihren personenbezogenen Daten umgehen. The Language Academy ist Teil der UvA Talen B.V.\" \/>\n<meta property=\"og:url\" content=\"https:\/\/www.thelanguageacademy.nl\/de\/datenschutz-und-cookie-erklaerung\/\" \/>\n<meta property=\"og:site_name\" content=\"The Language Academy\" \/>\n<meta property=\"article:modified_time\" content=\"2022-08-23T07:57:14+00:00\" \/>\n<meta name=\"twitter:card\" content=\"summary_large_image\" \/>\n<meta name=\"twitter:label1\" content=\"Gesch\u00e4tzte Lesezeit\" \/>\n\t<meta name=\"twitter:data1\" content=\"4\u00a0Minuten\" \/>\n<script type=\"application\/ld+json\" class=\"yoast-schema-graph\">{\"@context\":\"https:\/\/schema.org\",\"@graph\":[{\"@type\":\"WebPage\",\"@id\":\"https:\/\/www.thelanguageacademy.nl\/de\/datenschutz-und-cookie-erklaerung\/\",\"url\":\"https:\/\/www.thelanguageacademy.nl\/de\/datenschutz-und-cookie-erklaerung\/\",\"name\":\"Datenschutzerkl\u00e4rung - The Language Academy\",\"isPartOf\":{\"@id\":\"https:\/\/www.thelanguageacademy.nl\/de\/#website\"},\"datePublished\":\"2021-07-05T15:02:26+00:00\",\"dateModified\":\"2022-08-23T07:57:14+00:00\",\"description\":\"In dieser Datenschutz- und Cookie-Erkl\u00e4rung wird dargelegt, wie wir mit Ihren personenbezogenen Daten umgehen. The Language Academy ist Teil der UvA Talen B.V.\",\"breadcrumb\":{\"@id\":\"https:\/\/www.thelanguageacademy.nl\/de\/datenschutz-und-cookie-erklaerung\/#breadcrumb\"},\"inLanguage\":\"de\",\"potentialAction\":[{\"@type\":\"ReadAction\",\"target\":[\"https:\/\/www.thelanguageacademy.nl\/de\/datenschutz-und-cookie-erklaerung\/\"]}]},{\"@type\":\"BreadcrumbList\",\"@id\":\"https:\/\/www.thelanguageacademy.nl\/de\/datenschutz-und-cookie-erklaerung\/#breadcrumb\",\"itemListElement\":[{\"@type\":\"ListItem\",\"position\":1,\"name\":\"Home\",\"item\":\"https:\/\/www.thelanguageacademy.nl\/de\/\"},{\"@type\":\"ListItem\",\"position\":2,\"name\":\"Datenschutzerkl\u00e4rung\"}]},{\"@type\":\"WebSite\",\"@id\":\"https:\/\/www.thelanguageacademy.nl\/de\/#website\",\"url\":\"https:\/\/www.thelanguageacademy.nl\/de\/\",\"name\":\"The Language Academy\",\"description\":\"elearning\",\"potentialAction\":[{\"@type\":\"SearchAction\",\"target\":{\"@type\":\"EntryPoint\",\"urlTemplate\":\"https:\/\/www.thelanguageacademy.nl\/de\/?s={search_term_string}\"},\"query-input\":{\"@type\":\"PropertyValueSpecification\",\"valueRequired\":true,\"valueName\":\"search_term_string\"}}],\"inLanguage\":\"de\"}]}<\/script>\n<!-- \/ Yoast SEO plugin. -->","yoast_head_json":{"title":"Datenschutzerkl\u00e4rung - The Language Academy","description":"In dieser Datenschutz- und Cookie-Erkl\u00e4rung wird dargelegt, wie wir mit Ihren personenbezogenen Daten umgehen. The Language Academy ist Teil der UvA Talen B.V.","robots":{"index":"index","follow":"follow","max-snippet":"max-snippet:-1","max-image-preview":"max-image-preview:large","max-video-preview":"max-video-preview:-1"},"canonical":"https:\/\/www.thelanguageacademy.nl\/de\/datenschutz-und-cookie-erklaerung\/","og_locale":"de_DE","og_type":"article","og_title":"Datenschutzerkl\u00e4rung - The Language Academy","og_description":"In dieser Datenschutz- und Cookie-Erkl\u00e4rung wird dargelegt, wie wir mit Ihren personenbezogenen Daten umgehen. The Language Academy ist Teil der UvA Talen B.V.","og_url":"https:\/\/www.thelanguageacademy.nl\/de\/datenschutz-und-cookie-erklaerung\/","og_site_name":"The Language Academy","article_modified_time":"2022-08-23T07:57:14+00:00","twitter_card":"summary_large_image","twitter_misc":{"Gesch\u00e4tzte Lesezeit":"4\u00a0Minuten"},"schema":{"@context":"https:\/\/schema.org","@graph":[{"@type":"WebPage","@id":"https:\/\/www.thelanguageacademy.nl\/de\/datenschutz-und-cookie-erklaerung\/","url":"https:\/\/www.thelanguageacademy.nl\/de\/datenschutz-und-cookie-erklaerung\/","name":"Datenschutzerkl\u00e4rung - The Language Academy","isPartOf":{"@id":"https:\/\/www.thelanguageacademy.nl\/de\/#website"},"datePublished":"2021-07-05T15:02:26+00:00","dateModified":"2022-08-23T07:57:14+00:00","description":"In dieser Datenschutz- und Cookie-Erkl\u00e4rung wird dargelegt, wie wir mit Ihren personenbezogenen Daten umgehen. The Language Academy ist Teil der UvA Talen B.V.","breadcrumb":{"@id":"https:\/\/www.thelanguageacademy.nl\/de\/datenschutz-und-cookie-erklaerung\/#breadcrumb"},"inLanguage":"de","potentialAction":[{"@type":"ReadAction","target":["https:\/\/www.thelanguageacademy.nl\/de\/datenschutz-und-cookie-erklaerung\/"]}]},{"@type":"BreadcrumbList","@id":"https:\/\/www.thelanguageacademy.nl\/de\/datenschutz-und-cookie-erklaerung\/#breadcrumb","itemListElement":[{"@type":"ListItem","position":1,"name":"Home","item":"https:\/\/www.thelanguageacademy.nl\/de\/"},{"@type":"ListItem","position":2,"name":"Datenschutzerkl\u00e4rung"}]},{"@type":"WebSite","@id":"https:\/\/www.thelanguageacademy.nl\/de\/#website","url":"https:\/\/www.thelanguageacademy.nl\/de\/","name":"The Language Academy","description":"elearning","potentialAction":[{"@type":"SearchAction","target":{"@type":"EntryPoint","urlTemplate":"https:\/\/www.thelanguageacademy.nl\/de\/?s={search_term_string}"},"query-input":{"@type":"PropertyValueSpecification","valueRequired":true,"valueName":"search_term_string"}}],"inLanguage":"de"}]}},"_links":{"self":[{"href":"https:\/\/www.thelanguageacademy.nl\/de\/wp-json\/wp\/v2\/pages\/2815","targetHints":{"allow":["GET"]}}],"collection":[{"href":"https:\/\/www.thelanguageacademy.nl\/de\/wp-json\/wp\/v2\/pages"}],"about":[{"href":"https:\/\/www.thelanguageacademy.nl\/de\/wp-json\/wp\/v2\/types\/page"}],"author":[{"embeddable":true,"href":"https:\/\/www.thelanguageacademy.nl\/de\/wp-json\/wp\/v2\/users\/4"}],"replies":[{"embeddable":true,"href":"https:\/\/www.thelanguageacademy.nl\/de\/wp-json\/wp\/v2\/comments?post=2815"}],"version-history":[{"count":10,"href":"https:\/\/www.thelanguageacademy.nl\/de\/wp-json\/wp\/v2\/pages\/2815\/revisions"}],"predecessor-version":[{"id":3787,"href":"https:\/\/www.thelanguageacademy.nl\/de\/wp-json\/wp\/v2\/pages\/2815\/revisions\/3787"}],"wp:attachment":[{"href":"https:\/\/www.thelanguageacademy.nl\/de\/wp-json\/wp\/v2\/media?parent=2815"}],"curies":[{"name":"wp","href":"https:\/\/api.w.org\/{rel}","templated":true}]}}