{"id":3929,"date":"2022-10-13T13:38:59","date_gmt":"2022-10-13T11:38:59","guid":{"rendered":"https:\/\/www.thelanguageacademy.nl\/?page_id=3929"},"modified":"2022-10-13T14:49:09","modified_gmt":"2022-10-13T12:49:09","slug":"konversationsstunden-franzoesisch","status":"publish","type":"page","link":"https:\/\/www.thelanguageacademy.nl\/de\/konversationsstunden-franzoesisch\/","title":{"rendered":"Konversationsstunden Franz\u00f6sisch"},"content":{"rendered":"<p><span style=\"color: #800000;\"><strong>Kombinieren Sie die Vorteile des eigenst\u00e4ndigen Lernens mit Online-Konversationsstunden Franz\u00f6sisch bei einem erfahrenen Sprachlehrer von<a style=\"color: #800000;\" href=\"https:\/\/www.thelanguageacademy.nl\/de\/ueber-language-academy\/\"> UvA\u00a0Talen<\/a>. Die W\u00f6rter und S\u00e4tze, die Sie w\u00e4hrend des E-Learning-Kurses Franz\u00f6sisch lernen, \u00fcben Sie dann live mit einem Lehrer.<\/strong><\/span><\/p>\n<p><strong>E-Learning-Kurs Franz\u00f6sisch<br \/>\n<\/strong>In elf aufeinander aufbauenden Lektionen durchlaufen Sie Ihren E-Learning-Kurs Franz\u00f6sisch: in Ihrem eigenen Tempo, wo und wann Sie wollen. Sie lernen neue W\u00f6rter und Grammatik und trainieren Ihre Lese- und Schreibkompetenz und die Aussprache von W\u00f6rtern und Lauten. Dar\u00fcber hinaus \u00fcben Sie die Bildung von S\u00e4tzen.<\/p>\n<p><strong>In Kombination mit ma\u00dfgeschneiderten Konversationsstunden Franz\u00f6sisch<\/strong><br \/>\nIn einer Eins-zu-Eins-Konversationsstunde k\u00f6nnen Sie Ihre Sprechfertigkeit ausgiebig trainieren. Bei den Anf\u00e4ngerkursen wird in den Einzelstunden Franz\u00f6sisch schwerpunktm\u00e4\u00dfig die Aussprache von Lauten und W\u00f6rtern ge\u00fcbt. Sie lernen einfache S\u00e4tze auszusprechen und einfache Fragen zu beantworten. Sie k\u00f6nnen zum Beispiel \u00fcben, wie man sich vorstellt, wie man in einem Restaurant Essen bestellt oder wie man etwas \u00fcber seine Arbeit oder Freizeit erz\u00e4hlt.<\/p>\n<p>Ab dem Niveau B1 liegt der Schwerpunkt darauf, ausf\u00fchrlichere Gespr\u00e4che zu \u00fcben. Sie lernen schwierigere Satzkonstruktionen zu verwenden und k\u00f6nnen zum Beispiel ein Telefongespr\u00e4ch oder ein Bewerbungsgespr\u00e4ch simulieren. Sie k\u00f6nnen selber ausw\u00e4hlen, was genau Sie w\u00e4hrend der Online-Einzelstunden Franz\u00f6sisch \u00fcben m\u00f6chten. Der Lehrer steht f\u00fcr Sie bereit und gestaltet die Stunden nach Ihren W\u00fcnschen.<\/p>\n<p><strong>5 oder 10 Konversationsstunden Franz\u00f6sisch<\/strong><br \/>\nW\u00e4hlen Sie aus einem Paket von 5 oder 10 Einzelstunden Franz\u00f6sisch in Kombination mit einem sechs- bis zw\u00f6lfmonatigen E-Learning-Kurs. Die Unterrichtseinheiten dauern 60\u00a0Minuten und finden auf einer digitalen Plattform statt (wird in Absprache festgelegt).<\/p>\n<p><strong>Flexible Terminwahl<br \/>\n<\/strong>Die Termine f\u00fcr die Konversationsstunden Franz\u00f6sisch legen wir in Absprache mit Ihnen und dem Lehrer fest. Die Stunden k\u00f6nnen \u00fcber die gesamte Laufzeit Ihres Franz\u00f6sischkurses (6 oder 12 Monate) stattfinden.<\/p>\n<p><strong>Anmeldung<\/strong><br \/>\nKlicken Sie hier auf den Franz\u00f6sischkurs, der Ihnen zusagt, und melden Sie sich gleich an! Sie sind sich nicht sicher, welches Sprachniveau Sie haben? Auf jeder Kursseite gibt es einen Link zu einer Demoversion des jeweiligen Kurses.<\/p>\n<p><strong>Fragen?<br \/>\n<\/strong>Sie haben Fragen? Bitte setzen Sie sich f\u00fcr <a href=\"https:\/\/www.thelanguageacademy.nl\/de\/kontakt\/kontaktformular\/\">weitere Informationen<\/a> mit uns in Verbindung.<\/p>\n<p>&nbsp;<\/p>\n","protected":false},"excerpt":{"rendered":"<p>Kombinieren Sie die Vorteile des eigenst\u00e4ndigen Lernens mit Online-Konversationsstunden Franz\u00f6sisch bei einem erfahrenen Sprachlehrer von UvA\u00a0Talen. Die W\u00f6rter und S\u00e4tze, die Sie w\u00e4hrend des E-Learning-Kurses Franz\u00f6sisch lernen, \u00fcben Sie dann live mit einem Lehrer. E-Learning-Kurs Franz\u00f6sisch In elf aufeinander aufbauenden Lektionen durchlaufen Sie Ihren E-Learning-Kurs Franz\u00f6sisch: in Ihrem eigenen Tempo, wo und wann Sie wollen. [&hellip;]<\/p>\n","protected":false},"author":4,"featured_media":3060,"parent":0,"menu_order":0,"comment_status":"closed","ping_status":"closed","template":"template-online-teacher-fr.php","meta":{"_acf_changed":false,"footnotes":""},"class_list":["post-3929","page","type-page","status-publish","has-post-thumbnail","hentry"],"acf":[],"yoast_head":"<!-- This site is optimized with the Yoast SEO plugin v25.4 - https:\/\/yoast.com\/wordpress\/plugins\/seo\/ -->\n<title>Konversationsstunden Franz\u00f6sisch - The Language Academy<\/title>\n<meta name=\"description\" content=\"Kombinieren Sie Ihren E-Learning-Kurs Franz\u00f6sisch mit Konversationsstunden bei einem erfahrenen Lehrer. Sie bestimmen Tempo und Inhalt der Einzelstunden.\" \/>\n<meta name=\"robots\" content=\"index, follow, max-snippet:-1, max-image-preview:large, max-video-preview:-1\" \/>\n<link rel=\"canonical\" href=\"https:\/\/www.thelanguageacademy.nl\/de\/konversationsstunden-franzoesisch\/\" \/>\n<meta property=\"og:locale\" content=\"de_DE\" \/>\n<meta property=\"og:type\" content=\"article\" \/>\n<meta property=\"og:title\" content=\"Konversationsstunden Franz\u00f6sisch - The Language Academy\" \/>\n<meta property=\"og:description\" content=\"Kombinieren Sie Ihren E-Learning-Kurs Franz\u00f6sisch mit Konversationsstunden bei einem erfahrenen Lehrer. Sie bestimmen Tempo und Inhalt der Einzelstunden.\" \/>\n<meta property=\"og:url\" content=\"https:\/\/www.thelanguageacademy.nl\/de\/konversationsstunden-franzoesisch\/\" \/>\n<meta property=\"og:site_name\" content=\"The Language Academy\" \/>\n<meta property=\"article:modified_time\" content=\"2022-10-13T12:49:09+00:00\" \/>\n<meta property=\"og:image\" content=\"https:\/\/www.thelanguageacademy.nl\/wp-content\/uploads\/2022\/02\/maria-lena-balkon-02-aangepast-OT-2-scaled.jpg\" \/>\n\t<meta property=\"og:image:width\" content=\"2560\" \/>\n\t<meta property=\"og:image:height\" content=\"1137\" \/>\n\t<meta property=\"og:image:type\" content=\"image\/jpeg\" \/>\n<meta name=\"twitter:card\" content=\"summary_large_image\" \/>\n<meta name=\"twitter:label1\" content=\"Gesch\u00e4tzte Lesezeit\" \/>\n\t<meta name=\"twitter:data1\" content=\"2\u00a0Minuten\" \/>\n<script type=\"application\/ld+json\" class=\"yoast-schema-graph\">{\"@context\":\"https:\/\/schema.org\",\"@graph\":[{\"@type\":\"WebPage\",\"@id\":\"https:\/\/www.thelanguageacademy.nl\/de\/konversationsstunden-franzoesisch\/\",\"url\":\"https:\/\/www.thelanguageacademy.nl\/de\/konversationsstunden-franzoesisch\/\",\"name\":\"Konversationsstunden Franz\u00f6sisch - The Language Academy\",\"isPartOf\":{\"@id\":\"https:\/\/www.thelanguageacademy.nl\/de\/#website\"},\"primaryImageOfPage\":{\"@id\":\"https:\/\/www.thelanguageacademy.nl\/de\/konversationsstunden-franzoesisch\/#primaryimage\"},\"image\":{\"@id\":\"https:\/\/www.thelanguageacademy.nl\/de\/konversationsstunden-franzoesisch\/#primaryimage\"},\"thumbnailUrl\":\"https:\/\/www.thelanguageacademy.nl\/wp-content\/uploads\/2022\/02\/maria-lena-balkon-02-aangepast-OT-2-scaled.jpg\",\"datePublished\":\"2022-10-13T11:38:59+00:00\",\"dateModified\":\"2022-10-13T12:49:09+00:00\",\"description\":\"Kombinieren Sie Ihren E-Learning-Kurs Franz\u00f6sisch mit Konversationsstunden bei einem erfahrenen Lehrer. Sie bestimmen Tempo und Inhalt der Einzelstunden.\",\"breadcrumb\":{\"@id\":\"https:\/\/www.thelanguageacademy.nl\/de\/konversationsstunden-franzoesisch\/#breadcrumb\"},\"inLanguage\":\"de\",\"potentialAction\":[{\"@type\":\"ReadAction\",\"target\":[\"https:\/\/www.thelanguageacademy.nl\/de\/konversationsstunden-franzoesisch\/\"]}]},{\"@type\":\"ImageObject\",\"inLanguage\":\"de\",\"@id\":\"https:\/\/www.thelanguageacademy.nl\/de\/konversationsstunden-franzoesisch\/#primaryimage\",\"url\":\"https:\/\/www.thelanguageacademy.nl\/wp-content\/uploads\/2022\/02\/maria-lena-balkon-02-aangepast-OT-2-scaled.jpg\",\"contentUrl\":\"https:\/\/www.thelanguageacademy.nl\/wp-content\/uploads\/2022\/02\/maria-lena-balkon-02-aangepast-OT-2-scaled.jpg\",\"width\":2560,\"height\":1137,\"caption\":\"Combineer de voordelen van zelfstandig leren met online conversatielessen Nederlands van ervaren taaldocenten.\"},{\"@type\":\"BreadcrumbList\",\"@id\":\"https:\/\/www.thelanguageacademy.nl\/de\/konversationsstunden-franzoesisch\/#breadcrumb\",\"itemListElement\":[{\"@type\":\"ListItem\",\"position\":1,\"name\":\"Home\",\"item\":\"https:\/\/www.thelanguageacademy.nl\/de\/\"},{\"@type\":\"ListItem\",\"position\":2,\"name\":\"Konversationsstunden Franz\u00f6sisch\"}]},{\"@type\":\"WebSite\",\"@id\":\"https:\/\/www.thelanguageacademy.nl\/de\/#website\",\"url\":\"https:\/\/www.thelanguageacademy.nl\/de\/\",\"name\":\"The Language Academy\",\"description\":\"elearning\",\"potentialAction\":[{\"@type\":\"SearchAction\",\"target\":{\"@type\":\"EntryPoint\",\"urlTemplate\":\"https:\/\/www.thelanguageacademy.nl\/de\/?s={search_term_string}\"},\"query-input\":{\"@type\":\"PropertyValueSpecification\",\"valueRequired\":true,\"valueName\":\"search_term_string\"}}],\"inLanguage\":\"de\"}]}<\/script>\n<!-- \/ Yoast SEO plugin. -->","yoast_head_json":{"title":"Konversationsstunden Franz\u00f6sisch - The Language Academy","description":"Kombinieren Sie Ihren E-Learning-Kurs Franz\u00f6sisch mit Konversationsstunden bei einem erfahrenen Lehrer. Sie bestimmen Tempo und Inhalt der Einzelstunden.","robots":{"index":"index","follow":"follow","max-snippet":"max-snippet:-1","max-image-preview":"max-image-preview:large","max-video-preview":"max-video-preview:-1"},"canonical":"https:\/\/www.thelanguageacademy.nl\/de\/konversationsstunden-franzoesisch\/","og_locale":"de_DE","og_type":"article","og_title":"Konversationsstunden Franz\u00f6sisch - The Language Academy","og_description":"Kombinieren Sie Ihren E-Learning-Kurs Franz\u00f6sisch mit Konversationsstunden bei einem erfahrenen Lehrer. Sie bestimmen Tempo und Inhalt der Einzelstunden.","og_url":"https:\/\/www.thelanguageacademy.nl\/de\/konversationsstunden-franzoesisch\/","og_site_name":"The Language Academy","article_modified_time":"2022-10-13T12:49:09+00:00","og_image":[{"width":2560,"height":1137,"url":"https:\/\/www.thelanguageacademy.nl\/wp-content\/uploads\/2022\/02\/maria-lena-balkon-02-aangepast-OT-2-scaled.jpg","type":"image\/jpeg"}],"twitter_card":"summary_large_image","twitter_misc":{"Gesch\u00e4tzte Lesezeit":"2\u00a0Minuten"},"schema":{"@context":"https:\/\/schema.org","@graph":[{"@type":"WebPage","@id":"https:\/\/www.thelanguageacademy.nl\/de\/konversationsstunden-franzoesisch\/","url":"https:\/\/www.thelanguageacademy.nl\/de\/konversationsstunden-franzoesisch\/","name":"Konversationsstunden Franz\u00f6sisch - The Language Academy","isPartOf":{"@id":"https:\/\/www.thelanguageacademy.nl\/de\/#website"},"primaryImageOfPage":{"@id":"https:\/\/www.thelanguageacademy.nl\/de\/konversationsstunden-franzoesisch\/#primaryimage"},"image":{"@id":"https:\/\/www.thelanguageacademy.nl\/de\/konversationsstunden-franzoesisch\/#primaryimage"},"thumbnailUrl":"https:\/\/www.thelanguageacademy.nl\/wp-content\/uploads\/2022\/02\/maria-lena-balkon-02-aangepast-OT-2-scaled.jpg","datePublished":"2022-10-13T11:38:59+00:00","dateModified":"2022-10-13T12:49:09+00:00","description":"Kombinieren Sie Ihren E-Learning-Kurs Franz\u00f6sisch mit Konversationsstunden bei einem erfahrenen Lehrer. Sie bestimmen Tempo und Inhalt der Einzelstunden.","breadcrumb":{"@id":"https:\/\/www.thelanguageacademy.nl\/de\/konversationsstunden-franzoesisch\/#breadcrumb"},"inLanguage":"de","potentialAction":[{"@type":"ReadAction","target":["https:\/\/www.thelanguageacademy.nl\/de\/konversationsstunden-franzoesisch\/"]}]},{"@type":"ImageObject","inLanguage":"de","@id":"https:\/\/www.thelanguageacademy.nl\/de\/konversationsstunden-franzoesisch\/#primaryimage","url":"https:\/\/www.thelanguageacademy.nl\/wp-content\/uploads\/2022\/02\/maria-lena-balkon-02-aangepast-OT-2-scaled.jpg","contentUrl":"https:\/\/www.thelanguageacademy.nl\/wp-content\/uploads\/2022\/02\/maria-lena-balkon-02-aangepast-OT-2-scaled.jpg","width":2560,"height":1137,"caption":"Combineer de voordelen van zelfstandig leren met online conversatielessen Nederlands van ervaren taaldocenten."},{"@type":"BreadcrumbList","@id":"https:\/\/www.thelanguageacademy.nl\/de\/konversationsstunden-franzoesisch\/#breadcrumb","itemListElement":[{"@type":"ListItem","position":1,"name":"Home","item":"https:\/\/www.thelanguageacademy.nl\/de\/"},{"@type":"ListItem","position":2,"name":"Konversationsstunden Franz\u00f6sisch"}]},{"@type":"WebSite","@id":"https:\/\/www.thelanguageacademy.nl\/de\/#website","url":"https:\/\/www.thelanguageacademy.nl\/de\/","name":"The Language Academy","description":"elearning","potentialAction":[{"@type":"SearchAction","target":{"@type":"EntryPoint","urlTemplate":"https:\/\/www.thelanguageacademy.nl\/de\/?s={search_term_string}"},"query-input":{"@type":"PropertyValueSpecification","valueRequired":true,"valueName":"search_term_string"}}],"inLanguage":"de"}]}},"_links":{"self":[{"href":"https:\/\/www.thelanguageacademy.nl\/de\/wp-json\/wp\/v2\/pages\/3929","targetHints":{"allow":["GET"]}}],"collection":[{"href":"https:\/\/www.thelanguageacademy.nl\/de\/wp-json\/wp\/v2\/pages"}],"about":[{"href":"https:\/\/www.thelanguageacademy.nl\/de\/wp-json\/wp\/v2\/types\/page"}],"author":[{"embeddable":true,"href":"https:\/\/www.thelanguageacademy.nl\/de\/wp-json\/wp\/v2\/users\/4"}],"replies":[{"embeddable":true,"href":"https:\/\/www.thelanguageacademy.nl\/de\/wp-json\/wp\/v2\/comments?post=3929"}],"version-history":[{"count":5,"href":"https:\/\/www.thelanguageacademy.nl\/de\/wp-json\/wp\/v2\/pages\/3929\/revisions"}],"predecessor-version":[{"id":4132,"href":"https:\/\/www.thelanguageacademy.nl\/de\/wp-json\/wp\/v2\/pages\/3929\/revisions\/4132"}],"wp:featuredmedia":[{"embeddable":true,"href":"https:\/\/www.thelanguageacademy.nl\/de\/wp-json\/wp\/v2\/media\/3060"}],"wp:attachment":[{"href":"https:\/\/www.thelanguageacademy.nl\/de\/wp-json\/wp\/v2\/media?parent=3929"}],"curies":[{"name":"wp","href":"https:\/\/api.w.org\/{rel}","templated":true}]}}