{"id":867,"date":"2018-05-24T11:56:18","date_gmt":"2018-05-24T09:56:18","guid":{"rendered":"https:\/\/www.thelanguageacademy.nl\/?page_id=867"},"modified":"2021-06-16T14:54:49","modified_gmt":"2021-06-16T12:54:49","slug":"kontakt","status":"publish","type":"page","link":"https:\/\/www.thelanguageacademy.nl\/de\/kontakt\/","title":{"rendered":"Kontakt"},"content":{"rendered":"<p>Sie haben eine Frage zu unseren Sprachkursen?\u00a0<a href=\"https:\/\/www.thelanguageacademy.nl\/de\/kontakt\/faqs\/\">Suchen Sie in unseren FAQs<\/a>. K\u00f6nnen Sie keine passende Antwort auf Ihre Frage finden? <a href=\"https:\/\/www.thelanguageacademy.nl\/de\/kontakt\/kontaktformular\/\">Schicken Sie uns einfach eine E-Mail<\/a>.<\/p>\n<p>Unser B\u00fcro ist von Montag bis Freitag ge\u00f6ffnet. Wir beantworten Ihre E-Mail so schnell wie m\u00f6glich (meist innerhalb von drei Werktagen).<\/p>\n","protected":false},"excerpt":{"rendered":"<p>Sie haben eine Frage zu unseren Sprachkursen?\u00a0Suchen Sie in unseren FAQs. K\u00f6nnen Sie keine passende Antwort auf Ihre Frage finden? Schicken Sie uns einfach eine E-Mail. Unser B\u00fcro ist von Montag bis Freitag ge\u00f6ffnet. Wir beantworten Ihre E-Mail so schnell wie m\u00f6glich (meist innerhalb von drei Werktagen).<\/p>\n","protected":false},"author":4,"featured_media":0,"parent":0,"menu_order":0,"comment_status":"closed","ping_status":"closed","template":"","meta":{"_acf_changed":false,"footnotes":""},"class_list":["post-867","page","type-page","status-publish","hentry"],"acf":[],"yoast_head":"<!-- This site is optimized with the Yoast SEO plugin v25.4 - https:\/\/yoast.com\/wordpress\/plugins\/seo\/ -->\n<title>Kontakt - The Language Academy<\/title>\n<meta name=\"description\" content=\"Online eine neue Sprache lernen? Dann sind Sie bei The Language Academy genau richtig! Mit unsere Sprachkursen lernen Sie auf dynamische Weise eine Sprache.\" \/>\n<meta name=\"robots\" content=\"index, follow, max-snippet:-1, max-image-preview:large, max-video-preview:-1\" \/>\n<link rel=\"canonical\" href=\"https:\/\/www.thelanguageacademy.nl\/de\/kontakt\/\" \/>\n<meta property=\"og:locale\" content=\"de_DE\" \/>\n<meta property=\"og:type\" content=\"article\" \/>\n<meta property=\"og:title\" content=\"Kontakt - The Language Academy\" \/>\n<meta property=\"og:description\" content=\"Online eine neue Sprache lernen? Dann sind Sie bei The Language Academy genau richtig! Mit unsere Sprachkursen lernen Sie auf dynamische Weise eine Sprache.\" \/>\n<meta property=\"og:url\" content=\"https:\/\/www.thelanguageacademy.nl\/de\/kontakt\/\" \/>\n<meta property=\"og:site_name\" content=\"The Language Academy\" \/>\n<meta property=\"article:modified_time\" content=\"2021-06-16T12:54:49+00:00\" \/>\n<meta name=\"twitter:card\" content=\"summary_large_image\" \/>\n<script type=\"application\/ld+json\" class=\"yoast-schema-graph\">{\"@context\":\"https:\/\/schema.org\",\"@graph\":[{\"@type\":\"WebPage\",\"@id\":\"https:\/\/www.thelanguageacademy.nl\/de\/kontakt\/\",\"url\":\"https:\/\/www.thelanguageacademy.nl\/de\/kontakt\/\",\"name\":\"Kontakt - The Language Academy\",\"isPartOf\":{\"@id\":\"https:\/\/www.thelanguageacademy.nl\/de\/#website\"},\"datePublished\":\"2018-05-24T09:56:18+00:00\",\"dateModified\":\"2021-06-16T12:54:49+00:00\",\"description\":\"Online eine neue Sprache lernen? Dann sind Sie bei The Language Academy genau richtig! Mit unsere Sprachkursen lernen Sie auf dynamische Weise eine Sprache.\",\"breadcrumb\":{\"@id\":\"https:\/\/www.thelanguageacademy.nl\/de\/kontakt\/#breadcrumb\"},\"inLanguage\":\"de\",\"potentialAction\":[{\"@type\":\"ReadAction\",\"target\":[\"https:\/\/www.thelanguageacademy.nl\/de\/kontakt\/\"]}]},{\"@type\":\"BreadcrumbList\",\"@id\":\"https:\/\/www.thelanguageacademy.nl\/de\/kontakt\/#breadcrumb\",\"itemListElement\":[{\"@type\":\"ListItem\",\"position\":1,\"name\":\"Home\",\"item\":\"https:\/\/www.thelanguageacademy.nl\/de\/\"},{\"@type\":\"ListItem\",\"position\":2,\"name\":\"Kontakt\"}]},{\"@type\":\"WebSite\",\"@id\":\"https:\/\/www.thelanguageacademy.nl\/de\/#website\",\"url\":\"https:\/\/www.thelanguageacademy.nl\/de\/\",\"name\":\"The Language Academy\",\"description\":\"elearning\",\"potentialAction\":[{\"@type\":\"SearchAction\",\"target\":{\"@type\":\"EntryPoint\",\"urlTemplate\":\"https:\/\/www.thelanguageacademy.nl\/de\/?s={search_term_string}\"},\"query-input\":{\"@type\":\"PropertyValueSpecification\",\"valueRequired\":true,\"valueName\":\"search_term_string\"}}],\"inLanguage\":\"de\"}]}<\/script>\n<!-- \/ Yoast SEO plugin. -->","yoast_head_json":{"title":"Kontakt - The Language Academy","description":"Online eine neue Sprache lernen? Dann sind Sie bei The Language Academy genau richtig! Mit unsere Sprachkursen lernen Sie auf dynamische Weise eine Sprache.","robots":{"index":"index","follow":"follow","max-snippet":"max-snippet:-1","max-image-preview":"max-image-preview:large","max-video-preview":"max-video-preview:-1"},"canonical":"https:\/\/www.thelanguageacademy.nl\/de\/kontakt\/","og_locale":"de_DE","og_type":"article","og_title":"Kontakt - The Language Academy","og_description":"Online eine neue Sprache lernen? Dann sind Sie bei The Language Academy genau richtig! Mit unsere Sprachkursen lernen Sie auf dynamische Weise eine Sprache.","og_url":"https:\/\/www.thelanguageacademy.nl\/de\/kontakt\/","og_site_name":"The Language Academy","article_modified_time":"2021-06-16T12:54:49+00:00","twitter_card":"summary_large_image","schema":{"@context":"https:\/\/schema.org","@graph":[{"@type":"WebPage","@id":"https:\/\/www.thelanguageacademy.nl\/de\/kontakt\/","url":"https:\/\/www.thelanguageacademy.nl\/de\/kontakt\/","name":"Kontakt - The Language Academy","isPartOf":{"@id":"https:\/\/www.thelanguageacademy.nl\/de\/#website"},"datePublished":"2018-05-24T09:56:18+00:00","dateModified":"2021-06-16T12:54:49+00:00","description":"Online eine neue Sprache lernen? Dann sind Sie bei The Language Academy genau richtig! Mit unsere Sprachkursen lernen Sie auf dynamische Weise eine Sprache.","breadcrumb":{"@id":"https:\/\/www.thelanguageacademy.nl\/de\/kontakt\/#breadcrumb"},"inLanguage":"de","potentialAction":[{"@type":"ReadAction","target":["https:\/\/www.thelanguageacademy.nl\/de\/kontakt\/"]}]},{"@type":"BreadcrumbList","@id":"https:\/\/www.thelanguageacademy.nl\/de\/kontakt\/#breadcrumb","itemListElement":[{"@type":"ListItem","position":1,"name":"Home","item":"https:\/\/www.thelanguageacademy.nl\/de\/"},{"@type":"ListItem","position":2,"name":"Kontakt"}]},{"@type":"WebSite","@id":"https:\/\/www.thelanguageacademy.nl\/de\/#website","url":"https:\/\/www.thelanguageacademy.nl\/de\/","name":"The Language Academy","description":"elearning","potentialAction":[{"@type":"SearchAction","target":{"@type":"EntryPoint","urlTemplate":"https:\/\/www.thelanguageacademy.nl\/de\/?s={search_term_string}"},"query-input":{"@type":"PropertyValueSpecification","valueRequired":true,"valueName":"search_term_string"}}],"inLanguage":"de"}]}},"_links":{"self":[{"href":"https:\/\/www.thelanguageacademy.nl\/de\/wp-json\/wp\/v2\/pages\/867","targetHints":{"allow":["GET"]}}],"collection":[{"href":"https:\/\/www.thelanguageacademy.nl\/de\/wp-json\/wp\/v2\/pages"}],"about":[{"href":"https:\/\/www.thelanguageacademy.nl\/de\/wp-json\/wp\/v2\/types\/page"}],"author":[{"embeddable":true,"href":"https:\/\/www.thelanguageacademy.nl\/de\/wp-json\/wp\/v2\/users\/4"}],"replies":[{"embeddable":true,"href":"https:\/\/www.thelanguageacademy.nl\/de\/wp-json\/wp\/v2\/comments?post=867"}],"version-history":[{"count":7,"href":"https:\/\/www.thelanguageacademy.nl\/de\/wp-json\/wp\/v2\/pages\/867\/revisions"}],"predecessor-version":[{"id":2164,"href":"https:\/\/www.thelanguageacademy.nl\/de\/wp-json\/wp\/v2\/pages\/867\/revisions\/2164"}],"wp:attachment":[{"href":"https:\/\/www.thelanguageacademy.nl\/de\/wp-json\/wp\/v2\/media?parent=867"}],"curies":[{"name":"wp","href":"https:\/\/api.w.org\/{rel}","templated":true}]}}