{"id":1125,"date":"2018-07-20T23:14:59","date_gmt":"2018-07-20T21:14:59","guid":{"rendered":"https:\/\/www.thelanguageacademy.nl\/?page_id=1125"},"modified":"2018-07-25T11:23:44","modified_gmt":"2018-07-25T09:23:44","slug":"pruebalo-gratis","status":"publish","type":"page","link":"https:\/\/www.thelanguageacademy.nl\/es\/pruebalo-gratis\/","title":{"rendered":"Demo gratuita"},"content":{"rendered":"<p><strong>Descubre nuestros cursos de idiomas online: prueba ahora la demo gratuita. <\/strong><\/p>\n<p>Descubre por qu\u00e9 The Language Academy es la mejor opci\u00f3n para ti. Prueba el curso que elijas aqu\u00ed, \u00a1es gratis!<\/p>\n<p>Cada curso incluye una prueba gratuita que contiene la primera lecci\u00f3n completa, incluidas todas las funciones:<\/p>\n<ul>\n<li>Ve el video de introducci\u00f3n y experimenta la din\u00e1mica situaci\u00f3n que estructura la lecci\u00f3n.<\/li>\n<li>Disfruta de un acceso completo a todos los ejercicios de vocabulario y gram\u00e1tica, discursos y di\u00e1logos.<\/li>\n<li>Pon a prueba tus conocimientos con el ejercicio final.<\/li>\n<\/ul>\n<p>Elije el curso que prefieras para comenzar tu prueba gratuita y pon en pr\u00e1ctica ese idioma de inmediato.<\/p>\n","protected":false},"excerpt":{"rendered":"<p>Descubre nuestros cursos de idiomas online: prueba ahora la demo gratuita. Descubre por qu\u00e9 The Language Academy es la mejor opci\u00f3n para ti. Prueba el curso que elijas aqu\u00ed, \u00a1es gratis! Cada curso incluye una prueba gratuita que contiene la primera lecci\u00f3n completa, incluidas todas las funciones: Ve el video de introducci\u00f3n y experimenta la [&hellip;]<\/p>\n","protected":false},"author":1,"featured_media":639,"parent":0,"menu_order":0,"comment_status":"closed","ping_status":"closed","template":"template-demopage.php","meta":{"_acf_changed":false,"footnotes":""},"class_list":["post-1125","page","type-page","status-publish","has-post-thumbnail","hentry"],"acf":[],"yoast_head":"<!-- This site is optimized with the Yoast SEO plugin v25.4 - https:\/\/yoast.com\/wordpress\/plugins\/seo\/ -->\n<title>Demo gratuita - cursos de idiomas - The Language Academy<\/title>\n<meta name=\"description\" content=\"Descubre nuestros cursos de idiomas online: prueba ahora la demo gratuita. Descubre por qu\u00e9 The Language Academy es la mejor opci\u00f3n para ti. Prueba el curso que elijas aqu\u00ed, \u00a1es gratis!\" \/>\n<meta name=\"robots\" content=\"index, follow, max-snippet:-1, max-image-preview:large, max-video-preview:-1\" \/>\n<link rel=\"canonical\" href=\"https:\/\/www.thelanguageacademy.nl\/es\/pruebalo-gratis\/\" \/>\n<meta property=\"og:locale\" content=\"es_ES\" \/>\n<meta property=\"og:type\" content=\"article\" \/>\n<meta property=\"og:title\" content=\"Demo gratuita - cursos de idiomas - The Language Academy\" \/>\n<meta property=\"og:description\" content=\"Descubre nuestros cursos de idiomas online: prueba ahora la demo gratuita. Descubre por qu\u00e9 The Language Academy es la mejor opci\u00f3n para ti. Prueba el curso que elijas aqu\u00ed, \u00a1es gratis!\" \/>\n<meta property=\"og:url\" content=\"https:\/\/www.thelanguageacademy.nl\/es\/pruebalo-gratis\/\" \/>\n<meta property=\"og:site_name\" content=\"The Language Academy\" \/>\n<meta property=\"article:modified_time\" content=\"2018-07-25T09:23:44+00:00\" \/>\n<meta property=\"og:image\" content=\"https:\/\/www.thelanguageacademy.nl\/wp-content\/uploads\/2018\/03\/Anna.fietst.jpg\" \/>\n\t<meta property=\"og:image:width\" content=\"4800\" \/>\n\t<meta property=\"og:image:height\" content=\"2700\" \/>\n\t<meta property=\"og:image:type\" content=\"image\/jpeg\" \/>\n<meta name=\"twitter:card\" content=\"summary_large_image\" \/>\n<meta name=\"twitter:label1\" content=\"Tiempo de lectura\" \/>\n\t<meta name=\"twitter:data1\" content=\"1 minuto\" \/>\n<script type=\"application\/ld+json\" class=\"yoast-schema-graph\">{\"@context\":\"https:\/\/schema.org\",\"@graph\":[{\"@type\":\"WebPage\",\"@id\":\"https:\/\/www.thelanguageacademy.nl\/es\/pruebalo-gratis\/\",\"url\":\"https:\/\/www.thelanguageacademy.nl\/es\/pruebalo-gratis\/\",\"name\":\"Demo gratuita - cursos de idiomas - The Language Academy\",\"isPartOf\":{\"@id\":\"https:\/\/www.thelanguageacademy.nl\/es\/#website\"},\"primaryImageOfPage\":{\"@id\":\"https:\/\/www.thelanguageacademy.nl\/es\/pruebalo-gratis\/#primaryimage\"},\"image\":{\"@id\":\"https:\/\/www.thelanguageacademy.nl\/es\/pruebalo-gratis\/#primaryimage\"},\"thumbnailUrl\":\"https:\/\/www.thelanguageacademy.nl\/wp-content\/uploads\/2018\/03\/Anna.fietst.jpg\",\"datePublished\":\"2018-07-20T21:14:59+00:00\",\"dateModified\":\"2018-07-25T09:23:44+00:00\",\"description\":\"Descubre nuestros cursos de idiomas online: prueba ahora la demo gratuita. Descubre por qu\u00e9 The Language Academy es la mejor opci\u00f3n para ti. Prueba el curso que elijas aqu\u00ed, \u00a1es gratis!\",\"breadcrumb\":{\"@id\":\"https:\/\/www.thelanguageacademy.nl\/es\/pruebalo-gratis\/#breadcrumb\"},\"inLanguage\":\"es\",\"potentialAction\":[{\"@type\":\"ReadAction\",\"target\":[\"https:\/\/www.thelanguageacademy.nl\/es\/pruebalo-gratis\/\"]}]},{\"@type\":\"ImageObject\",\"inLanguage\":\"es\",\"@id\":\"https:\/\/www.thelanguageacademy.nl\/es\/pruebalo-gratis\/#primaryimage\",\"url\":\"https:\/\/www.thelanguageacademy.nl\/wp-content\/uploads\/2018\/03\/Anna.fietst.jpg\",\"contentUrl\":\"https:\/\/www.thelanguageacademy.nl\/wp-content\/uploads\/2018\/03\/Anna.fietst.jpg\",\"width\":4800,\"height\":2700},{\"@type\":\"BreadcrumbList\",\"@id\":\"https:\/\/www.thelanguageacademy.nl\/es\/pruebalo-gratis\/#breadcrumb\",\"itemListElement\":[{\"@type\":\"ListItem\",\"position\":1,\"name\":\"Home\",\"item\":\"https:\/\/www.thelanguageacademy.nl\/es\/\"},{\"@type\":\"ListItem\",\"position\":2,\"name\":\"Demo gratuita\"}]},{\"@type\":\"WebSite\",\"@id\":\"https:\/\/www.thelanguageacademy.nl\/es\/#website\",\"url\":\"https:\/\/www.thelanguageacademy.nl\/es\/\",\"name\":\"The Language Academy\",\"description\":\"elearning\",\"potentialAction\":[{\"@type\":\"SearchAction\",\"target\":{\"@type\":\"EntryPoint\",\"urlTemplate\":\"https:\/\/www.thelanguageacademy.nl\/es\/?s={search_term_string}\"},\"query-input\":{\"@type\":\"PropertyValueSpecification\",\"valueRequired\":true,\"valueName\":\"search_term_string\"}}],\"inLanguage\":\"es\"}]}<\/script>\n<!-- \/ Yoast SEO plugin. -->","yoast_head_json":{"title":"Demo gratuita - cursos de idiomas - The Language Academy","description":"Descubre nuestros cursos de idiomas online: prueba ahora la demo gratuita. Descubre por qu\u00e9 The Language Academy es la mejor opci\u00f3n para ti. Prueba el curso que elijas aqu\u00ed, \u00a1es gratis!","robots":{"index":"index","follow":"follow","max-snippet":"max-snippet:-1","max-image-preview":"max-image-preview:large","max-video-preview":"max-video-preview:-1"},"canonical":"https:\/\/www.thelanguageacademy.nl\/es\/pruebalo-gratis\/","og_locale":"es_ES","og_type":"article","og_title":"Demo gratuita - cursos de idiomas - The Language Academy","og_description":"Descubre nuestros cursos de idiomas online: prueba ahora la demo gratuita. Descubre por qu\u00e9 The Language Academy es la mejor opci\u00f3n para ti. Prueba el curso que elijas aqu\u00ed, \u00a1es gratis!","og_url":"https:\/\/www.thelanguageacademy.nl\/es\/pruebalo-gratis\/","og_site_name":"The Language Academy","article_modified_time":"2018-07-25T09:23:44+00:00","og_image":[{"width":4800,"height":2700,"url":"https:\/\/www.thelanguageacademy.nl\/wp-content\/uploads\/2018\/03\/Anna.fietst.jpg","type":"image\/jpeg"}],"twitter_card":"summary_large_image","twitter_misc":{"Tiempo de lectura":"1 minuto"},"schema":{"@context":"https:\/\/schema.org","@graph":[{"@type":"WebPage","@id":"https:\/\/www.thelanguageacademy.nl\/es\/pruebalo-gratis\/","url":"https:\/\/www.thelanguageacademy.nl\/es\/pruebalo-gratis\/","name":"Demo gratuita - cursos de idiomas - The Language Academy","isPartOf":{"@id":"https:\/\/www.thelanguageacademy.nl\/es\/#website"},"primaryImageOfPage":{"@id":"https:\/\/www.thelanguageacademy.nl\/es\/pruebalo-gratis\/#primaryimage"},"image":{"@id":"https:\/\/www.thelanguageacademy.nl\/es\/pruebalo-gratis\/#primaryimage"},"thumbnailUrl":"https:\/\/www.thelanguageacademy.nl\/wp-content\/uploads\/2018\/03\/Anna.fietst.jpg","datePublished":"2018-07-20T21:14:59+00:00","dateModified":"2018-07-25T09:23:44+00:00","description":"Descubre nuestros cursos de idiomas online: prueba ahora la demo gratuita. Descubre por qu\u00e9 The Language Academy es la mejor opci\u00f3n para ti. Prueba el curso que elijas aqu\u00ed, \u00a1es gratis!","breadcrumb":{"@id":"https:\/\/www.thelanguageacademy.nl\/es\/pruebalo-gratis\/#breadcrumb"},"inLanguage":"es","potentialAction":[{"@type":"ReadAction","target":["https:\/\/www.thelanguageacademy.nl\/es\/pruebalo-gratis\/"]}]},{"@type":"ImageObject","inLanguage":"es","@id":"https:\/\/www.thelanguageacademy.nl\/es\/pruebalo-gratis\/#primaryimage","url":"https:\/\/www.thelanguageacademy.nl\/wp-content\/uploads\/2018\/03\/Anna.fietst.jpg","contentUrl":"https:\/\/www.thelanguageacademy.nl\/wp-content\/uploads\/2018\/03\/Anna.fietst.jpg","width":4800,"height":2700},{"@type":"BreadcrumbList","@id":"https:\/\/www.thelanguageacademy.nl\/es\/pruebalo-gratis\/#breadcrumb","itemListElement":[{"@type":"ListItem","position":1,"name":"Home","item":"https:\/\/www.thelanguageacademy.nl\/es\/"},{"@type":"ListItem","position":2,"name":"Demo gratuita"}]},{"@type":"WebSite","@id":"https:\/\/www.thelanguageacademy.nl\/es\/#website","url":"https:\/\/www.thelanguageacademy.nl\/es\/","name":"The Language Academy","description":"elearning","potentialAction":[{"@type":"SearchAction","target":{"@type":"EntryPoint","urlTemplate":"https:\/\/www.thelanguageacademy.nl\/es\/?s={search_term_string}"},"query-input":{"@type":"PropertyValueSpecification","valueRequired":true,"valueName":"search_term_string"}}],"inLanguage":"es"}]}},"_links":{"self":[{"href":"https:\/\/www.thelanguageacademy.nl\/es\/wp-json\/wp\/v2\/pages\/1125","targetHints":{"allow":["GET"]}}],"collection":[{"href":"https:\/\/www.thelanguageacademy.nl\/es\/wp-json\/wp\/v2\/pages"}],"about":[{"href":"https:\/\/www.thelanguageacademy.nl\/es\/wp-json\/wp\/v2\/types\/page"}],"author":[{"embeddable":true,"href":"https:\/\/www.thelanguageacademy.nl\/es\/wp-json\/wp\/v2\/users\/1"}],"replies":[{"embeddable":true,"href":"https:\/\/www.thelanguageacademy.nl\/es\/wp-json\/wp\/v2\/comments?post=1125"}],"version-history":[{"count":5,"href":"https:\/\/www.thelanguageacademy.nl\/es\/wp-json\/wp\/v2\/pages\/1125\/revisions"}],"predecessor-version":[{"id":1159,"href":"https:\/\/www.thelanguageacademy.nl\/es\/wp-json\/wp\/v2\/pages\/1125\/revisions\/1159"}],"wp:featuredmedia":[{"embeddable":true,"href":"https:\/\/www.thelanguageacademy.nl\/es\/wp-json\/wp\/v2\/media\/639"}],"wp:attachment":[{"href":"https:\/\/www.thelanguageacademy.nl\/es\/wp-json\/wp\/v2\/media?parent=1125"}],"curies":[{"name":"wp","href":"https:\/\/api.w.org\/{rel}","templated":true}]}}