{"id":2646,"date":"2020-11-17T14:45:58","date_gmt":"2020-11-17T13:45:58","guid":{"rendered":"https:\/\/www.thelanguageacademy.nl\/?page_id=2646"},"modified":"2022-12-12T11:58:42","modified_gmt":"2022-12-12T10:58:42","slug":"cheque-regalo","status":"publish","type":"page","link":"https:\/\/www.thelanguageacademy.nl\/es\/2646-2\/","title":{"rendered":"Cheque regalo"},"content":{"rendered":"<p>\u00a1Regala un curso de idiomas! Ofrecemos cursos de <a href=\"https:\/\/www.thelanguageacademy.nl\/es\/cursos-de-idiomas\/neerlandes\/\">neerland\u00e9s,<\/a> <a href=\"https:\/\/www.thelanguageacademy.nl\/es\/cursos-de-idiomas\/ingles\/\">ingl\u00e9s<\/a>, <a href=\"https:\/\/www.thelanguageacademy.nl\/es\/cursos-de-idiomas\/frances\/\">franc\u00e9s<\/a>, <a href=\"https:\/\/www.thelanguageacademy.nl\/es\/cursos-de-idiomas\/aleman\/\">alem\u00e1n<\/a> y <a href=\"https:\/\/www.thelanguageacademy.nl\/es\/cursos-de-idiomas\/espanol\/\">espa\u00f1ol<\/a>.<\/p>\n<p>Solicita aqu\u00ed tu cheque regalo. El cheque regalo ser\u00e1 enviado al destinatario\/a en el plazo de 3 d\u00edas h\u00e1biles.<\/p>\n<p>&nbsp;<\/p>\n\n<div class=\"wpcf7 no-js\" id=\"wpcf7-f2645-o1\" lang=\"nl-NL\" dir=\"ltr\" data-wpcf7-id=\"2645\">\n<div class=\"screen-reader-response\"><p role=\"status\" aria-live=\"polite\" aria-atomic=\"true\"><\/p> <ul><\/ul><\/div>\n<form action=\"\/es\/wp-json\/wp\/v2\/pages\/2646#wpcf7-f2645-o1\" method=\"post\" class=\"wpcf7-form init\" aria-label=\"Contactformulier\" novalidate=\"novalidate\" data-status=\"init\">\n<fieldset class=\"hidden-fields-container\"><input type=\"hidden\" name=\"_wpcf7\" value=\"2645\" \/><input type=\"hidden\" name=\"_wpcf7_version\" value=\"6.1.4\" \/><input type=\"hidden\" name=\"_wpcf7_locale\" value=\"nl_NL\" \/><input type=\"hidden\" name=\"_wpcf7_unit_tag\" value=\"wpcf7-f2645-o1\" \/><input type=\"hidden\" name=\"_wpcf7_container_post\" value=\"0\" \/><input type=\"hidden\" name=\"_wpcf7_posted_data_hash\" value=\"\" \/><input type=\"hidden\" name=\"_wpcf7_recaptcha_response\" value=\"\" \/>\n<\/fieldset>\n<div class=\"row h_small_margins\">\n\t<div class=\"col-md-4\">\n\t\t<p><strong>Tus datos:<\/strong>\n\t\t<\/p>\n\t<\/div>\n\t<div class=\"col-md-8\">\n\t<\/div>\n<\/div>\n<div class=\"row h_small_margins\">\n\t<div class=\"col-md-4\">\n\t\t<p>Encabezamiento *\n\t\t<\/p>\n\t<\/div>\n\t<div class=\"col-md-8\">\n\t\t<p><span class=\"wpcf7-form-control-wrap\" data-name=\"aanhef\"><select class=\"wpcf7-form-control wpcf7-select wpcf7-validates-as-required\" aria-required=\"true\" aria-invalid=\"false\" name=\"aanhef\"><option value=\"\">&#8212;Kies een optie&#8212;<\/option><option value=\"Sr.\">Sr.<\/option><option value=\"Sra.\">Sra.<\/option><\/select><\/span>\n\t\t<\/p>\n\t<\/div>\n<\/div>\n<div class=\"row h_small_margins\">\n\t<div class=\"col-md-4\">\n\t\t<p>Nombre *\n\t\t<\/p>\n\t<\/div>\n\t<div class=\"col-md-8\">\n\t\t<p><span class=\"wpcf7-form-control-wrap\" data-name=\"voornaam\"><input size=\"40\" maxlength=\"400\" class=\"wpcf7-form-control wpcf7-text wpcf7-validates-as-required\" aria-required=\"true\" aria-invalid=\"false\" value=\"\" type=\"text\" name=\"voornaam\" \/><\/span>\n\t\t<\/p>\n\t<\/div>\n<\/div>\n<div class=\"row h_small_margins\">\n\t<div class=\"col-md-4\">\n\t\t<p>Apellidos *\n\t\t<\/p>\n\t<\/div>\n\t<div class=\"col-md-8\">\n\t\t<p><span class=\"wpcf7-form-control-wrap\" data-name=\"achternaam\"><input size=\"40\" maxlength=\"400\" class=\"wpcf7-form-control wpcf7-text wpcf7-validates-as-required\" aria-required=\"true\" aria-invalid=\"false\" value=\"\" type=\"text\" name=\"achternaam\" \/><\/span>\n\t\t<\/p>\n\t<\/div>\n<\/div>\n<div class=\"row h_small_margins\">\n\t<div class=\"col-md-4\">\n\t\t<p>Correo electr\u00f3nico *\n\t\t<\/p>\n\t<\/div>\n\t<div class=\"col-md-8\">\n\t\t<p><span class=\"wpcf7-form-control-wrap\" data-name=\"email\"><input size=\"40\" maxlength=\"400\" class=\"wpcf7-form-control wpcf7-email wpcf7-validates-as-required wpcf7-text wpcf7-validates-as-email\" aria-required=\"true\" aria-invalid=\"false\" value=\"\" type=\"email\" name=\"email\" \/><\/span>\n\t\t<\/p>\n\t<\/div>\n<\/div>\n<div class=\"row h_small_margins\">\n\t<div class=\"col-md-4\">\n\t\t<p>C\u00f3digo de descuento\n\t\t<\/p>\n\t<\/div>\n\t<div class=\"col-md-8\">\n\t\t<p><span class=\"wpcf7-form-control-wrap\" data-name=\"code\"><input size=\"40\" maxlength=\"400\" class=\"wpcf7-form-control wpcf7-text\" aria-invalid=\"false\" value=\"\" type=\"text\" name=\"code\" \/><\/span>\n\t\t<\/p>\n\t<\/div>\n<\/div>\n<div class=\"row h_small_margins\">\n\t<div class=\"col-md-4\">\n\t\t<p>Observaciones (m\u00e1ximo 150 caracteres)\n\t\t<\/p>\n\t<\/div>\n\t<div class=\"col-md-8\">\n\t\t<p><span class=\"wpcf7-form-control-wrap\" data-name=\"opmerkingen\"><textarea cols=\"38\" rows=\"4\" maxlength=\"150\" class=\"wpcf7-form-control wpcf7-textarea\" aria-invalid=\"false\" name=\"opmerkingen\"><\/textarea><\/span>\n\t\t<\/p>\n\t<\/div>\n<\/div>\n<div class=\"row h_small_margins\">\n\t<div class=\"col-md-4\">\n\t\t<p>&nbsp;\n\t\t<\/p>\n\t<\/div>\n\t<div class=\"col-md-8\">\n\t\t<p>&nbsp;\n\t\t<\/p>\n\t<\/div>\n<\/div>\n<div class=\"row h_small_margins\">\n\t<div class=\"col-md-4\">\n\t\t<p><strong>Datos del regalo:<\/strong>\n\t\t<\/p>\n\t<\/div>\n\t<div class=\"col-md-8\">\n\t<\/div>\n<\/div>\n<div class=\"row h_small_margins\">\n\t<div class=\"col-md-4\">\n\t\t<p>De *\n\t\t<\/p>\n\t<\/div>\n\t<div class=\"col-md-8\">\n\t\t<p><span class=\"wpcf7-form-control-wrap\" data-name=\"van\"><input size=\"40\" maxlength=\"400\" class=\"wpcf7-form-control wpcf7-text wpcf7-validates-as-required\" aria-required=\"true\" aria-invalid=\"false\" value=\"\" type=\"text\" name=\"van\" \/><\/span>\n\t\t<\/p>\n\t<\/div>\n<\/div>\n<div class=\"row h_small_margins\">\n\t<div class=\"col-md-4\">\n\t\t<p>Para*\n\t\t<\/p>\n\t<\/div>\n\t<div class=\"col-md-8\">\n\t\t<p><span class=\"wpcf7-form-control-wrap\" data-name=\"ontvanger\"><input size=\"40\" maxlength=\"400\" class=\"wpcf7-form-control wpcf7-text wpcf7-validates-as-required\" aria-required=\"true\" aria-invalid=\"false\" value=\"\" type=\"text\" name=\"ontvanger\" \/><\/span>\n\t\t<\/p>\n\t<\/div>\n<\/div>\n<div class=\"row h_small_margins\">\n\t<div class=\"col-md-4\">\n\t\t<p>Correo electr\u00f3nico del destinatario\/a *\n\t\t<\/p>\n\t<\/div>\n\t<div class=\"col-md-8\">\n\t\t<p><span class=\"wpcf7-form-control-wrap\" data-name=\"email-ontvanger\"><input size=\"40\" maxlength=\"400\" class=\"wpcf7-form-control wpcf7-email wpcf7-validates-as-required wpcf7-text wpcf7-validates-as-email\" aria-required=\"true\" aria-invalid=\"false\" value=\"\" type=\"email\" name=\"email-ontvanger\" \/><\/span>\n\t\t<\/p>\n\t<\/div>\n<\/div>\n<div class=\"row h_small_margins\">\n\t<div class=\"col-md-4\">\n\t\t<p>Mensaje personal (m\u00e1ximo 150 caracteres))\n\t\t<\/p>\n\t<\/div>\n\t<div class=\"col-md-8\">\n\t\t<p><span class=\"wpcf7-form-control-wrap\" data-name=\"boodschap\"><textarea cols=\"38\" rows=\"4\" maxlength=\"150\" class=\"wpcf7-form-control wpcf7-textarea\" aria-invalid=\"false\" name=\"boodschap\"><\/textarea><\/span>\n\t\t<\/p>\n\t<\/div>\n<\/div>\n<div class=\"row h_small_margins\">\n\t<div class=\"col-md-4\">\n\t\t<p>Paquete seleccionado\n\t\t<\/p>\n\t<\/div>\n\t<div class=\"col-md-8\">\n\t\t<p><span class=\"wpcf7-form-control-wrap\" data-name=\"pakket\"><select class=\"wpcf7-form-control wpcf7-select wpcf7-validates-as-required\" aria-required=\"true\" aria-invalid=\"false\" name=\"pakket\"><option value=\"\">&#8212;Kies een optie&#8212;<\/option><option value=\"Estand\u00e1r\">Estand\u00e1r<\/option><option value=\"Premium\">Premium<\/option><option value=\"Excelente\">Excelente<\/option><\/select><\/span>\n\t\t<\/p>\n\t<\/div>\n<\/div>\n<div class=\"row h_small_margins\">\n\t<div class=\"col-md-4\">\n\t\t<p>&nbsp;\n\t\t<\/p>\n\t<\/div>\n\t<div class=\"col-md-8\">\n\t\t<p>&nbsp;\n\t\t<\/p>\n\t<\/div>\n<\/div>\n<div class=\"row h_small_margins\">\n\t<div class=\"col-md-4\">\n\t<\/div>\n\t<div class=\"col-md-8\">\n\t\t<p><input class=\"wpcf7-form-control wpcf7-submit has-spinner\" type=\"submit\" value=\"Enviar\" \/>\n\t\t<\/p>\n\t<\/div>\n<\/div><div class=\"wpcf7-response-output\" aria-hidden=\"true\"><\/div>\n<\/form>\n<\/div>\n\n","protected":false},"excerpt":{"rendered":"<p>\u00a1Regala un curso de idiomas! Ofrecemos cursos de neerland\u00e9s, ingl\u00e9s, franc\u00e9s, alem\u00e1n y espa\u00f1ol. Solicita aqu\u00ed tu cheque regalo. El cheque regalo ser\u00e1 enviado al destinatario\/a en el plazo de 3 d\u00edas h\u00e1biles. &nbsp;<\/p>\n","protected":false},"author":4,"featured_media":2620,"parent":0,"menu_order":0,"comment_status":"closed","ping_status":"closed","template":"","meta":{"_acf_changed":false,"footnotes":""},"class_list":["post-2646","page","type-page","status-publish","has-post-thumbnail","hentry"],"acf":[],"yoast_head":"<!-- This site is optimized with the Yoast SEO plugin v25.4 - https:\/\/yoast.com\/wordpress\/plugins\/seo\/ -->\n<title>Cheque regalo - The Language Academy<\/title>\n<meta name=\"description\" content=\"Los cursos de The Language Academy son de alto nivel, y te permitir\u00e1n aprender un idioma de forma din\u00e1mica. Solicita aqu\u00ed tu cheque regalo.\" \/>\n<meta name=\"robots\" content=\"index, follow, max-snippet:-1, max-image-preview:large, max-video-preview:-1\" \/>\n<link rel=\"canonical\" href=\"https:\/\/www.thelanguageacademy.nl\/es\/2646-2\/\" \/>\n<meta property=\"og:locale\" content=\"es_ES\" \/>\n<meta property=\"og:type\" content=\"article\" \/>\n<meta property=\"og:title\" content=\"Cheque regalo - The Language Academy\" \/>\n<meta property=\"og:description\" content=\"Los cursos de The Language Academy son de alto nivel, y te permitir\u00e1n aprender un idioma de forma din\u00e1mica. Solicita aqu\u00ed tu cheque regalo.\" \/>\n<meta property=\"og:url\" content=\"https:\/\/www.thelanguageacademy.nl\/es\/2646-2\/\" \/>\n<meta property=\"og:site_name\" content=\"The Language Academy\" \/>\n<meta property=\"article:modified_time\" content=\"2022-12-12T10:58:42+00:00\" \/>\n<meta property=\"og:image\" content=\"https:\/\/www.thelanguageacademy.nl\/wp-content\/uploads\/2020\/11\/TLA-korting-bon-generic-header-pagina.jpg\" \/>\n\t<meta property=\"og:image:width\" content=\"2560\" \/>\n\t<meta property=\"og:image:height\" content=\"1117\" \/>\n\t<meta property=\"og:image:type\" content=\"image\/jpeg\" \/>\n<meta name=\"twitter:card\" content=\"summary_large_image\" \/>\n<script type=\"application\/ld+json\" class=\"yoast-schema-graph\">{\"@context\":\"https:\/\/schema.org\",\"@graph\":[{\"@type\":\"WebPage\",\"@id\":\"https:\/\/www.thelanguageacademy.nl\/es\/2646-2\/\",\"url\":\"https:\/\/www.thelanguageacademy.nl\/es\/2646-2\/\",\"name\":\"Cheque regalo - The Language Academy\",\"isPartOf\":{\"@id\":\"https:\/\/www.thelanguageacademy.nl\/es\/#website\"},\"primaryImageOfPage\":{\"@id\":\"https:\/\/www.thelanguageacademy.nl\/es\/2646-2\/#primaryimage\"},\"image\":{\"@id\":\"https:\/\/www.thelanguageacademy.nl\/es\/2646-2\/#primaryimage\"},\"thumbnailUrl\":\"https:\/\/www.thelanguageacademy.nl\/wp-content\/uploads\/2020\/11\/TLA-korting-bon-generic-header-pagina.jpg\",\"datePublished\":\"2020-11-17T13:45:58+00:00\",\"dateModified\":\"2022-12-12T10:58:42+00:00\",\"description\":\"Los cursos de The Language Academy son de alto nivel, y te permitir\u00e1n aprender un idioma de forma din\u00e1mica. Solicita aqu\u00ed tu cheque regalo.\",\"breadcrumb\":{\"@id\":\"https:\/\/www.thelanguageacademy.nl\/es\/2646-2\/#breadcrumb\"},\"inLanguage\":\"es\",\"potentialAction\":[{\"@type\":\"ReadAction\",\"target\":[\"https:\/\/www.thelanguageacademy.nl\/es\/2646-2\/\"]}]},{\"@type\":\"ImageObject\",\"inLanguage\":\"es\",\"@id\":\"https:\/\/www.thelanguageacademy.nl\/es\/2646-2\/#primaryimage\",\"url\":\"https:\/\/www.thelanguageacademy.nl\/wp-content\/uploads\/2020\/11\/TLA-korting-bon-generic-header-pagina.jpg\",\"contentUrl\":\"https:\/\/www.thelanguageacademy.nl\/wp-content\/uploads\/2020\/11\/TLA-korting-bon-generic-header-pagina.jpg\",\"width\":2560,\"height\":1117,\"caption\":\"Cadeaubon taalcursus\"},{\"@type\":\"BreadcrumbList\",\"@id\":\"https:\/\/www.thelanguageacademy.nl\/es\/2646-2\/#breadcrumb\",\"itemListElement\":[{\"@type\":\"ListItem\",\"position\":1,\"name\":\"Home\",\"item\":\"https:\/\/www.thelanguageacademy.nl\/es\/\"},{\"@type\":\"ListItem\",\"position\":2,\"name\":\"Cheque regalo\"}]},{\"@type\":\"WebSite\",\"@id\":\"https:\/\/www.thelanguageacademy.nl\/es\/#website\",\"url\":\"https:\/\/www.thelanguageacademy.nl\/es\/\",\"name\":\"The Language Academy\",\"description\":\"elearning\",\"potentialAction\":[{\"@type\":\"SearchAction\",\"target\":{\"@type\":\"EntryPoint\",\"urlTemplate\":\"https:\/\/www.thelanguageacademy.nl\/es\/?s={search_term_string}\"},\"query-input\":{\"@type\":\"PropertyValueSpecification\",\"valueRequired\":true,\"valueName\":\"search_term_string\"}}],\"inLanguage\":\"es\"}]}<\/script>\n<!-- \/ Yoast SEO plugin. -->","yoast_head_json":{"title":"Cheque regalo - The Language Academy","description":"Los cursos de The Language Academy son de alto nivel, y te permitir\u00e1n aprender un idioma de forma din\u00e1mica. Solicita aqu\u00ed tu cheque regalo.","robots":{"index":"index","follow":"follow","max-snippet":"max-snippet:-1","max-image-preview":"max-image-preview:large","max-video-preview":"max-video-preview:-1"},"canonical":"https:\/\/www.thelanguageacademy.nl\/es\/2646-2\/","og_locale":"es_ES","og_type":"article","og_title":"Cheque regalo - The Language Academy","og_description":"Los cursos de The Language Academy son de alto nivel, y te permitir\u00e1n aprender un idioma de forma din\u00e1mica. Solicita aqu\u00ed tu cheque regalo.","og_url":"https:\/\/www.thelanguageacademy.nl\/es\/2646-2\/","og_site_name":"The Language Academy","article_modified_time":"2022-12-12T10:58:42+00:00","og_image":[{"width":2560,"height":1117,"url":"https:\/\/www.thelanguageacademy.nl\/wp-content\/uploads\/2020\/11\/TLA-korting-bon-generic-header-pagina.jpg","type":"image\/jpeg"}],"twitter_card":"summary_large_image","schema":{"@context":"https:\/\/schema.org","@graph":[{"@type":"WebPage","@id":"https:\/\/www.thelanguageacademy.nl\/es\/2646-2\/","url":"https:\/\/www.thelanguageacademy.nl\/es\/2646-2\/","name":"Cheque regalo - The Language Academy","isPartOf":{"@id":"https:\/\/www.thelanguageacademy.nl\/es\/#website"},"primaryImageOfPage":{"@id":"https:\/\/www.thelanguageacademy.nl\/es\/2646-2\/#primaryimage"},"image":{"@id":"https:\/\/www.thelanguageacademy.nl\/es\/2646-2\/#primaryimage"},"thumbnailUrl":"https:\/\/www.thelanguageacademy.nl\/wp-content\/uploads\/2020\/11\/TLA-korting-bon-generic-header-pagina.jpg","datePublished":"2020-11-17T13:45:58+00:00","dateModified":"2022-12-12T10:58:42+00:00","description":"Los cursos de The Language Academy son de alto nivel, y te permitir\u00e1n aprender un idioma de forma din\u00e1mica. Solicita aqu\u00ed tu cheque regalo.","breadcrumb":{"@id":"https:\/\/www.thelanguageacademy.nl\/es\/2646-2\/#breadcrumb"},"inLanguage":"es","potentialAction":[{"@type":"ReadAction","target":["https:\/\/www.thelanguageacademy.nl\/es\/2646-2\/"]}]},{"@type":"ImageObject","inLanguage":"es","@id":"https:\/\/www.thelanguageacademy.nl\/es\/2646-2\/#primaryimage","url":"https:\/\/www.thelanguageacademy.nl\/wp-content\/uploads\/2020\/11\/TLA-korting-bon-generic-header-pagina.jpg","contentUrl":"https:\/\/www.thelanguageacademy.nl\/wp-content\/uploads\/2020\/11\/TLA-korting-bon-generic-header-pagina.jpg","width":2560,"height":1117,"caption":"Cadeaubon taalcursus"},{"@type":"BreadcrumbList","@id":"https:\/\/www.thelanguageacademy.nl\/es\/2646-2\/#breadcrumb","itemListElement":[{"@type":"ListItem","position":1,"name":"Home","item":"https:\/\/www.thelanguageacademy.nl\/es\/"},{"@type":"ListItem","position":2,"name":"Cheque regalo"}]},{"@type":"WebSite","@id":"https:\/\/www.thelanguageacademy.nl\/es\/#website","url":"https:\/\/www.thelanguageacademy.nl\/es\/","name":"The Language Academy","description":"elearning","potentialAction":[{"@type":"SearchAction","target":{"@type":"EntryPoint","urlTemplate":"https:\/\/www.thelanguageacademy.nl\/es\/?s={search_term_string}"},"query-input":{"@type":"PropertyValueSpecification","valueRequired":true,"valueName":"search_term_string"}}],"inLanguage":"es"}]}},"_links":{"self":[{"href":"https:\/\/www.thelanguageacademy.nl\/es\/wp-json\/wp\/v2\/pages\/2646","targetHints":{"allow":["GET"]}}],"collection":[{"href":"https:\/\/www.thelanguageacademy.nl\/es\/wp-json\/wp\/v2\/pages"}],"about":[{"href":"https:\/\/www.thelanguageacademy.nl\/es\/wp-json\/wp\/v2\/types\/page"}],"author":[{"embeddable":true,"href":"https:\/\/www.thelanguageacademy.nl\/es\/wp-json\/wp\/v2\/users\/4"}],"replies":[{"embeddable":true,"href":"https:\/\/www.thelanguageacademy.nl\/es\/wp-json\/wp\/v2\/comments?post=2646"}],"version-history":[{"count":14,"href":"https:\/\/www.thelanguageacademy.nl\/es\/wp-json\/wp\/v2\/pages\/2646\/revisions"}],"predecessor-version":[{"id":4490,"href":"https:\/\/www.thelanguageacademy.nl\/es\/wp-json\/wp\/v2\/pages\/2646\/revisions\/4490"}],"wp:featuredmedia":[{"embeddable":true,"href":"https:\/\/www.thelanguageacademy.nl\/es\/wp-json\/wp\/v2\/media\/2620"}],"wp:attachment":[{"href":"https:\/\/www.thelanguageacademy.nl\/es\/wp-json\/wp\/v2\/media?parent=2646"}],"curies":[{"name":"wp","href":"https:\/\/api.w.org\/{rel}","templated":true}]}}