{"id":2809,"date":"2021-07-05T16:59:27","date_gmt":"2021-07-05T14:59:27","guid":{"rendered":"https:\/\/www.thelanguageacademy.nl\/?page_id=2809"},"modified":"2022-08-23T09:58:28","modified_gmt":"2022-08-23T07:58:28","slug":"declaracion-de-privacidad-y-cookies","status":"publish","type":"page","link":"https:\/\/www.thelanguageacademy.nl\/es\/declaracion-de-privacidad-y-cookies\/","title":{"rendered":"Declaraci\u00f3n de privacidad y cookies"},"content":{"rendered":"<p>En esta declaraci\u00f3n de privacidad y cookies explicamos el modo en que tratamos tus datos personales. The Language Academy es parte de UvA Talen B.V. Para ver una explicaci\u00f3n detallada del tratamiento de tus datos por parte de UVA Talen B.V., consulta <a href=\"https:\/\/www.uvatalen.nl\/sites\/default\/files\/user-uploads\/terms-and-conditions\/UvA%20Talen%20B.V%20Privacy-%20en%20cookie%20statement_June%202022.pdf\">la declaraci\u00f3n de privacidad de UvA Talen<\/a>.<\/p>\n<p>&nbsp;<\/p>\n<p><strong>Uso de datos personales cuando se compra un curso de idiomas en l\u00ednea<\/strong><br \/>\nCuando compres uno de nuestros cursos de idiomas en l\u00ednea, necesitaremos que nos indiques tu nombre, direcci\u00f3n de correo electr\u00f3nico, sexo, edad, nacionalidad, ciudad, pa\u00eds y cualquier otro dato de facturaci\u00f3n. Tambi\u00e9n puedes registrarte con tu cuenta de Facebook. Si te registras a trav\u00e9s de Facebook, tendremos acceso a los datos b\u00e1sicos de tu cuenta: nombre de usuario y contrase\u00f1a.<br \/>\nPuedes solicitar el env\u00edo de la factura a un tercero, por ejemplo a tu empresa. Si eliges esa opci\u00f3n, utilizaremos la denominaci\u00f3n, el departamento, la direcci\u00f3n, el c\u00f3digo postal, la localidad y la informaci\u00f3n de contacto de la persona de contacto del tercero en cuesti\u00f3n. Necesitamos esos datos para poder impartir el curso en l\u00ednea. Los datos de facturaci\u00f3n los conservaremos durante el tiempo que requiera la legislaci\u00f3n. Estamos obligados a conservar la informaci\u00f3n fiscal durante 7 a\u00f1os, o 10 a\u00f1os en determinados casos.<\/p>\n<p><strong>Uso de los datos personales cuando se crea una cuenta<\/strong><br \/>\nPara acceder a algunas partes del sitio web se necesita una cuenta. Por ejemplo, para seguir los cursos de idiomas en l\u00ednea, comprobar el progreso de un curso a trav\u00e9s del panel principal o adquirir productos adicionales (extensi\u00f3n o nuevo curso).<br \/>\nEn tu cuenta se guarda toda la informaci\u00f3n que hayas facilitado al registrarte, as\u00ed como la relativa a los cursos de idiomas en l\u00ednea que sigas. La finalidad de conservar esos datos es evitar que necesites volver a introducirlos en cada ocasi\u00f3n, as\u00ed como contactar contigo f\u00e1cilmente cuando sea necesario para cumplir el contrato. La informaci\u00f3n que nos proporciones a trav\u00e9s de tu cuenta se conservar\u00e1 tanto tiempo como exista dicha cuenta. Podr\u00e1s modificar los datos personales proporcionados durante el registro y solicitar su <a href=\"https:\/\/www.thelanguageacademy.nl\/es\/contacto\/contacto\/\" target=\"_blank\" rel=\"noopener noreferrer\">eliminaci\u00f3n<\/a> cuando lo desees. Tambi\u00e9n podr\u00e1s seleccionar la frecuencia con que deseas recibir mensajes relacionados con tu curso.<\/p>\n<p><strong>Uso de datos personales cuando se utiliza la versi\u00f3n de prueba gratuita<\/strong><br \/>\nPara que puedas ver c\u00f3mo son nuestros cursos de idiomas en l\u00ednea, te ofrecemos una versi\u00f3n de prueba gratuita de nuestros cursos. Necesitamos que proporciones tu direcci\u00f3n de correo electr\u00f3nico para que puedas acceder a una demo. Al facilitar tu direcci\u00f3n de correo electr\u00f3nico aceptas nuestra Declaraci\u00f3n de privacidad y cookies, nuestras <a href=\"https:\/\/www.thelanguageacademy.nl\/es\/condiciones-generales\/\">Condiciones generales<\/a>, y das tu consentimiento para que The Language Academy te env\u00ede correos electr\u00f3nicos puntuales con informaci\u00f3n sobre nuestros cursos y ofertas.<\/p>\n<p><strong>Uso de datos personales cuando se dejan opiniones<\/strong><br \/>\nPuedes escribir una opini\u00f3n sobre nuestros servicios o un servicio en concreto. De esta manera podr\u00e1s expresar qu\u00e9 te parecen. Usaremos tu nombre (opcional), tus datos de contacto (opcionales), informaci\u00f3n sobre el servicio que has utilizado y tu opini\u00f3n sobre \u00e9l. Obtendremos esos datos en funci\u00f3n de un inter\u00e9s leg\u00edtimo y por supuesto el proporcionar un comentario no es obligatorio en ning\u00fan caso. Podr\u00e1s eliminar tu opini\u00f3n en cualquier momento. Para ello, ponte en contacto con nosotros.<\/p>\n<p><strong>Uso de cookies<\/strong><br \/>\nThe Language Academy utiliza cookies. Una cookie es un peque\u00f1o archivo de texto que coloca un sitio web en tu ordenador, tel\u00e9fono o tableta. Ese archivo almacena informaci\u00f3n.<\/p>\n<p><em>Cookies funcionales<\/em><br \/>\nLas cookies funcionales son imprescindibles para el buen funcionamiento de un sitio web. Esta categor\u00eda engloba \u00fanicamente las cookies necesarias para las funciones b\u00e1sicas y de seguridad de nuestro sitio web. Algunos ejemplos de cookies funcionales:<\/p>\n<ul>\n<li>para guardar productos en una cesta de la compra;<\/li>\n<li>para transmitir informaci\u00f3n de una p\u00e1gina a otra;<\/li>\n<li>para guardar preferencias, como el idioma seleccionado;<\/li>\n<li>para ofrecer la opci\u00f3n de guardar los datos de acceso.<\/li>\n<\/ul>\n<p><em>Cookies anal\u00edticas<\/em><br \/>\nMediante las cookies anal\u00edticas se actualizan las estad\u00edsticas de las visitas al sitio web. Las estad\u00edsticas que guardamos no son directamente relacionables con ninguna persona. Su estudio nos proporciona una mejor comprensi\u00f3n del funcionamiento del sitio. Algunos ejemplos de cookies anal\u00edticas que utilizamos:<\/p>\n<ul>\n<li>para realizar un seguimiento del n\u00famero de personas que visitan el sitio web;<\/li>\n<li>para guardar los t\u00e9rminos de b\u00fasqueda utilizados;<\/li>\n<li>para realizar un seguimiento del n\u00famero de visitantes por p\u00e1gina;<\/li>\n<li>para realizar un seguimiento del promedio de tiempo que pasan los visitantes en cada p\u00e1gina del sitio web.<\/li>\n<\/ul>\n<p><strong>Cambios en la declaraci\u00f3n de privacidad y cookies<\/strong><br \/>\nThe Language Academy se reserva el derecho de modificar el contenido de esta declaraci\u00f3n de privacidad y cookies. Cualquier cambio o ajuste del sitio web puede dar lugar a una modificaci\u00f3n de la declaraci\u00f3n. Para ver la versi\u00f3n m\u00e1s reciente de la declaraci\u00f3n de privacidad y cookies en cualquier momento, visita www.thelanguageacademy.nl.<\/p>\n","protected":false},"excerpt":{"rendered":"<p>En esta declaraci\u00f3n de privacidad y cookies explicamos el modo en que tratamos tus datos personales. The Language Academy es parte de UvA Talen B.V. Para ver una explicaci\u00f3n detallada del tratamiento de tus datos por parte de UVA Talen B.V., consulta la declaraci\u00f3n de privacidad de UvA Talen. &nbsp; Uso de datos personales cuando [&hellip;]<\/p>\n","protected":false},"author":4,"featured_media":0,"parent":0,"menu_order":0,"comment_status":"closed","ping_status":"closed","template":"","meta":{"_acf_changed":false,"footnotes":""},"class_list":["post-2809","page","type-page","status-publish","hentry"],"acf":[],"yoast_head":"<!-- This site is optimized with the Yoast SEO plugin v25.4 - https:\/\/yoast.com\/wordpress\/plugins\/seo\/ -->\n<title>Declaraci\u00f3n de privacidad y cookies - The Language Academy<\/title>\n<meta name=\"description\" content=\"En esta declaraci\u00f3n de privacidad y cookies explicamos el modo en que tratamos tus datos personales. The Language Academy es parte de UvA Talen B.V.\" \/>\n<meta name=\"robots\" content=\"index, follow, max-snippet:-1, max-image-preview:large, max-video-preview:-1\" \/>\n<link rel=\"canonical\" href=\"https:\/\/www.thelanguageacademy.nl\/es\/declaracion-de-privacidad-y-cookies\/\" \/>\n<meta property=\"og:locale\" content=\"es_ES\" \/>\n<meta property=\"og:type\" content=\"article\" \/>\n<meta property=\"og:title\" content=\"Declaraci\u00f3n de privacidad y cookies - The Language Academy\" \/>\n<meta property=\"og:description\" content=\"En esta declaraci\u00f3n de privacidad y cookies explicamos el modo en que tratamos tus datos personales. The Language Academy es parte de UvA Talen B.V.\" \/>\n<meta property=\"og:url\" content=\"https:\/\/www.thelanguageacademy.nl\/es\/declaracion-de-privacidad-y-cookies\/\" \/>\n<meta property=\"og:site_name\" content=\"The Language Academy\" \/>\n<meta property=\"article:modified_time\" content=\"2022-08-23T07:58:28+00:00\" \/>\n<meta name=\"twitter:card\" content=\"summary_large_image\" \/>\n<meta name=\"twitter:label1\" content=\"Tiempo de lectura\" \/>\n\t<meta name=\"twitter:data1\" content=\"4 minutos\" \/>\n<script type=\"application\/ld+json\" class=\"yoast-schema-graph\">{\"@context\":\"https:\/\/schema.org\",\"@graph\":[{\"@type\":\"WebPage\",\"@id\":\"https:\/\/www.thelanguageacademy.nl\/es\/declaracion-de-privacidad-y-cookies\/\",\"url\":\"https:\/\/www.thelanguageacademy.nl\/es\/declaracion-de-privacidad-y-cookies\/\",\"name\":\"Declaraci\u00f3n de privacidad y cookies - The Language Academy\",\"isPartOf\":{\"@id\":\"https:\/\/www.thelanguageacademy.nl\/es\/#website\"},\"datePublished\":\"2021-07-05T14:59:27+00:00\",\"dateModified\":\"2022-08-23T07:58:28+00:00\",\"description\":\"En esta declaraci\u00f3n de privacidad y cookies explicamos el modo en que tratamos tus datos personales. The Language Academy es parte de UvA Talen B.V.\",\"breadcrumb\":{\"@id\":\"https:\/\/www.thelanguageacademy.nl\/es\/declaracion-de-privacidad-y-cookies\/#breadcrumb\"},\"inLanguage\":\"es\",\"potentialAction\":[{\"@type\":\"ReadAction\",\"target\":[\"https:\/\/www.thelanguageacademy.nl\/es\/declaracion-de-privacidad-y-cookies\/\"]}]},{\"@type\":\"BreadcrumbList\",\"@id\":\"https:\/\/www.thelanguageacademy.nl\/es\/declaracion-de-privacidad-y-cookies\/#breadcrumb\",\"itemListElement\":[{\"@type\":\"ListItem\",\"position\":1,\"name\":\"Home\",\"item\":\"https:\/\/www.thelanguageacademy.nl\/es\/\"},{\"@type\":\"ListItem\",\"position\":2,\"name\":\"Declaraci\u00f3n de privacidad y cookies\"}]},{\"@type\":\"WebSite\",\"@id\":\"https:\/\/www.thelanguageacademy.nl\/es\/#website\",\"url\":\"https:\/\/www.thelanguageacademy.nl\/es\/\",\"name\":\"The Language Academy\",\"description\":\"elearning\",\"potentialAction\":[{\"@type\":\"SearchAction\",\"target\":{\"@type\":\"EntryPoint\",\"urlTemplate\":\"https:\/\/www.thelanguageacademy.nl\/es\/?s={search_term_string}\"},\"query-input\":{\"@type\":\"PropertyValueSpecification\",\"valueRequired\":true,\"valueName\":\"search_term_string\"}}],\"inLanguage\":\"es\"}]}<\/script>\n<!-- \/ Yoast SEO plugin. -->","yoast_head_json":{"title":"Declaraci\u00f3n de privacidad y cookies - The Language Academy","description":"En esta declaraci\u00f3n de privacidad y cookies explicamos el modo en que tratamos tus datos personales. The Language Academy es parte de UvA Talen B.V.","robots":{"index":"index","follow":"follow","max-snippet":"max-snippet:-1","max-image-preview":"max-image-preview:large","max-video-preview":"max-video-preview:-1"},"canonical":"https:\/\/www.thelanguageacademy.nl\/es\/declaracion-de-privacidad-y-cookies\/","og_locale":"es_ES","og_type":"article","og_title":"Declaraci\u00f3n de privacidad y cookies - The Language Academy","og_description":"En esta declaraci\u00f3n de privacidad y cookies explicamos el modo en que tratamos tus datos personales. The Language Academy es parte de UvA Talen B.V.","og_url":"https:\/\/www.thelanguageacademy.nl\/es\/declaracion-de-privacidad-y-cookies\/","og_site_name":"The Language Academy","article_modified_time":"2022-08-23T07:58:28+00:00","twitter_card":"summary_large_image","twitter_misc":{"Tiempo de lectura":"4 minutos"},"schema":{"@context":"https:\/\/schema.org","@graph":[{"@type":"WebPage","@id":"https:\/\/www.thelanguageacademy.nl\/es\/declaracion-de-privacidad-y-cookies\/","url":"https:\/\/www.thelanguageacademy.nl\/es\/declaracion-de-privacidad-y-cookies\/","name":"Declaraci\u00f3n de privacidad y cookies - The Language Academy","isPartOf":{"@id":"https:\/\/www.thelanguageacademy.nl\/es\/#website"},"datePublished":"2021-07-05T14:59:27+00:00","dateModified":"2022-08-23T07:58:28+00:00","description":"En esta declaraci\u00f3n de privacidad y cookies explicamos el modo en que tratamos tus datos personales. The Language Academy es parte de UvA Talen B.V.","breadcrumb":{"@id":"https:\/\/www.thelanguageacademy.nl\/es\/declaracion-de-privacidad-y-cookies\/#breadcrumb"},"inLanguage":"es","potentialAction":[{"@type":"ReadAction","target":["https:\/\/www.thelanguageacademy.nl\/es\/declaracion-de-privacidad-y-cookies\/"]}]},{"@type":"BreadcrumbList","@id":"https:\/\/www.thelanguageacademy.nl\/es\/declaracion-de-privacidad-y-cookies\/#breadcrumb","itemListElement":[{"@type":"ListItem","position":1,"name":"Home","item":"https:\/\/www.thelanguageacademy.nl\/es\/"},{"@type":"ListItem","position":2,"name":"Declaraci\u00f3n de privacidad y cookies"}]},{"@type":"WebSite","@id":"https:\/\/www.thelanguageacademy.nl\/es\/#website","url":"https:\/\/www.thelanguageacademy.nl\/es\/","name":"The Language Academy","description":"elearning","potentialAction":[{"@type":"SearchAction","target":{"@type":"EntryPoint","urlTemplate":"https:\/\/www.thelanguageacademy.nl\/es\/?s={search_term_string}"},"query-input":{"@type":"PropertyValueSpecification","valueRequired":true,"valueName":"search_term_string"}}],"inLanguage":"es"}]}},"_links":{"self":[{"href":"https:\/\/www.thelanguageacademy.nl\/es\/wp-json\/wp\/v2\/pages\/2809","targetHints":{"allow":["GET"]}}],"collection":[{"href":"https:\/\/www.thelanguageacademy.nl\/es\/wp-json\/wp\/v2\/pages"}],"about":[{"href":"https:\/\/www.thelanguageacademy.nl\/es\/wp-json\/wp\/v2\/types\/page"}],"author":[{"embeddable":true,"href":"https:\/\/www.thelanguageacademy.nl\/es\/wp-json\/wp\/v2\/users\/4"}],"replies":[{"embeddable":true,"href":"https:\/\/www.thelanguageacademy.nl\/es\/wp-json\/wp\/v2\/comments?post=2809"}],"version-history":[{"count":10,"href":"https:\/\/www.thelanguageacademy.nl\/es\/wp-json\/wp\/v2\/pages\/2809\/revisions"}],"predecessor-version":[{"id":3789,"href":"https:\/\/www.thelanguageacademy.nl\/es\/wp-json\/wp\/v2\/pages\/2809\/revisions\/3789"}],"wp:attachment":[{"href":"https:\/\/www.thelanguageacademy.nl\/es\/wp-json\/wp\/v2\/media?parent=2809"}],"curies":[{"name":"wp","href":"https:\/\/api.w.org\/{rel}","templated":true}]}}