{"id":3448,"date":"2022-04-26T08:41:03","date_gmt":"2022-04-26T06:41:03","guid":{"rendered":"https:\/\/www.thelanguageacademy.nl\/?page_id=3448"},"modified":"2022-07-08T15:31:09","modified_gmt":"2022-07-08T13:31:09","slug":"keep-me-informed-about-onlineteacher","status":"publish","type":"page","link":"https:\/\/www.thelanguageacademy.nl\/es\/online-teacher-para-otros-idiomas\/","title":{"rendered":"Online+Teacher para otros idiomas"},"content":{"rendered":"<p><strong>\u00bfTe interesa nuestro paquete Online+Teacher para otro idioma?<\/strong><\/p>\n<p>&nbsp;<\/p>\n<p>\u00a1Tambi\u00e9n es posible, por supuesto! Constantemente ampliamos nuestra oferta de Online+Teacher con m\u00e1s idiomas.<\/p>\n<p>&nbsp;<\/p>\n<p>Rellena el siguiente formulario y te avisaremos en cuanto est\u00e9 disponible Online+Teacher para el idioma de tu elecci\u00f3n.<\/p>\n<p>&nbsp;<\/p>\n<p>\u00bfQuieres que te mantengamos informado\/a? Rellena el formulario:<\/p>\n<p>&nbsp;<\/p>\n<p>&nbsp;<\/p>\n\n<div class=\"wpcf7 no-js\" id=\"wpcf7-f3708-o1\" lang=\"en-US\" dir=\"ltr\" data-wpcf7-id=\"3708\">\n<div class=\"screen-reader-response\"><p role=\"status\" aria-live=\"polite\" aria-atomic=\"true\"><\/p> <ul><\/ul><\/div>\n<form action=\"\/es\/wp-json\/wp\/v2\/pages\/3448#wpcf7-f3708-o1\" method=\"post\" class=\"wpcf7-form init\" aria-label=\"Contact form\" novalidate=\"novalidate\" data-status=\"init\">\n<fieldset class=\"hidden-fields-container\"><input type=\"hidden\" name=\"_wpcf7\" value=\"3708\" \/><input type=\"hidden\" name=\"_wpcf7_version\" value=\"6.1.4\" \/><input type=\"hidden\" name=\"_wpcf7_locale\" value=\"en_US\" \/><input type=\"hidden\" name=\"_wpcf7_unit_tag\" value=\"wpcf7-f3708-o1\" \/><input type=\"hidden\" name=\"_wpcf7_container_post\" value=\"0\" \/><input type=\"hidden\" name=\"_wpcf7_posted_data_hash\" value=\"\" \/><input type=\"hidden\" name=\"_wpcf7_recaptcha_response\" value=\"\" \/>\n<\/fieldset>\n<style>\n.wpcf7 select\n{\n width: 100%;\n}\n<\/style>\n<div class=\"row h_small_margins\">\n\t<div class=\"col-md-4\">\n\t\t<p>Idioma (obligatorio)\n\t\t<\/p>\n\t<\/div>\n\t<div class=\"col-md-8\">\n\t\t<p><span class=\"wpcf7-form-control-wrap\" data-name=\"courseLanguage\"><select class=\"wpcf7-form-control wpcf7-select wpcf7-validates-as-required\" id=\"courseLanguage\" aria-required=\"true\" aria-invalid=\"false\" name=\"courseLanguage\"><option value=\"\"><\/option><option value=\"Ingl\u00e9s\">Ingl\u00e9s<\/option><option value=\"Espa\u00f1ol\">Espa\u00f1ol<\/option><option value=\"Franc\u00e9s\">Franc\u00e9s<\/option><option value=\"Alem\u00e1n\">Alem\u00e1n<\/option><option value=\"Italiano\">Italiano<\/option><\/select><\/span>\n\t\t<\/p>\n\t<\/div>\n<\/div>\n<div class=\"row h_small_margins\">\n\t<div class=\"col-md-4\">\n\t\t<p>Curso\n\t\t<\/p>\n\t<\/div>\n\t<div class=\"col-md-8\">\n\t\t<p><span class=\"wpcf7-form-control-wrap\" data-name=\"courseName\"><select class=\"wpcf7-form-control wpcf7-select wpcf7-validates-as-required\" id=\"courseName\" aria-required=\"true\" aria-invalid=\"false\" name=\"courseName\"><option value=\"\"><\/option><\/select><\/span>\n\t\t<\/p>\n\t<\/div>\n<\/div>\n<div class=\"row h_small_margins\">\n\t<div class=\"col-md-4\">\n\t\t<p>Nombre (obligatorio)\n\t\t<\/p>\n\t<\/div>\n\t<div class=\"col-md-8\">\n\t\t<p><span class=\"wpcf7-form-control-wrap\" data-name=\"your-name\"><input size=\"40\" maxlength=\"400\" class=\"wpcf7-form-control wpcf7-text wpcf7-validates-as-required form-control\" aria-required=\"true\" aria-invalid=\"false\" value=\"\" type=\"text\" name=\"your-name\" \/><\/span>\n\t\t<\/p>\n\t<\/div>\n<\/div>\n<div class=\"row h_small_margins\">\n\t<div class=\"col-md-4\">\n\t\t<p>Correo electr\u00f3nico (obligatorio)\n\t\t<\/p>\n\t<\/div>\n\t<div class=\"col-md-8\">\n\t\t<p><span class=\"wpcf7-form-control-wrap\" data-name=\"your-email\"><input size=\"40\" maxlength=\"400\" class=\"wpcf7-form-control wpcf7-email wpcf7-validates-as-required wpcf7-text wpcf7-validates-as-email form-control\" aria-required=\"true\" aria-invalid=\"false\" value=\"\" type=\"email\" name=\"your-email\" \/><\/span>\n\t\t<\/p>\n\t<\/div>\n<\/div>\n<div class=\"row h_small_margins\">\n\t<div class=\"col-md-4\">\n\t\t<p>Comentarios\n\t\t<\/p>\n\t<\/div>\n\t<div class=\"col-md-8\">\n\t\t<p><span class=\"wpcf7-form-control-wrap\" data-name=\"opmerkingen\"><textarea cols=\"40\" rows=\"10\" maxlength=\"2000\" class=\"wpcf7-form-control wpcf7-textarea form-control\" aria-invalid=\"false\" name=\"opmerkingen\"><\/textarea><\/span>\n\t\t<\/p>\n\t<\/div>\n<\/div>\n<div class=\"row h_small_margins\">\n\t<div class=\"col-md-4\">\n\t<\/div>\n\t<div class=\"col-md-8\">\n\t\n\t<\/div>\n<\/div>\n<div class=\"row h_small_margins\">\n\t<div class=\"col-md-4\">\n\t<\/div>\n\t<div class=\"col-md-8\">\n\t\t<p><input class=\"wpcf7-form-control wpcf7-submit has-spinner btn\" type=\"submit\" value=\"Enviar\" \/>\n\t\t<\/p>\n\t<\/div>\n<\/div><div class=\"wpcf7-response-output\" aria-hidden=\"true\"><\/div>\n<\/form>\n<\/div>\n\n<p>&nbsp;<\/p>\n<p>&nbsp;<\/p>\n<p>Tambi\u00e9n puedes consultar nuestra p\u00e1gina <a href=\"https:\/\/www.facebook.com\/TheLanguageAcademyNL\">Facebook<\/a> o <a href=\"https:\/\/www.instagram.com\/thelanguageacademy_uvatalen\/\">Instagram<\/a>\u00a0para ver las ofertas actuales.<\/p>\n","protected":false},"excerpt":{"rendered":"<p>\u00bfTe interesa nuestro paquete Online+Teacher para otro idioma? &nbsp; \u00a1Tambi\u00e9n es posible, por supuesto! Constantemente ampliamos nuestra oferta de Online+Teacher con m\u00e1s idiomas. &nbsp; Rellena el siguiente formulario y te avisaremos en cuanto est\u00e9 disponible Online+Teacher para el idioma de tu elecci\u00f3n. &nbsp; \u00bfQuieres que te mantengamos informado\/a? Rellena el formulario: &nbsp; &nbsp; &nbsp; &nbsp; [&hellip;]<\/p>\n","protected":false},"author":4,"featured_media":3353,"parent":0,"menu_order":0,"comment_status":"closed","ping_status":"closed","template":"template-online-teacher-keepmeinformed.php","meta":{"_acf_changed":false,"footnotes":""},"class_list":["post-3448","page","type-page","status-publish","has-post-thumbnail","hentry"],"acf":[],"yoast_head":"<!-- This site is optimized with the Yoast SEO plugin v25.4 - https:\/\/yoast.com\/wordpress\/plugins\/seo\/ -->\n<title>Online+Teacher para otros idiomas - The Language Academy<\/title>\n<meta name=\"robots\" content=\"index, follow, max-snippet:-1, max-image-preview:large, max-video-preview:-1\" \/>\n<link rel=\"canonical\" href=\"https:\/\/www.thelanguageacademy.nl\/es\/online-teacher-para-otros-idiomas\/\" \/>\n<meta property=\"og:locale\" content=\"es_ES\" \/>\n<meta property=\"og:type\" content=\"article\" \/>\n<meta property=\"og:title\" content=\"Online+Teacher para otros idiomas - The Language Academy\" \/>\n<meta property=\"og:description\" content=\"\u00bfTe interesa nuestro paquete Online+Teacher para otro idioma? &nbsp; \u00a1Tambi\u00e9n es posible, por supuesto! Constantemente ampliamos nuestra oferta de Online+Teacher con m\u00e1s idiomas. &nbsp; Rellena el siguiente formulario y te avisaremos en cuanto est\u00e9 disponible Online+Teacher para el idioma de tu elecci\u00f3n. &nbsp; \u00bfQuieres que te mantengamos informado\/a? Rellena el formulario: &nbsp; &nbsp; &nbsp; &nbsp; [&hellip;]\" \/>\n<meta property=\"og:url\" content=\"https:\/\/www.thelanguageacademy.nl\/es\/online-teacher-para-otros-idiomas\/\" \/>\n<meta property=\"og:site_name\" content=\"The Language Academy\" \/>\n<meta property=\"article:modified_time\" content=\"2022-07-08T13:31:09+00:00\" \/>\n<meta property=\"og:image\" content=\"https:\/\/www.thelanguageacademy.nl\/wp-content\/uploads\/2022\/04\/jan-markt-scaled.jpg\" \/>\n\t<meta property=\"og:image:width\" content=\"2560\" \/>\n\t<meta property=\"og:image:height\" content=\"1440\" \/>\n\t<meta property=\"og:image:type\" content=\"image\/jpeg\" \/>\n<meta name=\"twitter:card\" content=\"summary_large_image\" \/>\n<script type=\"application\/ld+json\" class=\"yoast-schema-graph\">{\"@context\":\"https:\/\/schema.org\",\"@graph\":[{\"@type\":\"WebPage\",\"@id\":\"https:\/\/www.thelanguageacademy.nl\/es\/online-teacher-para-otros-idiomas\/\",\"url\":\"https:\/\/www.thelanguageacademy.nl\/es\/online-teacher-para-otros-idiomas\/\",\"name\":\"Online+Teacher para otros idiomas - The Language Academy\",\"isPartOf\":{\"@id\":\"https:\/\/www.thelanguageacademy.nl\/es\/#website\"},\"primaryImageOfPage\":{\"@id\":\"https:\/\/www.thelanguageacademy.nl\/es\/online-teacher-para-otros-idiomas\/#primaryimage\"},\"image\":{\"@id\":\"https:\/\/www.thelanguageacademy.nl\/es\/online-teacher-para-otros-idiomas\/#primaryimage\"},\"thumbnailUrl\":\"https:\/\/www.thelanguageacademy.nl\/wp-content\/uploads\/2022\/04\/jan-markt-scaled.jpg\",\"datePublished\":\"2022-04-26T06:41:03+00:00\",\"dateModified\":\"2022-07-08T13:31:09+00:00\",\"breadcrumb\":{\"@id\":\"https:\/\/www.thelanguageacademy.nl\/es\/online-teacher-para-otros-idiomas\/#breadcrumb\"},\"inLanguage\":\"es\",\"potentialAction\":[{\"@type\":\"ReadAction\",\"target\":[\"https:\/\/www.thelanguageacademy.nl\/es\/online-teacher-para-otros-idiomas\/\"]}]},{\"@type\":\"ImageObject\",\"inLanguage\":\"es\",\"@id\":\"https:\/\/www.thelanguageacademy.nl\/es\/online-teacher-para-otros-idiomas\/#primaryimage\",\"url\":\"https:\/\/www.thelanguageacademy.nl\/wp-content\/uploads\/2022\/04\/jan-markt-scaled.jpg\",\"contentUrl\":\"https:\/\/www.thelanguageacademy.nl\/wp-content\/uploads\/2022\/04\/jan-markt-scaled.jpg\",\"width\":2560,\"height\":1440,\"caption\":\"Thank you\"},{\"@type\":\"BreadcrumbList\",\"@id\":\"https:\/\/www.thelanguageacademy.nl\/es\/online-teacher-para-otros-idiomas\/#breadcrumb\",\"itemListElement\":[{\"@type\":\"ListItem\",\"position\":1,\"name\":\"Home\",\"item\":\"https:\/\/www.thelanguageacademy.nl\/es\/\"},{\"@type\":\"ListItem\",\"position\":2,\"name\":\"Online+Teacher para otros idiomas\"}]},{\"@type\":\"WebSite\",\"@id\":\"https:\/\/www.thelanguageacademy.nl\/es\/#website\",\"url\":\"https:\/\/www.thelanguageacademy.nl\/es\/\",\"name\":\"The Language Academy\",\"description\":\"elearning\",\"potentialAction\":[{\"@type\":\"SearchAction\",\"target\":{\"@type\":\"EntryPoint\",\"urlTemplate\":\"https:\/\/www.thelanguageacademy.nl\/es\/?s={search_term_string}\"},\"query-input\":{\"@type\":\"PropertyValueSpecification\",\"valueRequired\":true,\"valueName\":\"search_term_string\"}}],\"inLanguage\":\"es\"}]}<\/script>\n<!-- \/ Yoast SEO plugin. -->","yoast_head_json":{"title":"Online+Teacher para otros idiomas - The Language Academy","robots":{"index":"index","follow":"follow","max-snippet":"max-snippet:-1","max-image-preview":"max-image-preview:large","max-video-preview":"max-video-preview:-1"},"canonical":"https:\/\/www.thelanguageacademy.nl\/es\/online-teacher-para-otros-idiomas\/","og_locale":"es_ES","og_type":"article","og_title":"Online+Teacher para otros idiomas - The Language Academy","og_description":"\u00bfTe interesa nuestro paquete Online+Teacher para otro idioma? &nbsp; \u00a1Tambi\u00e9n es posible, por supuesto! Constantemente ampliamos nuestra oferta de Online+Teacher con m\u00e1s idiomas. &nbsp; Rellena el siguiente formulario y te avisaremos en cuanto est\u00e9 disponible Online+Teacher para el idioma de tu elecci\u00f3n. &nbsp; \u00bfQuieres que te mantengamos informado\/a? Rellena el formulario: &nbsp; &nbsp; &nbsp; &nbsp; [&hellip;]","og_url":"https:\/\/www.thelanguageacademy.nl\/es\/online-teacher-para-otros-idiomas\/","og_site_name":"The Language Academy","article_modified_time":"2022-07-08T13:31:09+00:00","og_image":[{"width":2560,"height":1440,"url":"https:\/\/www.thelanguageacademy.nl\/wp-content\/uploads\/2022\/04\/jan-markt-scaled.jpg","type":"image\/jpeg"}],"twitter_card":"summary_large_image","schema":{"@context":"https:\/\/schema.org","@graph":[{"@type":"WebPage","@id":"https:\/\/www.thelanguageacademy.nl\/es\/online-teacher-para-otros-idiomas\/","url":"https:\/\/www.thelanguageacademy.nl\/es\/online-teacher-para-otros-idiomas\/","name":"Online+Teacher para otros idiomas - The Language Academy","isPartOf":{"@id":"https:\/\/www.thelanguageacademy.nl\/es\/#website"},"primaryImageOfPage":{"@id":"https:\/\/www.thelanguageacademy.nl\/es\/online-teacher-para-otros-idiomas\/#primaryimage"},"image":{"@id":"https:\/\/www.thelanguageacademy.nl\/es\/online-teacher-para-otros-idiomas\/#primaryimage"},"thumbnailUrl":"https:\/\/www.thelanguageacademy.nl\/wp-content\/uploads\/2022\/04\/jan-markt-scaled.jpg","datePublished":"2022-04-26T06:41:03+00:00","dateModified":"2022-07-08T13:31:09+00:00","breadcrumb":{"@id":"https:\/\/www.thelanguageacademy.nl\/es\/online-teacher-para-otros-idiomas\/#breadcrumb"},"inLanguage":"es","potentialAction":[{"@type":"ReadAction","target":["https:\/\/www.thelanguageacademy.nl\/es\/online-teacher-para-otros-idiomas\/"]}]},{"@type":"ImageObject","inLanguage":"es","@id":"https:\/\/www.thelanguageacademy.nl\/es\/online-teacher-para-otros-idiomas\/#primaryimage","url":"https:\/\/www.thelanguageacademy.nl\/wp-content\/uploads\/2022\/04\/jan-markt-scaled.jpg","contentUrl":"https:\/\/www.thelanguageacademy.nl\/wp-content\/uploads\/2022\/04\/jan-markt-scaled.jpg","width":2560,"height":1440,"caption":"Thank you"},{"@type":"BreadcrumbList","@id":"https:\/\/www.thelanguageacademy.nl\/es\/online-teacher-para-otros-idiomas\/#breadcrumb","itemListElement":[{"@type":"ListItem","position":1,"name":"Home","item":"https:\/\/www.thelanguageacademy.nl\/es\/"},{"@type":"ListItem","position":2,"name":"Online+Teacher para otros idiomas"}]},{"@type":"WebSite","@id":"https:\/\/www.thelanguageacademy.nl\/es\/#website","url":"https:\/\/www.thelanguageacademy.nl\/es\/","name":"The Language Academy","description":"elearning","potentialAction":[{"@type":"SearchAction","target":{"@type":"EntryPoint","urlTemplate":"https:\/\/www.thelanguageacademy.nl\/es\/?s={search_term_string}"},"query-input":{"@type":"PropertyValueSpecification","valueRequired":true,"valueName":"search_term_string"}}],"inLanguage":"es"}]}},"_links":{"self":[{"href":"https:\/\/www.thelanguageacademy.nl\/es\/wp-json\/wp\/v2\/pages\/3448","targetHints":{"allow":["GET"]}}],"collection":[{"href":"https:\/\/www.thelanguageacademy.nl\/es\/wp-json\/wp\/v2\/pages"}],"about":[{"href":"https:\/\/www.thelanguageacademy.nl\/es\/wp-json\/wp\/v2\/types\/page"}],"author":[{"embeddable":true,"href":"https:\/\/www.thelanguageacademy.nl\/es\/wp-json\/wp\/v2\/users\/4"}],"replies":[{"embeddable":true,"href":"https:\/\/www.thelanguageacademy.nl\/es\/wp-json\/wp\/v2\/comments?post=3448"}],"version-history":[{"count":7,"href":"https:\/\/www.thelanguageacademy.nl\/es\/wp-json\/wp\/v2\/pages\/3448\/revisions"}],"predecessor-version":[{"id":3748,"href":"https:\/\/www.thelanguageacademy.nl\/es\/wp-json\/wp\/v2\/pages\/3448\/revisions\/3748"}],"wp:featuredmedia":[{"embeddable":true,"href":"https:\/\/www.thelanguageacademy.nl\/es\/wp-json\/wp\/v2\/media\/3353"}],"wp:attachment":[{"href":"https:\/\/www.thelanguageacademy.nl\/es\/wp-json\/wp\/v2\/media?parent=3448"}],"curies":[{"name":"wp","href":"https:\/\/api.w.org\/{rel}","templated":true}]}}