{"id":3906,"date":"2022-10-13T13:35:11","date_gmt":"2022-10-13T11:35:11","guid":{"rendered":"https:\/\/www.thelanguageacademy.nl\/?page_id=3906"},"modified":"2022-10-13T14:38:18","modified_gmt":"2022-10-13T12:38:18","slug":"online-teacher-para-ingles","status":"publish","type":"page","link":"https:\/\/www.thelanguageacademy.nl\/es\/clases-de-conversacion-en-ingles\/","title":{"rendered":"Clases de conversaci\u00f3n en ingl\u00e9s"},"content":{"rendered":"<p>Combina las ventajas del estudio aut\u00f3nomo con clases de conversaci\u00f3n en l\u00ednea con los experimentados profesores de idiomas de<a href=\"https:\/\/www.thelanguageacademy.nl\/es\/acerca-de-the-language-academy\/\"> UvA\u00a0Talen<\/a>. Las palabras y frases que aprendas en el curso en l\u00ednea de ingl\u00e9s las podr\u00e1s practicar en vivo con un profesor.<\/p>\n<p><strong>Curso en l\u00ednea de ingl\u00e9s<br \/>\n<\/strong>El curso en l\u00ednea de ingl\u00e9s lo completar\u00e1s en 11\u00a0lecciones din\u00e1micas: a tu propio ritmo y donde y cuando quieras. Aprender\u00e1s palabras nuevas y gram\u00e1tica, y practicar\u00e1s tus competencias de lectura y de expresi\u00f3n escrita, as\u00ed como la pronunciaci\u00f3n de palabras y sonidos. Tambi\u00e9n practicar\u00e1s la composici\u00f3n de frases.<\/p>\n<p><strong>En combinaci\u00f3n con clases de conversaci\u00f3n en ingl\u00e9s a medida<\/strong><br \/>\nEn las clases de conversaci\u00f3n con un profesor particular podr\u00e1s practicar a fondo tus habilidades de expresi\u00f3n oral. En las clases particulares de ingl\u00e9s en los cursos para principiantes se hace hincapi\u00e9 en la pronunciaci\u00f3n de sonidos y palabras. Aprender\u00e1s a pronunciar frases sencillas y a responder a preguntas simples. Por ejemplo, puedes practicar c\u00f3mo presentarte, c\u00f3mo pedir comida en un restaurante y c\u00f3mo hablar de tu trabajo y tu tiempo libre.<\/p>\n<p>A partir del nivel B1 se hace hincapi\u00e9 en la pr\u00e1ctica de conversaciones m\u00e1s complejas. Aprender\u00e1s a usar frases m\u00e1s dif\u00edciles y a simular una conversaci\u00f3n por tel\u00e9fono o una entrevista de trabajo, por ejemplo. Podr\u00e1s indicar t\u00fa mismo lo que prefieres practicar en las clases particulares de ingl\u00e9s. El profesor est\u00e1 a tu disposici\u00f3n y dar\u00e1 forma a las clases seg\u00fan tus preferencias.<\/p>\n<p><strong>5 o 10 clases de conversaci\u00f3n en ingl\u00e9s<\/strong><br \/>\nPuedes elegir entre un paquete de 5 o de 10 clases particulares de ingl\u00e9s, combinado con un curso en l\u00ednea de 6 o 12 meses. Las clases duran una hora y se imparten mediante una plataforma digital (cu\u00e1l, se decidir\u00e1 de com\u00fan acuerdo).<\/p>\n<p><strong>Planificaci\u00f3n flexible<br \/>\n<\/strong>Las clases de conversaci\u00f3n en ingl\u00e9s las planificamos de com\u00fan acuerdo contigo y con el profesor. Las clases se pueden ir planificando durante el per\u00edodo de vigencia del curso de ingl\u00e9s (6 o 12 meses).<\/p>\n<p><strong>Inscripci\u00f3n<\/strong><br \/>\n\u00a1Selecciona el curso de ingl\u00e9s de tu preferencia y matric\u00falate ahora mismo! \u00bfNo est\u00e1s seguro de cu\u00e1l es tu nivel? En la p\u00e1gina correspondiente a cada curso se incluye un enlace a una versi\u00f3n demo del curso en cuesti\u00f3n.<\/p>\n<p><strong>\u00bfPreguntas?<br \/>\n<\/strong>Si tienes cualquier duda o pregunta,<a href=\"https:\/\/www.thelanguageacademy.nl\/es\/contacto\/contacto\/\"> ponte en contacto<\/a> con nosotros<\/p>\n","protected":false},"excerpt":{"rendered":"<p>Combina las ventajas del estudio aut\u00f3nomo con clases de conversaci\u00f3n en l\u00ednea con los experimentados profesores de idiomas de UvA\u00a0Talen. Las palabras y frases que aprendas en el curso en l\u00ednea de ingl\u00e9s las podr\u00e1s practicar en vivo con un profesor. Curso en l\u00ednea de ingl\u00e9s El curso en l\u00ednea de ingl\u00e9s lo completar\u00e1s en [&hellip;]<\/p>\n","protected":false},"author":4,"featured_media":4381,"parent":0,"menu_order":0,"comment_status":"closed","ping_status":"closed","template":"template-online-teacher-en.php","meta":{"_acf_changed":false,"footnotes":""},"class_list":["post-3906","page","type-page","status-publish","has-post-thumbnail","hentry"],"acf":[],"yoast_head":"<!-- This site is optimized with the Yoast SEO plugin v25.4 - https:\/\/yoast.com\/wordpress\/plugins\/seo\/ -->\n<title>Clases de conversaci\u00f3n en ingl\u00e9s - The Language Academy<\/title>\n<meta name=\"description\" content=\"Combina las clases en l\u00ednea de ingl\u00e9s con clases de conversaci\u00f3n con un profesor. T\u00fa ser\u00e1s quien determine el contenido de las clases particulares.\" \/>\n<meta name=\"robots\" content=\"index, follow, max-snippet:-1, max-image-preview:large, max-video-preview:-1\" \/>\n<link rel=\"canonical\" href=\"https:\/\/www.thelanguageacademy.nl\/es\/clases-de-conversacion-en-ingles\/\" \/>\n<meta property=\"og:locale\" content=\"es_ES\" \/>\n<meta property=\"og:type\" content=\"article\" \/>\n<meta property=\"og:title\" content=\"Clases de conversaci\u00f3n en ingl\u00e9s - The Language Academy\" \/>\n<meta property=\"og:description\" content=\"Combina las clases en l\u00ednea de ingl\u00e9s con clases de conversaci\u00f3n con un profesor. T\u00fa ser\u00e1s quien determine el contenido de las clases particulares.\" \/>\n<meta property=\"og:url\" content=\"https:\/\/www.thelanguageacademy.nl\/es\/clases-de-conversacion-en-ingles\/\" \/>\n<meta property=\"og:site_name\" content=\"The Language Academy\" \/>\n<meta property=\"article:modified_time\" content=\"2022-10-13T12:38:18+00:00\" \/>\n<meta property=\"og:image\" content=\"https:\/\/www.thelanguageacademy.nl\/wp-content\/uploads\/2022\/11\/UvA_Talen_CityStories_Scene1_4096x2304-0-00-23-17-ENN-2-scaled.jpg\" \/>\n\t<meta property=\"og:image:width\" content=\"2560\" \/>\n\t<meta property=\"og:image:height\" content=\"1248\" \/>\n\t<meta property=\"og:image:type\" content=\"image\/jpeg\" \/>\n<meta name=\"twitter:card\" content=\"summary_large_image\" \/>\n<meta name=\"twitter:label1\" content=\"Tiempo de lectura\" \/>\n\t<meta name=\"twitter:data1\" content=\"2 minutos\" \/>\n<script type=\"application\/ld+json\" class=\"yoast-schema-graph\">{\"@context\":\"https:\/\/schema.org\",\"@graph\":[{\"@type\":\"WebPage\",\"@id\":\"https:\/\/www.thelanguageacademy.nl\/es\/clases-de-conversacion-en-ingles\/\",\"url\":\"https:\/\/www.thelanguageacademy.nl\/es\/clases-de-conversacion-en-ingles\/\",\"name\":\"Clases de conversaci\u00f3n en ingl\u00e9s - The Language Academy\",\"isPartOf\":{\"@id\":\"https:\/\/www.thelanguageacademy.nl\/es\/#website\"},\"primaryImageOfPage\":{\"@id\":\"https:\/\/www.thelanguageacademy.nl\/es\/clases-de-conversacion-en-ingles\/#primaryimage\"},\"image\":{\"@id\":\"https:\/\/www.thelanguageacademy.nl\/es\/clases-de-conversacion-en-ingles\/#primaryimage\"},\"thumbnailUrl\":\"https:\/\/www.thelanguageacademy.nl\/wp-content\/uploads\/2022\/11\/UvA_Talen_CityStories_Scene1_4096x2304-0-00-23-17-ENN-2-scaled.jpg\",\"datePublished\":\"2022-10-13T11:35:11+00:00\",\"dateModified\":\"2022-10-13T12:38:18+00:00\",\"description\":\"Combina las clases en l\u00ednea de ingl\u00e9s con clases de conversaci\u00f3n con un profesor. T\u00fa ser\u00e1s quien determine el contenido de las clases particulares.\",\"breadcrumb\":{\"@id\":\"https:\/\/www.thelanguageacademy.nl\/es\/clases-de-conversacion-en-ingles\/#breadcrumb\"},\"inLanguage\":\"es\",\"potentialAction\":[{\"@type\":\"ReadAction\",\"target\":[\"https:\/\/www.thelanguageacademy.nl\/es\/clases-de-conversacion-en-ingles\/\"]}]},{\"@type\":\"ImageObject\",\"inLanguage\":\"es\",\"@id\":\"https:\/\/www.thelanguageacademy.nl\/es\/clases-de-conversacion-en-ingles\/#primaryimage\",\"url\":\"https:\/\/www.thelanguageacademy.nl\/wp-content\/uploads\/2022\/11\/UvA_Talen_CityStories_Scene1_4096x2304-0-00-23-17-ENN-2-scaled.jpg\",\"contentUrl\":\"https:\/\/www.thelanguageacademy.nl\/wp-content\/uploads\/2022\/11\/UvA_Talen_CityStories_Scene1_4096x2304-0-00-23-17-ENN-2-scaled.jpg\",\"width\":2560,\"height\":1248,\"caption\":\"English conversation classes\"},{\"@type\":\"BreadcrumbList\",\"@id\":\"https:\/\/www.thelanguageacademy.nl\/es\/clases-de-conversacion-en-ingles\/#breadcrumb\",\"itemListElement\":[{\"@type\":\"ListItem\",\"position\":1,\"name\":\"Home\",\"item\":\"https:\/\/www.thelanguageacademy.nl\/es\/\"},{\"@type\":\"ListItem\",\"position\":2,\"name\":\"Clases de conversaci\u00f3n en ingl\u00e9s\"}]},{\"@type\":\"WebSite\",\"@id\":\"https:\/\/www.thelanguageacademy.nl\/es\/#website\",\"url\":\"https:\/\/www.thelanguageacademy.nl\/es\/\",\"name\":\"The Language Academy\",\"description\":\"elearning\",\"potentialAction\":[{\"@type\":\"SearchAction\",\"target\":{\"@type\":\"EntryPoint\",\"urlTemplate\":\"https:\/\/www.thelanguageacademy.nl\/es\/?s={search_term_string}\"},\"query-input\":{\"@type\":\"PropertyValueSpecification\",\"valueRequired\":true,\"valueName\":\"search_term_string\"}}],\"inLanguage\":\"es\"}]}<\/script>\n<!-- \/ Yoast SEO plugin. -->","yoast_head_json":{"title":"Clases de conversaci\u00f3n en ingl\u00e9s - The Language Academy","description":"Combina las clases en l\u00ednea de ingl\u00e9s con clases de conversaci\u00f3n con un profesor. T\u00fa ser\u00e1s quien determine el contenido de las clases particulares.","robots":{"index":"index","follow":"follow","max-snippet":"max-snippet:-1","max-image-preview":"max-image-preview:large","max-video-preview":"max-video-preview:-1"},"canonical":"https:\/\/www.thelanguageacademy.nl\/es\/clases-de-conversacion-en-ingles\/","og_locale":"es_ES","og_type":"article","og_title":"Clases de conversaci\u00f3n en ingl\u00e9s - The Language Academy","og_description":"Combina las clases en l\u00ednea de ingl\u00e9s con clases de conversaci\u00f3n con un profesor. T\u00fa ser\u00e1s quien determine el contenido de las clases particulares.","og_url":"https:\/\/www.thelanguageacademy.nl\/es\/clases-de-conversacion-en-ingles\/","og_site_name":"The Language Academy","article_modified_time":"2022-10-13T12:38:18+00:00","og_image":[{"width":2560,"height":1248,"url":"https:\/\/www.thelanguageacademy.nl\/wp-content\/uploads\/2022\/11\/UvA_Talen_CityStories_Scene1_4096x2304-0-00-23-17-ENN-2-scaled.jpg","type":"image\/jpeg"}],"twitter_card":"summary_large_image","twitter_misc":{"Tiempo de lectura":"2 minutos"},"schema":{"@context":"https:\/\/schema.org","@graph":[{"@type":"WebPage","@id":"https:\/\/www.thelanguageacademy.nl\/es\/clases-de-conversacion-en-ingles\/","url":"https:\/\/www.thelanguageacademy.nl\/es\/clases-de-conversacion-en-ingles\/","name":"Clases de conversaci\u00f3n en ingl\u00e9s - The Language Academy","isPartOf":{"@id":"https:\/\/www.thelanguageacademy.nl\/es\/#website"},"primaryImageOfPage":{"@id":"https:\/\/www.thelanguageacademy.nl\/es\/clases-de-conversacion-en-ingles\/#primaryimage"},"image":{"@id":"https:\/\/www.thelanguageacademy.nl\/es\/clases-de-conversacion-en-ingles\/#primaryimage"},"thumbnailUrl":"https:\/\/www.thelanguageacademy.nl\/wp-content\/uploads\/2022\/11\/UvA_Talen_CityStories_Scene1_4096x2304-0-00-23-17-ENN-2-scaled.jpg","datePublished":"2022-10-13T11:35:11+00:00","dateModified":"2022-10-13T12:38:18+00:00","description":"Combina las clases en l\u00ednea de ingl\u00e9s con clases de conversaci\u00f3n con un profesor. T\u00fa ser\u00e1s quien determine el contenido de las clases particulares.","breadcrumb":{"@id":"https:\/\/www.thelanguageacademy.nl\/es\/clases-de-conversacion-en-ingles\/#breadcrumb"},"inLanguage":"es","potentialAction":[{"@type":"ReadAction","target":["https:\/\/www.thelanguageacademy.nl\/es\/clases-de-conversacion-en-ingles\/"]}]},{"@type":"ImageObject","inLanguage":"es","@id":"https:\/\/www.thelanguageacademy.nl\/es\/clases-de-conversacion-en-ingles\/#primaryimage","url":"https:\/\/www.thelanguageacademy.nl\/wp-content\/uploads\/2022\/11\/UvA_Talen_CityStories_Scene1_4096x2304-0-00-23-17-ENN-2-scaled.jpg","contentUrl":"https:\/\/www.thelanguageacademy.nl\/wp-content\/uploads\/2022\/11\/UvA_Talen_CityStories_Scene1_4096x2304-0-00-23-17-ENN-2-scaled.jpg","width":2560,"height":1248,"caption":"English conversation classes"},{"@type":"BreadcrumbList","@id":"https:\/\/www.thelanguageacademy.nl\/es\/clases-de-conversacion-en-ingles\/#breadcrumb","itemListElement":[{"@type":"ListItem","position":1,"name":"Home","item":"https:\/\/www.thelanguageacademy.nl\/es\/"},{"@type":"ListItem","position":2,"name":"Clases de conversaci\u00f3n en ingl\u00e9s"}]},{"@type":"WebSite","@id":"https:\/\/www.thelanguageacademy.nl\/es\/#website","url":"https:\/\/www.thelanguageacademy.nl\/es\/","name":"The Language Academy","description":"elearning","potentialAction":[{"@type":"SearchAction","target":{"@type":"EntryPoint","urlTemplate":"https:\/\/www.thelanguageacademy.nl\/es\/?s={search_term_string}"},"query-input":{"@type":"PropertyValueSpecification","valueRequired":true,"valueName":"search_term_string"}}],"inLanguage":"es"}]}},"_links":{"self":[{"href":"https:\/\/www.thelanguageacademy.nl\/es\/wp-json\/wp\/v2\/pages\/3906","targetHints":{"allow":["GET"]}}],"collection":[{"href":"https:\/\/www.thelanguageacademy.nl\/es\/wp-json\/wp\/v2\/pages"}],"about":[{"href":"https:\/\/www.thelanguageacademy.nl\/es\/wp-json\/wp\/v2\/types\/page"}],"author":[{"embeddable":true,"href":"https:\/\/www.thelanguageacademy.nl\/es\/wp-json\/wp\/v2\/users\/4"}],"replies":[{"embeddable":true,"href":"https:\/\/www.thelanguageacademy.nl\/es\/wp-json\/wp\/v2\/comments?post=3906"}],"version-history":[{"count":5,"href":"https:\/\/www.thelanguageacademy.nl\/es\/wp-json\/wp\/v2\/pages\/3906\/revisions"}],"predecessor-version":[{"id":4125,"href":"https:\/\/www.thelanguageacademy.nl\/es\/wp-json\/wp\/v2\/pages\/3906\/revisions\/4125"}],"wp:featuredmedia":[{"embeddable":true,"href":"https:\/\/www.thelanguageacademy.nl\/es\/wp-json\/wp\/v2\/media\/4381"}],"wp:attachment":[{"href":"https:\/\/www.thelanguageacademy.nl\/es\/wp-json\/wp\/v2\/media?parent=3906"}],"curies":[{"name":"wp","href":"https:\/\/api.w.org\/{rel}","templated":true}]}}