{"id":4075,"date":"2022-10-20T10:18:29","date_gmt":"2022-10-20T08:18:29","guid":{"rendered":"https:\/\/www.thelanguageacademy.nl\/?page_id=4075"},"modified":"2022-11-02T12:04:12","modified_gmt":"2022-11-02T11:04:12","slug":"combina-tu-formacion-a-distancia-con-clases-de-conversacion","status":"publish","type":"page","link":"https:\/\/www.thelanguageacademy.nl\/es\/combina-tu-formacion-a-distancia-con-clases-de-conversacion\/","title":{"rendered":"Combina tu formaci\u00f3n a distancia con clases de conversaci\u00f3n"},"content":{"rendered":"<p>&nbsp;<\/p>\n<p><strong>Combina las ventajas del estudio aut\u00f3nomo con clases de conversaci\u00f3n en l\u00ednea con los experimentados profesores de idiomas de <a href=\"https:\/\/www.uvatalen.nl\/en\/group-courses-12-languages\">UvA Talen<\/a>. Nuestros profesores son nativos de neerland\u00e9s, ingl\u00e9s, espa\u00f1ol, franc\u00e9s, italiano y alem\u00e1n.<\/strong><\/p>\n<p>\u00bfQuieres aprender a hablar con m\u00e1s fluidez y m\u00e1s confianza? Con las clases de conversaci\u00f3n puedes practicar el vocabulario y las frases que has aprendido durante tu curso en l\u00ednea. Las clases duran una hora y se imparten mediante una plataforma digital (cu\u00e1l, se decidir\u00e1 de com\u00fan acuerdo). \u00a1Haz clic en el curso de tu preferencia y empieza ahora!<\/p>\n<p>&nbsp;<\/p>\n<h1 style=\"text-align: center;\">Nuestras clases de conversaci\u00f3n<\/h1>\n<p>&nbsp;<\/p>\n","protected":false},"excerpt":{"rendered":"<p>&nbsp; Combina las ventajas del estudio aut\u00f3nomo con clases de conversaci\u00f3n en l\u00ednea con los experimentados profesores de idiomas de UvA Talen. Nuestros profesores son nativos de neerland\u00e9s, ingl\u00e9s, espa\u00f1ol, franc\u00e9s, italiano y alem\u00e1n. \u00bfQuieres aprender a hablar con m\u00e1s fluidez y m\u00e1s confianza? Con las clases de conversaci\u00f3n puedes practicar el vocabulario y las [&hellip;]<\/p>\n","protected":false},"author":4,"featured_media":3470,"parent":0,"menu_order":0,"comment_status":"closed","ping_status":"closed","template":"template-ot-start.php","meta":{"_acf_changed":false,"footnotes":""},"class_list":["post-4075","page","type-page","status-publish","has-post-thumbnail","hentry"],"acf":[],"yoast_head":"<!-- This site is optimized with the Yoast SEO plugin v25.4 - https:\/\/yoast.com\/wordpress\/plugins\/seo\/ -->\n<title>Combina tu formaci\u00f3n a distancia con clases de conversaci\u00f3n - The Language Academy<\/title>\n<meta name=\"description\" content=\"Combina las ventajas del estudio aut\u00f3nomo con clases de conversaci\u00f3n en l\u00ednea con los experimentados profesores de idiomas de UvA Talen. \u00a1Empieza ahora!\" \/>\n<meta name=\"robots\" content=\"index, follow, max-snippet:-1, max-image-preview:large, max-video-preview:-1\" \/>\n<link rel=\"canonical\" href=\"https:\/\/www.thelanguageacademy.nl\/es\/combina-tu-formacion-a-distancia-con-clases-de-conversacion\/\" \/>\n<meta property=\"og:locale\" content=\"es_ES\" \/>\n<meta property=\"og:type\" content=\"article\" \/>\n<meta property=\"og:title\" content=\"Combina tu formaci\u00f3n a distancia con clases de conversaci\u00f3n - The Language Academy\" \/>\n<meta property=\"og:description\" content=\"Combina las ventajas del estudio aut\u00f3nomo con clases de conversaci\u00f3n en l\u00ednea con los experimentados profesores de idiomas de UvA Talen. \u00a1Empieza ahora!\" \/>\n<meta property=\"og:url\" content=\"https:\/\/www.thelanguageacademy.nl\/es\/combina-tu-formacion-a-distancia-con-clases-de-conversacion\/\" \/>\n<meta property=\"og:site_name\" content=\"The Language Academy\" \/>\n<meta property=\"article:modified_time\" content=\"2022-11-02T11:04:12+00:00\" \/>\n<meta property=\"og:image\" content=\"https:\/\/www.thelanguageacademy.nl\/wp-content\/uploads\/2022\/04\/UvA_TLA_DEF_4K-27-2-2018.mp4.00_00_47_22.Still002-scaled.jpg\" \/>\n\t<meta property=\"og:image:width\" content=\"2560\" \/>\n\t<meta property=\"og:image:height\" content=\"1440\" \/>\n\t<meta property=\"og:image:type\" content=\"image\/jpeg\" \/>\n<meta name=\"twitter:card\" content=\"summary_large_image\" \/>\n<meta name=\"twitter:label1\" content=\"Tiempo de lectura\" \/>\n\t<meta name=\"twitter:data1\" content=\"1 minuto\" \/>\n<script type=\"application\/ld+json\" class=\"yoast-schema-graph\">{\"@context\":\"https:\/\/schema.org\",\"@graph\":[{\"@type\":\"WebPage\",\"@id\":\"https:\/\/www.thelanguageacademy.nl\/es\/combina-tu-formacion-a-distancia-con-clases-de-conversacion\/\",\"url\":\"https:\/\/www.thelanguageacademy.nl\/es\/combina-tu-formacion-a-distancia-con-clases-de-conversacion\/\",\"name\":\"Combina tu formaci\u00f3n a distancia con clases de conversaci\u00f3n - The Language Academy\",\"isPartOf\":{\"@id\":\"https:\/\/www.thelanguageacademy.nl\/es\/#website\"},\"primaryImageOfPage\":{\"@id\":\"https:\/\/www.thelanguageacademy.nl\/es\/combina-tu-formacion-a-distancia-con-clases-de-conversacion\/#primaryimage\"},\"image\":{\"@id\":\"https:\/\/www.thelanguageacademy.nl\/es\/combina-tu-formacion-a-distancia-con-clases-de-conversacion\/#primaryimage\"},\"thumbnailUrl\":\"https:\/\/www.thelanguageacademy.nl\/wp-content\/uploads\/2022\/04\/UvA_TLA_DEF_4K-27-2-2018.mp4.00_00_47_22.Still002-scaled.jpg\",\"datePublished\":\"2022-10-20T08:18:29+00:00\",\"dateModified\":\"2022-11-02T11:04:12+00:00\",\"description\":\"Combina las ventajas del estudio aut\u00f3nomo con clases de conversaci\u00f3n en l\u00ednea con los experimentados profesores de idiomas de UvA Talen. \u00a1Empieza ahora!\",\"breadcrumb\":{\"@id\":\"https:\/\/www.thelanguageacademy.nl\/es\/combina-tu-formacion-a-distancia-con-clases-de-conversacion\/#breadcrumb\"},\"inLanguage\":\"es\",\"potentialAction\":[{\"@type\":\"ReadAction\",\"target\":[\"https:\/\/www.thelanguageacademy.nl\/es\/combina-tu-formacion-a-distancia-con-clases-de-conversacion\/\"]}]},{\"@type\":\"ImageObject\",\"inLanguage\":\"es\",\"@id\":\"https:\/\/www.thelanguageacademy.nl\/es\/combina-tu-formacion-a-distancia-con-clases-de-conversacion\/#primaryimage\",\"url\":\"https:\/\/www.thelanguageacademy.nl\/wp-content\/uploads\/2022\/04\/UvA_TLA_DEF_4K-27-2-2018.mp4.00_00_47_22.Still002-scaled.jpg\",\"contentUrl\":\"https:\/\/www.thelanguageacademy.nl\/wp-content\/uploads\/2022\/04\/UvA_TLA_DEF_4K-27-2-2018.mp4.00_00_47_22.Still002-scaled.jpg\",\"width\":2560,\"height\":1440},{\"@type\":\"BreadcrumbList\",\"@id\":\"https:\/\/www.thelanguageacademy.nl\/es\/combina-tu-formacion-a-distancia-con-clases-de-conversacion\/#breadcrumb\",\"itemListElement\":[{\"@type\":\"ListItem\",\"position\":1,\"name\":\"Home\",\"item\":\"https:\/\/www.thelanguageacademy.nl\/es\/\"},{\"@type\":\"ListItem\",\"position\":2,\"name\":\"Combina tu formaci\u00f3n a distancia con clases de conversaci\u00f3n\"}]},{\"@type\":\"WebSite\",\"@id\":\"https:\/\/www.thelanguageacademy.nl\/es\/#website\",\"url\":\"https:\/\/www.thelanguageacademy.nl\/es\/\",\"name\":\"The Language Academy\",\"description\":\"elearning\",\"potentialAction\":[{\"@type\":\"SearchAction\",\"target\":{\"@type\":\"EntryPoint\",\"urlTemplate\":\"https:\/\/www.thelanguageacademy.nl\/es\/?s={search_term_string}\"},\"query-input\":{\"@type\":\"PropertyValueSpecification\",\"valueRequired\":true,\"valueName\":\"search_term_string\"}}],\"inLanguage\":\"es\"}]}<\/script>\n<!-- \/ Yoast SEO plugin. -->","yoast_head_json":{"title":"Combina tu formaci\u00f3n a distancia con clases de conversaci\u00f3n - The Language Academy","description":"Combina las ventajas del estudio aut\u00f3nomo con clases de conversaci\u00f3n en l\u00ednea con los experimentados profesores de idiomas de UvA Talen. \u00a1Empieza ahora!","robots":{"index":"index","follow":"follow","max-snippet":"max-snippet:-1","max-image-preview":"max-image-preview:large","max-video-preview":"max-video-preview:-1"},"canonical":"https:\/\/www.thelanguageacademy.nl\/es\/combina-tu-formacion-a-distancia-con-clases-de-conversacion\/","og_locale":"es_ES","og_type":"article","og_title":"Combina tu formaci\u00f3n a distancia con clases de conversaci\u00f3n - The Language Academy","og_description":"Combina las ventajas del estudio aut\u00f3nomo con clases de conversaci\u00f3n en l\u00ednea con los experimentados profesores de idiomas de UvA Talen. \u00a1Empieza ahora!","og_url":"https:\/\/www.thelanguageacademy.nl\/es\/combina-tu-formacion-a-distancia-con-clases-de-conversacion\/","og_site_name":"The Language Academy","article_modified_time":"2022-11-02T11:04:12+00:00","og_image":[{"width":2560,"height":1440,"url":"https:\/\/www.thelanguageacademy.nl\/wp-content\/uploads\/2022\/04\/UvA_TLA_DEF_4K-27-2-2018.mp4.00_00_47_22.Still002-scaled.jpg","type":"image\/jpeg"}],"twitter_card":"summary_large_image","twitter_misc":{"Tiempo de lectura":"1 minuto"},"schema":{"@context":"https:\/\/schema.org","@graph":[{"@type":"WebPage","@id":"https:\/\/www.thelanguageacademy.nl\/es\/combina-tu-formacion-a-distancia-con-clases-de-conversacion\/","url":"https:\/\/www.thelanguageacademy.nl\/es\/combina-tu-formacion-a-distancia-con-clases-de-conversacion\/","name":"Combina tu formaci\u00f3n a distancia con clases de conversaci\u00f3n - The Language Academy","isPartOf":{"@id":"https:\/\/www.thelanguageacademy.nl\/es\/#website"},"primaryImageOfPage":{"@id":"https:\/\/www.thelanguageacademy.nl\/es\/combina-tu-formacion-a-distancia-con-clases-de-conversacion\/#primaryimage"},"image":{"@id":"https:\/\/www.thelanguageacademy.nl\/es\/combina-tu-formacion-a-distancia-con-clases-de-conversacion\/#primaryimage"},"thumbnailUrl":"https:\/\/www.thelanguageacademy.nl\/wp-content\/uploads\/2022\/04\/UvA_TLA_DEF_4K-27-2-2018.mp4.00_00_47_22.Still002-scaled.jpg","datePublished":"2022-10-20T08:18:29+00:00","dateModified":"2022-11-02T11:04:12+00:00","description":"Combina las ventajas del estudio aut\u00f3nomo con clases de conversaci\u00f3n en l\u00ednea con los experimentados profesores de idiomas de UvA Talen. \u00a1Empieza ahora!","breadcrumb":{"@id":"https:\/\/www.thelanguageacademy.nl\/es\/combina-tu-formacion-a-distancia-con-clases-de-conversacion\/#breadcrumb"},"inLanguage":"es","potentialAction":[{"@type":"ReadAction","target":["https:\/\/www.thelanguageacademy.nl\/es\/combina-tu-formacion-a-distancia-con-clases-de-conversacion\/"]}]},{"@type":"ImageObject","inLanguage":"es","@id":"https:\/\/www.thelanguageacademy.nl\/es\/combina-tu-formacion-a-distancia-con-clases-de-conversacion\/#primaryimage","url":"https:\/\/www.thelanguageacademy.nl\/wp-content\/uploads\/2022\/04\/UvA_TLA_DEF_4K-27-2-2018.mp4.00_00_47_22.Still002-scaled.jpg","contentUrl":"https:\/\/www.thelanguageacademy.nl\/wp-content\/uploads\/2022\/04\/UvA_TLA_DEF_4K-27-2-2018.mp4.00_00_47_22.Still002-scaled.jpg","width":2560,"height":1440},{"@type":"BreadcrumbList","@id":"https:\/\/www.thelanguageacademy.nl\/es\/combina-tu-formacion-a-distancia-con-clases-de-conversacion\/#breadcrumb","itemListElement":[{"@type":"ListItem","position":1,"name":"Home","item":"https:\/\/www.thelanguageacademy.nl\/es\/"},{"@type":"ListItem","position":2,"name":"Combina tu formaci\u00f3n a distancia con clases de conversaci\u00f3n"}]},{"@type":"WebSite","@id":"https:\/\/www.thelanguageacademy.nl\/es\/#website","url":"https:\/\/www.thelanguageacademy.nl\/es\/","name":"The Language Academy","description":"elearning","potentialAction":[{"@type":"SearchAction","target":{"@type":"EntryPoint","urlTemplate":"https:\/\/www.thelanguageacademy.nl\/es\/?s={search_term_string}"},"query-input":{"@type":"PropertyValueSpecification","valueRequired":true,"valueName":"search_term_string"}}],"inLanguage":"es"}]}},"_links":{"self":[{"href":"https:\/\/www.thelanguageacademy.nl\/es\/wp-json\/wp\/v2\/pages\/4075","targetHints":{"allow":["GET"]}}],"collection":[{"href":"https:\/\/www.thelanguageacademy.nl\/es\/wp-json\/wp\/v2\/pages"}],"about":[{"href":"https:\/\/www.thelanguageacademy.nl\/es\/wp-json\/wp\/v2\/types\/page"}],"author":[{"embeddable":true,"href":"https:\/\/www.thelanguageacademy.nl\/es\/wp-json\/wp\/v2\/users\/4"}],"replies":[{"embeddable":true,"href":"https:\/\/www.thelanguageacademy.nl\/es\/wp-json\/wp\/v2\/comments?post=4075"}],"version-history":[{"count":21,"href":"https:\/\/www.thelanguageacademy.nl\/es\/wp-json\/wp\/v2\/pages\/4075\/revisions"}],"predecessor-version":[{"id":4288,"href":"https:\/\/www.thelanguageacademy.nl\/es\/wp-json\/wp\/v2\/pages\/4075\/revisions\/4288"}],"wp:featuredmedia":[{"embeddable":true,"href":"https:\/\/www.thelanguageacademy.nl\/es\/wp-json\/wp\/v2\/media\/3470"}],"wp:attachment":[{"href":"https:\/\/www.thelanguageacademy.nl\/es\/wp-json\/wp\/v2\/media?parent=4075"}],"curies":[{"name":"wp","href":"https:\/\/api.w.org\/{rel}","templated":true}]}}