{"id":458,"date":"2018-03-05T11:35:01","date_gmt":"2018-03-05T10:35:01","guid":{"rendered":"http:\/\/tla.mediapie.nl\/open\/voorwaarden\/"},"modified":"2022-09-29T11:36:46","modified_gmt":"2022-09-29T09:36:46","slug":"condiciones-generales","status":"publish","type":"page","link":"https:\/\/www.thelanguageacademy.nl\/es\/condiciones-generales\/","title":{"rendered":"Condiciones generales"},"content":{"rendered":"<p>The\u00a0 Language Academy forma parte de UvA Talen B.V. Donde se escribe The Language Academy, se puede leer UvA Talen BV igualmente.<\/p>\n<p>&nbsp;<\/p>\n<p><strong>Inscripci\u00f3n<\/strong><\/p>\n<ol>\n<li>La inscripci\u00f3n a nuestros cursos en l\u00ednea se realiza a trav\u00e9s del sitio web. Cuando te registres, necesitaremos que nos indiques tu nombre y tu direcci\u00f3n de correo electr\u00f3nico. Al registrarte aceptas nuestra <a href=\"https:\/\/www.thelanguageacademy.nl\/es\/declaracion-de-privacidad-y-cookies\/\">Declaraci\u00f3n de privacidad y cookies<\/a>, nuestras Condiciones generales, y das tu consentimiento para que The Language Academy te env\u00ede correos electr\u00f3nicos puntuales con informaci\u00f3n sobre nuestros cursos y ofertas. El coste de la matr\u00edcula se paga inmediatamente despu\u00e9s de la inscripci\u00f3n. Recibir\u00e1s la factura por correo, con el porcentaje de IVA aplicable del 0%.<\/li>\n<li>El curso para el que te hayas inscrito est\u00e1 disponible durante el per\u00edodo de tu elecci\u00f3n (3, 6 o 12 meses).<\/li>\n<\/ol>\n<p>&nbsp;<\/p>\n<p><strong>Per\u00edodo de reflexi\u00f3n<\/strong><\/p>\n<ol>\n<li>Un curso de The Language Academy es un producto digital. Desde el momento de la inscripci\u00f3n y el pago, tendr\u00e1s derecho legal a cambiar de opini\u00f3n durante 14 d\u00edas. Durante este per\u00edodo, no podr\u00e1s usar el producto. Para darte la oportunidad de formarte una opini\u00f3n sobre el curso, podr\u00e1s acceder a una versi\u00f3n de demostraci\u00f3n gratuita de los dos primeros cap\u00edtulos. Necesitamos que proporciones tu direcci\u00f3n de correo electr\u00f3nico para que puedas acceder a una demo. Al facilitar tu direcci\u00f3n de correo electr\u00f3nico aceptas nuestra <a href=\"https:\/\/www.thelanguageacademy.nl\/es\/declaracion-de-privacidad-y-cookies\/\">Declaraci\u00f3n de privacidad y cookies<\/a>, nuestras Condiciones generales, y das tu consentimiento para que The Language Academy te env\u00ede correos electr\u00f3nicos puntuales con informaci\u00f3n sobre nuestros cursos y ofertas.<\/li>\n<li>Si deseas utilizar el producto dentro del per\u00edodo de 14 d\u00edas, podr\u00e1s renunciar al per\u00edodo de reflexi\u00f3n. Podr\u00e1s indicarlo en nuestro sitio web y, a continuaci\u00f3n, utilizar el producto de inmediato.<\/li>\n<\/ol>\n<p>&nbsp;<\/p>\n<p><strong>Descuentos<br \/>\n<\/strong>Si despu\u00e9s de realizar un curso de The Language Academy decides realizar otro curso, tendr\u00e1s derecho a un descuento de 25 \u20ac en cualquier curso que realices dentro de un per\u00edodo espec\u00edfico de 6 meses. Este per\u00edodo de 6 meses comenzar\u00e1 en el momento en el que termine la duraci\u00f3n del curso adquirido, o en el momento en que hayas completado este curso descargando su certificado.<\/p>\n<p>&nbsp;<\/p>\n<p><strong>Ampliaci\u00f3n<br \/>\n<\/strong>Mediante un pago adicional, The Language Academy te ofrece la posibilidad de ampliar el uso del curso en l\u00ednea adquirido. Podr\u00e1s ampliar la duraci\u00f3n del curso hasta el \u00faltimo d\u00eda anterior al final del contrato del curso.<\/p>\n<p>&nbsp;<\/p>\n<p><strong>Online+Teacher<\/strong><\/p>\n<ol>\n<li>Comienzo de las clases de conversaci\u00f3n<br \/>\nLas clases de conversaci\u00f3n pueden comenzar a las 2 semanas de la compra del curso de The Language Academy. Las clases de conversaci\u00f3n se pueden planificar una vez hayas comprado el curso y en cuanto hayas renunciado al per\u00edodo legal de reflexi\u00f3n de 2 semanas, o cuando \u00e9ste haya vencido.<\/li>\n<li>Planificaci\u00f3n de las clases de conversaci\u00f3n<br \/>\nLas 5 o 10 clases de conversaci\u00f3n se tienen que planificar durante el per\u00edodo de vigencia inicial del curso en l\u00ednea (6 o 12 meses). Si se pr\u00f3rroga el curso en l\u00ednea, las clases de conversaci\u00f3n no se podr\u00e1n impartir durante la pr\u00f3rroga. Una vez hayas comprado el curso, nos pondremos en contacto contigo dentro de los 5 d\u00edas laborables siguientes a la compra, para planificar tu primera clase.<\/li>\n<li>Anulaci\u00f3n de las clases de conversaci\u00f3n<br \/>\nLas clases de conversaci\u00f3n solamente se pueden anular por e-mail, enviado a info@thelanguageacademy.nl. S\u00f3lo se puede anular una determinada clase de conversaci\u00f3n si se notifica con al menos 24 horas de antelaci\u00f3n. La clase anulada se podr\u00e1 volver a planificar de nuevo sin mayor problema. Si no se respeta el plazo de 24 horas, la clase de conversaci\u00f3n anulada no se podr\u00e1 recuperar.<\/li>\n<li>Asuntos t\u00e9cnicos<br \/>\nLas clases de conversaci\u00f3n se celebran mediante plataformas de videoconferencia tales como Zoom o Microsoft Teams, por ejemplo. A ti te corresponde ocuparte de tener una buena conexi\u00f3n a Internet y de disponer de un port\u00e1til o de una tableta con c\u00e1mara y micr\u00f3fono.<\/li>\n<\/ol>\n<p>&nbsp;<\/p>\n<p><strong>Preguntas y reclamaciones<\/strong><\/p>\n<ol>\n<li>A trav\u00e9s del formulario de contacto del sitio web de The Language Academy, podr\u00e1s enviar preguntas o comentarios. Cuando te pongas en contacto con nosotros, necesitaremos que nos indiques tu nombre y tu direcci\u00f3n de correo electr\u00f3nico.<\/li>\n<li>The Language Academy responder\u00e1 a las preguntas de car\u00e1cter administrativo y sobre el contenido de los cursos en l\u00ednea en un plazo de 10 d\u00edas h\u00e1biles, contados a partir de la fecha de recepci\u00f3n, salvo que no sea razonablemente posible.<\/li>\n<li>Las reclamaciones deber\u00e1n ser comunicadas por escrito, es decir, por correo electr\u00f3nico. Recibir\u00e1s una confirmaci\u00f3n de recepci\u00f3n de nuestra parte que indique la fecha l\u00edmite para la tramitaci\u00f3n del contenido de la reclamaci\u00f3n por parte de The Language Academy.<\/li>\n<\/ol>\n<p>&nbsp;<\/p>\n<p><strong>Derechos de propiedad intelectual<\/strong><\/p>\n<ol>\n<li>Los derechos de propiedad intelectual sobre el material de estudio y los materiales de imagen y de v\u00eddeo producidos por The Language Academy corresponder\u00e1n en todo momento a The Language Academy.<\/li>\n<li>El acceso al entorno de aprendizaje digital de The Language Academy es estrictamente personal. No estar\u00e1 permitido facilitar los datos de acceso a terceras personas, ni facilitar el acceso a terceros a tu entorno de aprendizaje digital con tus datos de inicio de sesi\u00f3n. La venta o cesi\u00f3n de los datos de acceso a terceros est\u00e1 estrictamente prohibida. La divulgaci\u00f3n de los datos de inicio de sesi\u00f3n en cualquier forma est\u00e1 estrictamente prohibida.<\/li>\n<\/ol>\n<p>&nbsp;<\/p>\n<p><strong>Privacidad e informaci\u00f3n reservada<\/strong><\/p>\n<p>The Language Academy concede gran importancia a tu privacidad. Tu informaci\u00f3n no ser\u00e1 proporcionada a terceros. Cualquier informaci\u00f3n reservada (personal) sobre nuestros estudiantes se considera estrictamente confidencial y no se compartir\u00e1 con partes ajenas a The Language Academy.<\/p>\n<p>&nbsp;<\/p>\n<p><strong>Cambios en las condiciones<\/strong><br \/>\nThe Language Academy se reserva el derecho de modificar las condiciones de pago y de cancelaci\u00f3n en cualquier momento.<\/p>\n<p>&nbsp;<\/p>\n<p><strong>Derecho<br \/>\n<\/strong>Todos nuestros productos, servicios y condiciones de entrega estar\u00e1n sujetos a la legislaci\u00f3n de los Pa\u00edses Bajos en todo momento y en todos los casos.<\/p>\n<p>&nbsp;<\/p>\n<p>[versi\u00f3n de febrero de 2022]<\/p>\n","protected":false},"excerpt":{"rendered":"<p>The\u00a0 Language Academy forma parte de UvA Talen B.V. Donde se escribe The Language Academy, se puede leer UvA Talen BV igualmente. &nbsp; Inscripci\u00f3n La inscripci\u00f3n a nuestros cursos en l\u00ednea se realiza a trav\u00e9s del sitio web. Cuando te registres, necesitaremos que nos indiques tu nombre y tu direcci\u00f3n de correo electr\u00f3nico. Al registrarte [&hellip;]<\/p>\n","protected":false},"author":1,"featured_media":0,"parent":0,"menu_order":0,"comment_status":"closed","ping_status":"closed","template":"","meta":{"_acf_changed":false,"footnotes":""},"class_list":["post-458","page","type-page","status-publish","hentry"],"acf":[],"yoast_head":"<!-- This site is optimized with the Yoast SEO plugin v25.4 - https:\/\/yoast.com\/wordpress\/plugins\/seo\/ -->\n<title>Condiciones generales - The Language Academy<\/title>\n<meta name=\"description\" content=\"The Language Academy ofrece cursos de idiomas en l\u00ednea de calidad acad\u00e9mica, con una curva de aprendizaje r\u00e1pida y lecciones orientadas a resultados.\" \/>\n<meta name=\"robots\" content=\"index, follow, max-snippet:-1, max-image-preview:large, max-video-preview:-1\" \/>\n<link rel=\"canonical\" href=\"https:\/\/www.thelanguageacademy.nl\/es\/condiciones-generales\/\" \/>\n<meta property=\"og:locale\" content=\"es_ES\" \/>\n<meta property=\"og:type\" content=\"article\" \/>\n<meta property=\"og:title\" content=\"Condiciones generales - The Language Academy\" \/>\n<meta property=\"og:description\" content=\"The Language Academy ofrece cursos de idiomas en l\u00ednea de calidad acad\u00e9mica, con una curva de aprendizaje r\u00e1pida y lecciones orientadas a resultados.\" \/>\n<meta property=\"og:url\" content=\"https:\/\/www.thelanguageacademy.nl\/es\/condiciones-generales\/\" \/>\n<meta property=\"og:site_name\" content=\"The Language Academy\" \/>\n<meta property=\"article:modified_time\" content=\"2022-09-29T09:36:46+00:00\" \/>\n<meta name=\"twitter:card\" content=\"summary_large_image\" \/>\n<meta name=\"twitter:label1\" content=\"Tiempo de lectura\" \/>\n\t<meta name=\"twitter:data1\" content=\"5 minutos\" \/>\n<script type=\"application\/ld+json\" class=\"yoast-schema-graph\">{\"@context\":\"https:\/\/schema.org\",\"@graph\":[{\"@type\":\"WebPage\",\"@id\":\"https:\/\/www.thelanguageacademy.nl\/es\/condiciones-generales\/\",\"url\":\"https:\/\/www.thelanguageacademy.nl\/es\/condiciones-generales\/\",\"name\":\"Condiciones generales - The Language Academy\",\"isPartOf\":{\"@id\":\"https:\/\/www.thelanguageacademy.nl\/es\/#website\"},\"datePublished\":\"2018-03-05T10:35:01+00:00\",\"dateModified\":\"2022-09-29T09:36:46+00:00\",\"description\":\"The Language Academy ofrece cursos de idiomas en l\u00ednea de calidad acad\u00e9mica, con una curva de aprendizaje r\u00e1pida y lecciones orientadas a resultados.\",\"breadcrumb\":{\"@id\":\"https:\/\/www.thelanguageacademy.nl\/es\/condiciones-generales\/#breadcrumb\"},\"inLanguage\":\"es\",\"potentialAction\":[{\"@type\":\"ReadAction\",\"target\":[\"https:\/\/www.thelanguageacademy.nl\/es\/condiciones-generales\/\"]}]},{\"@type\":\"BreadcrumbList\",\"@id\":\"https:\/\/www.thelanguageacademy.nl\/es\/condiciones-generales\/#breadcrumb\",\"itemListElement\":[{\"@type\":\"ListItem\",\"position\":1,\"name\":\"Home\",\"item\":\"https:\/\/www.thelanguageacademy.nl\/es\/\"},{\"@type\":\"ListItem\",\"position\":2,\"name\":\"Condiciones generales\"}]},{\"@type\":\"WebSite\",\"@id\":\"https:\/\/www.thelanguageacademy.nl\/es\/#website\",\"url\":\"https:\/\/www.thelanguageacademy.nl\/es\/\",\"name\":\"The Language Academy\",\"description\":\"elearning\",\"potentialAction\":[{\"@type\":\"SearchAction\",\"target\":{\"@type\":\"EntryPoint\",\"urlTemplate\":\"https:\/\/www.thelanguageacademy.nl\/es\/?s={search_term_string}\"},\"query-input\":{\"@type\":\"PropertyValueSpecification\",\"valueRequired\":true,\"valueName\":\"search_term_string\"}}],\"inLanguage\":\"es\"}]}<\/script>\n<!-- \/ Yoast SEO plugin. -->","yoast_head_json":{"title":"Condiciones generales - The Language Academy","description":"The Language Academy ofrece cursos de idiomas en l\u00ednea de calidad acad\u00e9mica, con una curva de aprendizaje r\u00e1pida y lecciones orientadas a resultados.","robots":{"index":"index","follow":"follow","max-snippet":"max-snippet:-1","max-image-preview":"max-image-preview:large","max-video-preview":"max-video-preview:-1"},"canonical":"https:\/\/www.thelanguageacademy.nl\/es\/condiciones-generales\/","og_locale":"es_ES","og_type":"article","og_title":"Condiciones generales - The Language Academy","og_description":"The Language Academy ofrece cursos de idiomas en l\u00ednea de calidad acad\u00e9mica, con una curva de aprendizaje r\u00e1pida y lecciones orientadas a resultados.","og_url":"https:\/\/www.thelanguageacademy.nl\/es\/condiciones-generales\/","og_site_name":"The Language Academy","article_modified_time":"2022-09-29T09:36:46+00:00","twitter_card":"summary_large_image","twitter_misc":{"Tiempo de lectura":"5 minutos"},"schema":{"@context":"https:\/\/schema.org","@graph":[{"@type":"WebPage","@id":"https:\/\/www.thelanguageacademy.nl\/es\/condiciones-generales\/","url":"https:\/\/www.thelanguageacademy.nl\/es\/condiciones-generales\/","name":"Condiciones generales - The Language Academy","isPartOf":{"@id":"https:\/\/www.thelanguageacademy.nl\/es\/#website"},"datePublished":"2018-03-05T10:35:01+00:00","dateModified":"2022-09-29T09:36:46+00:00","description":"The Language Academy ofrece cursos de idiomas en l\u00ednea de calidad acad\u00e9mica, con una curva de aprendizaje r\u00e1pida y lecciones orientadas a resultados.","breadcrumb":{"@id":"https:\/\/www.thelanguageacademy.nl\/es\/condiciones-generales\/#breadcrumb"},"inLanguage":"es","potentialAction":[{"@type":"ReadAction","target":["https:\/\/www.thelanguageacademy.nl\/es\/condiciones-generales\/"]}]},{"@type":"BreadcrumbList","@id":"https:\/\/www.thelanguageacademy.nl\/es\/condiciones-generales\/#breadcrumb","itemListElement":[{"@type":"ListItem","position":1,"name":"Home","item":"https:\/\/www.thelanguageacademy.nl\/es\/"},{"@type":"ListItem","position":2,"name":"Condiciones generales"}]},{"@type":"WebSite","@id":"https:\/\/www.thelanguageacademy.nl\/es\/#website","url":"https:\/\/www.thelanguageacademy.nl\/es\/","name":"The Language Academy","description":"elearning","potentialAction":[{"@type":"SearchAction","target":{"@type":"EntryPoint","urlTemplate":"https:\/\/www.thelanguageacademy.nl\/es\/?s={search_term_string}"},"query-input":{"@type":"PropertyValueSpecification","valueRequired":true,"valueName":"search_term_string"}}],"inLanguage":"es"}]}},"_links":{"self":[{"href":"https:\/\/www.thelanguageacademy.nl\/es\/wp-json\/wp\/v2\/pages\/458","targetHints":{"allow":["GET"]}}],"collection":[{"href":"https:\/\/www.thelanguageacademy.nl\/es\/wp-json\/wp\/v2\/pages"}],"about":[{"href":"https:\/\/www.thelanguageacademy.nl\/es\/wp-json\/wp\/v2\/types\/page"}],"author":[{"embeddable":true,"href":"https:\/\/www.thelanguageacademy.nl\/es\/wp-json\/wp\/v2\/users\/1"}],"replies":[{"embeddable":true,"href":"https:\/\/www.thelanguageacademy.nl\/es\/wp-json\/wp\/v2\/comments?post=458"}],"version-history":[{"count":34,"href":"https:\/\/www.thelanguageacademy.nl\/es\/wp-json\/wp\/v2\/pages\/458\/revisions"}],"predecessor-version":[{"id":4027,"href":"https:\/\/www.thelanguageacademy.nl\/es\/wp-json\/wp\/v2\/pages\/458\/revisions\/4027"}],"wp:attachment":[{"href":"https:\/\/www.thelanguageacademy.nl\/es\/wp-json\/wp\/v2\/media?parent=458"}],"curies":[{"name":"wp","href":"https:\/\/api.w.org\/{rel}","templated":true}]}}