{"id":461,"date":"2018-03-05T11:37:54","date_gmt":"2018-03-05T10:37:54","guid":{"rendered":"http:\/\/tla.mediapie.nl\/open\/over-the-language-academy\/"},"modified":"2024-02-12T12:53:25","modified_gmt":"2024-02-12T11:53:25","slug":"acerca-de-the-language-academy","status":"publish","type":"page","link":"https:\/\/www.thelanguageacademy.nl\/es\/acerca-de-the-language-academy\/","title":{"rendered":"Acerca de The Language Academy"},"content":{"rendered":"<p>The Language Academy ofrece cursos de idiomas en l\u00ednea de calidad acad\u00e9mica, con una curva de aprendizaje r\u00e1pida y lecciones orientadas a resultados. The Language Academy ha sido desarrollada por <a href=\"https:\/\/www.uvatalen.nl\/\">UvA Talen<\/a>, el centro de idiomas independiente de la Universidad de Amsterdam.<\/p>\n<p><strong>Sobre UvA Talen<\/strong><br \/>\nUvA Talen ofrece un amplio programa de cursos en grupo, cursos personalizados y cursos individuales, tanto para particulares como para empresas.<\/p>\n","protected":false},"excerpt":{"rendered":"<p>The Language Academy ofrece cursos de idiomas en l\u00ednea de calidad acad\u00e9mica, con una curva de aprendizaje r\u00e1pida y lecciones orientadas a resultados. The Language Academy ha sido desarrollada por UvA Talen, el centro de idiomas independiente de la Universidad de Amsterdam. Sobre UvA Talen UvA Talen ofrece un amplio programa de cursos en grupo, [&hellip;]<\/p>\n","protected":false},"author":1,"featured_media":576,"parent":0,"menu_order":0,"comment_status":"closed","ping_status":"closed","template":"template-regularpage.php","meta":{"_acf_changed":false,"footnotes":""},"class_list":["post-461","page","type-page","status-publish","has-post-thumbnail","hentry"],"acf":[],"yoast_head":"<!-- This site is optimized with the Yoast SEO plugin v25.4 - https:\/\/yoast.com\/wordpress\/plugins\/seo\/ -->\n<title>Cursos de idiomas en l\u00ednea - The Language Academy<\/title>\n<meta name=\"description\" content=\"The Language Academy es el centro de idiomas independiente de la Universidad de Amsterdam. Cursos de idiomas en l\u00ednea de calidad acad\u00e9mica. \u00a1Empieza ahora!\" \/>\n<meta name=\"robots\" content=\"index, follow, max-snippet:-1, max-image-preview:large, max-video-preview:-1\" \/>\n<link rel=\"canonical\" href=\"https:\/\/www.thelanguageacademy.nl\/es\/acerca-de-the-language-academy\/\" \/>\n<meta property=\"og:locale\" content=\"es_ES\" \/>\n<meta property=\"og:type\" content=\"article\" \/>\n<meta property=\"og:title\" content=\"Cursos de idiomas en l\u00ednea - The Language Academy\" \/>\n<meta property=\"og:description\" content=\"The Language Academy es el centro de idiomas independiente de la Universidad de Amsterdam. Cursos de idiomas en l\u00ednea de calidad acad\u00e9mica. \u00a1Empieza ahora!\" \/>\n<meta property=\"og:url\" content=\"https:\/\/www.thelanguageacademy.nl\/es\/acerca-de-the-language-academy\/\" \/>\n<meta property=\"og:site_name\" content=\"The Language Academy\" \/>\n<meta property=\"article:modified_time\" content=\"2024-02-12T11:53:25+00:00\" \/>\n<meta property=\"og:image\" content=\"https:\/\/www.thelanguageacademy.nl\/wp-content\/uploads\/2017\/11\/salonboot.jpg\" \/>\n\t<meta property=\"og:image:width\" content=\"4800\" \/>\n\t<meta property=\"og:image:height\" content=\"2700\" \/>\n\t<meta property=\"og:image:type\" content=\"image\/jpeg\" \/>\n<meta name=\"twitter:card\" content=\"summary_large_image\" \/>\n<meta name=\"twitter:label1\" content=\"Tiempo de lectura\" \/>\n\t<meta name=\"twitter:data1\" content=\"1 minuto\" \/>\n<script type=\"application\/ld+json\" class=\"yoast-schema-graph\">{\"@context\":\"https:\/\/schema.org\",\"@graph\":[{\"@type\":\"WebPage\",\"@id\":\"https:\/\/www.thelanguageacademy.nl\/es\/acerca-de-the-language-academy\/\",\"url\":\"https:\/\/www.thelanguageacademy.nl\/es\/acerca-de-the-language-academy\/\",\"name\":\"Cursos de idiomas en l\u00ednea - The Language Academy\",\"isPartOf\":{\"@id\":\"https:\/\/www.thelanguageacademy.nl\/es\/#website\"},\"primaryImageOfPage\":{\"@id\":\"https:\/\/www.thelanguageacademy.nl\/es\/acerca-de-the-language-academy\/#primaryimage\"},\"image\":{\"@id\":\"https:\/\/www.thelanguageacademy.nl\/es\/acerca-de-the-language-academy\/#primaryimage\"},\"thumbnailUrl\":\"https:\/\/www.thelanguageacademy.nl\/wp-content\/uploads\/2017\/11\/salonboot.jpg\",\"datePublished\":\"2018-03-05T10:37:54+00:00\",\"dateModified\":\"2024-02-12T11:53:25+00:00\",\"description\":\"The Language Academy es el centro de idiomas independiente de la Universidad de Amsterdam. Cursos de idiomas en l\u00ednea de calidad acad\u00e9mica. \u00a1Empieza ahora!\",\"breadcrumb\":{\"@id\":\"https:\/\/www.thelanguageacademy.nl\/es\/acerca-de-the-language-academy\/#breadcrumb\"},\"inLanguage\":\"es\",\"potentialAction\":[{\"@type\":\"ReadAction\",\"target\":[\"https:\/\/www.thelanguageacademy.nl\/es\/acerca-de-the-language-academy\/\"]}]},{\"@type\":\"ImageObject\",\"inLanguage\":\"es\",\"@id\":\"https:\/\/www.thelanguageacademy.nl\/es\/acerca-de-the-language-academy\/#primaryimage\",\"url\":\"https:\/\/www.thelanguageacademy.nl\/wp-content\/uploads\/2017\/11\/salonboot.jpg\",\"contentUrl\":\"https:\/\/www.thelanguageacademy.nl\/wp-content\/uploads\/2017\/11\/salonboot.jpg\",\"width\":4800,\"height\":2700},{\"@type\":\"BreadcrumbList\",\"@id\":\"https:\/\/www.thelanguageacademy.nl\/es\/acerca-de-the-language-academy\/#breadcrumb\",\"itemListElement\":[{\"@type\":\"ListItem\",\"position\":1,\"name\":\"Home\",\"item\":\"https:\/\/www.thelanguageacademy.nl\/es\/\"},{\"@type\":\"ListItem\",\"position\":2,\"name\":\"Acerca de The Language Academy\"}]},{\"@type\":\"WebSite\",\"@id\":\"https:\/\/www.thelanguageacademy.nl\/es\/#website\",\"url\":\"https:\/\/www.thelanguageacademy.nl\/es\/\",\"name\":\"The Language Academy\",\"description\":\"elearning\",\"potentialAction\":[{\"@type\":\"SearchAction\",\"target\":{\"@type\":\"EntryPoint\",\"urlTemplate\":\"https:\/\/www.thelanguageacademy.nl\/es\/?s={search_term_string}\"},\"query-input\":{\"@type\":\"PropertyValueSpecification\",\"valueRequired\":true,\"valueName\":\"search_term_string\"}}],\"inLanguage\":\"es\"}]}<\/script>\n<!-- \/ Yoast SEO plugin. -->","yoast_head_json":{"title":"Cursos de idiomas en l\u00ednea - The Language Academy","description":"The Language Academy es el centro de idiomas independiente de la Universidad de Amsterdam. Cursos de idiomas en l\u00ednea de calidad acad\u00e9mica. \u00a1Empieza ahora!","robots":{"index":"index","follow":"follow","max-snippet":"max-snippet:-1","max-image-preview":"max-image-preview:large","max-video-preview":"max-video-preview:-1"},"canonical":"https:\/\/www.thelanguageacademy.nl\/es\/acerca-de-the-language-academy\/","og_locale":"es_ES","og_type":"article","og_title":"Cursos de idiomas en l\u00ednea - The Language Academy","og_description":"The Language Academy es el centro de idiomas independiente de la Universidad de Amsterdam. Cursos de idiomas en l\u00ednea de calidad acad\u00e9mica. \u00a1Empieza ahora!","og_url":"https:\/\/www.thelanguageacademy.nl\/es\/acerca-de-the-language-academy\/","og_site_name":"The Language Academy","article_modified_time":"2024-02-12T11:53:25+00:00","og_image":[{"width":4800,"height":2700,"url":"https:\/\/www.thelanguageacademy.nl\/wp-content\/uploads\/2017\/11\/salonboot.jpg","type":"image\/jpeg"}],"twitter_card":"summary_large_image","twitter_misc":{"Tiempo de lectura":"1 minuto"},"schema":{"@context":"https:\/\/schema.org","@graph":[{"@type":"WebPage","@id":"https:\/\/www.thelanguageacademy.nl\/es\/acerca-de-the-language-academy\/","url":"https:\/\/www.thelanguageacademy.nl\/es\/acerca-de-the-language-academy\/","name":"Cursos de idiomas en l\u00ednea - The Language Academy","isPartOf":{"@id":"https:\/\/www.thelanguageacademy.nl\/es\/#website"},"primaryImageOfPage":{"@id":"https:\/\/www.thelanguageacademy.nl\/es\/acerca-de-the-language-academy\/#primaryimage"},"image":{"@id":"https:\/\/www.thelanguageacademy.nl\/es\/acerca-de-the-language-academy\/#primaryimage"},"thumbnailUrl":"https:\/\/www.thelanguageacademy.nl\/wp-content\/uploads\/2017\/11\/salonboot.jpg","datePublished":"2018-03-05T10:37:54+00:00","dateModified":"2024-02-12T11:53:25+00:00","description":"The Language Academy es el centro de idiomas independiente de la Universidad de Amsterdam. Cursos de idiomas en l\u00ednea de calidad acad\u00e9mica. \u00a1Empieza ahora!","breadcrumb":{"@id":"https:\/\/www.thelanguageacademy.nl\/es\/acerca-de-the-language-academy\/#breadcrumb"},"inLanguage":"es","potentialAction":[{"@type":"ReadAction","target":["https:\/\/www.thelanguageacademy.nl\/es\/acerca-de-the-language-academy\/"]}]},{"@type":"ImageObject","inLanguage":"es","@id":"https:\/\/www.thelanguageacademy.nl\/es\/acerca-de-the-language-academy\/#primaryimage","url":"https:\/\/www.thelanguageacademy.nl\/wp-content\/uploads\/2017\/11\/salonboot.jpg","contentUrl":"https:\/\/www.thelanguageacademy.nl\/wp-content\/uploads\/2017\/11\/salonboot.jpg","width":4800,"height":2700},{"@type":"BreadcrumbList","@id":"https:\/\/www.thelanguageacademy.nl\/es\/acerca-de-the-language-academy\/#breadcrumb","itemListElement":[{"@type":"ListItem","position":1,"name":"Home","item":"https:\/\/www.thelanguageacademy.nl\/es\/"},{"@type":"ListItem","position":2,"name":"Acerca de The Language Academy"}]},{"@type":"WebSite","@id":"https:\/\/www.thelanguageacademy.nl\/es\/#website","url":"https:\/\/www.thelanguageacademy.nl\/es\/","name":"The Language Academy","description":"elearning","potentialAction":[{"@type":"SearchAction","target":{"@type":"EntryPoint","urlTemplate":"https:\/\/www.thelanguageacademy.nl\/es\/?s={search_term_string}"},"query-input":{"@type":"PropertyValueSpecification","valueRequired":true,"valueName":"search_term_string"}}],"inLanguage":"es"}]}},"_links":{"self":[{"href":"https:\/\/www.thelanguageacademy.nl\/es\/wp-json\/wp\/v2\/pages\/461","targetHints":{"allow":["GET"]}}],"collection":[{"href":"https:\/\/www.thelanguageacademy.nl\/es\/wp-json\/wp\/v2\/pages"}],"about":[{"href":"https:\/\/www.thelanguageacademy.nl\/es\/wp-json\/wp\/v2\/types\/page"}],"author":[{"embeddable":true,"href":"https:\/\/www.thelanguageacademy.nl\/es\/wp-json\/wp\/v2\/users\/1"}],"replies":[{"embeddable":true,"href":"https:\/\/www.thelanguageacademy.nl\/es\/wp-json\/wp\/v2\/comments?post=461"}],"version-history":[{"count":13,"href":"https:\/\/www.thelanguageacademy.nl\/es\/wp-json\/wp\/v2\/pages\/461\/revisions"}],"predecessor-version":[{"id":4915,"href":"https:\/\/www.thelanguageacademy.nl\/es\/wp-json\/wp\/v2\/pages\/461\/revisions\/4915"}],"wp:featuredmedia":[{"embeddable":true,"href":"https:\/\/www.thelanguageacademy.nl\/es\/wp-json\/wp\/v2\/media\/576"}],"wp:attachment":[{"href":"https:\/\/www.thelanguageacademy.nl\/es\/wp-json\/wp\/v2\/media?parent=461"}],"curies":[{"name":"wp","href":"https:\/\/api.w.org\/{rel}","templated":true}]}}