{"id":463,"date":"2018-03-05T11:38:09","date_gmt":"2018-03-05T10:38:09","guid":{"rendered":"http:\/\/tla.mediapie.nl\/open\/taalcursussen\/"},"modified":"2023-12-20T12:03:24","modified_gmt":"2023-12-20T11:03:24","slug":"cursos-de-idiomas","status":"publish","type":"page","link":"https:\/\/www.thelanguageacademy.nl\/es\/cursos-de-idiomas\/","title":{"rendered":"Cursos de idiomas"},"content":{"rendered":"<p>&nbsp;<\/p>\r\n<p style=\"text-align: left;\">\u00bfQuieres aprender un idioma en l\u00ednea? \u00a1Hazlo en The Language Academy!<\/p>\r\n<p><em>Personages reales de \u00c1msterdam<\/em><br \/>Conocer\u00e1s las vidas de cuatro j\u00f3venes profesionales que viven en \u00c1msterdam. Seguir\u00e1s a los j\u00f3venes profesionales a lo largo de situaciones cotidianas, y aprender\u00e1s oraciones que podr\u00e1s aplicar en la pr\u00e1ctica.<\/p>\r\n<p><em>Calidad acad\u00e9mica<br \/><\/em>The Language Academy ha sido desarrollada en 2018 por <a href=\"http:\/\/www.uvatalen.nl\/\" target=\"_blank\" rel=\"noopener noreferrer\">UvA Talen<\/a>, el centro de idiomas independiente de la Universidad de Amsterdam. The Language Academy ofrece cursos de idiomas en l\u00ednea de calidad acad\u00e9mica, con una curva de aprendizaje r\u00e1pida y lecciones orientadas a resultados.<\/p>\r\n<p><em>F\u00e1cil &amp; Divertido<br \/><\/em>Los cursos de The Language Academy son de alto nivel, y te permitir\u00e1n aprender un idioma de forma din\u00e1mica. Practicas la pronunciac\u00edon, escuchar y escribir con la ayuda de v\u00eddeos y fragmentos de audio.<\/p>\r\n<p>&nbsp;<\/p>\r\n<p><strong><em>Actualmente ofrecemos cursos de neerland\u00e9s, ingl\u00e9s, franc\u00e9s, alem\u00e1n, italiano y espa\u00f1ol, pero nuestra oferta se ampliar\u00e1 r\u00e1pidamente. Estate atento\/a a nuestro sitio web, <a href=\"https:\/\/www.instagram.com\/uvatalen\/\">Instagram<\/a> o p\u00e1gina de <a href=\"https:\/\/www.facebook.com\/UvATalen\/?locale=nl_NL\" target=\"_blank\" rel=\"noopener noreferrer\">Facebook<\/a> para conocer la oferta actual.<\/em><\/strong><\/p>\r\n\r\n<p>&nbsp;<\/p>\r\n\r\n\r\n\r\n<p>&nbsp;<\/p>\r\n\r\n\r\n\r\n<p>&nbsp;<\/p>\r\n","protected":false},"excerpt":{"rendered":"<p>&nbsp; \u00bfQuieres aprender un idioma en l\u00ednea? \u00a1Hazlo en The Language Academy! Personages reales de \u00c1msterdamConocer\u00e1s las vidas de cuatro j\u00f3venes profesionales que viven en \u00c1msterdam. Seguir\u00e1s a los j\u00f3venes profesionales a lo largo de situaciones cotidianas, y aprender\u00e1s oraciones que podr\u00e1s aplicar en la pr\u00e1ctica. Calidad acad\u00e9micaThe Language Academy ha sido desarrollada en 2018 [&hellip;]<\/p>\n","protected":false},"author":1,"featured_media":552,"parent":0,"menu_order":0,"comment_status":"closed","ping_status":"closed","template":"template-taaltrainingen.php","meta":{"_acf_changed":false,"footnotes":""},"class_list":["post-463","page","type-page","status-publish","has-post-thumbnail","hentry"],"acf":[],"yoast_head":"<!-- This site is optimized with the Yoast SEO plugin v25.4 - https:\/\/yoast.com\/wordpress\/plugins\/seo\/ -->\n<title>Cursos de idiomas en l\u00ednea - The Language Academy<\/title>\n<meta name=\"description\" content=\"\u00bfQuieres aprender un idioma en l\u00ednea? \u00a1Hazlo en the Language Academy! Los cursos de idiomas son de alto nivel. \u00a1Pru\u00e9balo gratis!\" \/>\n<meta name=\"robots\" content=\"index, follow, max-snippet:-1, max-image-preview:large, max-video-preview:-1\" \/>\n<link rel=\"canonical\" href=\"https:\/\/www.thelanguageacademy.nl\/es\/cursos-de-idiomas\/\" \/>\n<meta property=\"og:locale\" content=\"es_ES\" \/>\n<meta property=\"og:type\" content=\"article\" \/>\n<meta property=\"og:title\" content=\"Cursos de idiomas en l\u00ednea - The Language Academy\" \/>\n<meta property=\"og:description\" content=\"\u00bfQuieres aprender un idioma en l\u00ednea? \u00a1Hazlo en the Language Academy! Los cursos de idiomas son de alto nivel. \u00a1Pru\u00e9balo gratis!\" \/>\n<meta property=\"og:url\" content=\"https:\/\/www.thelanguageacademy.nl\/es\/cursos-de-idiomas\/\" \/>\n<meta property=\"og:site_name\" content=\"The Language Academy\" \/>\n<meta property=\"article:modified_time\" content=\"2023-12-20T11:03:24+00:00\" \/>\n<meta property=\"og:image\" content=\"https:\/\/www.thelanguageacademy.nl\/wp-content\/uploads\/2021\/11\/Anna-laptop-ON-2021-Fb-juiste-format.jpg\" \/>\n\t<meta property=\"og:image:width\" content=\"1200\" \/>\n\t<meta property=\"og:image:height\" content=\"675\" \/>\n\t<meta property=\"og:image:type\" content=\"image\/jpeg\" \/>\n<meta name=\"twitter:card\" content=\"summary_large_image\" \/>\n<meta name=\"twitter:label1\" content=\"Tiempo de lectura\" \/>\n\t<meta name=\"twitter:data1\" content=\"1 minuto\" \/>\n<script type=\"application\/ld+json\" class=\"yoast-schema-graph\">{\"@context\":\"https:\/\/schema.org\",\"@graph\":[{\"@type\":\"WebPage\",\"@id\":\"https:\/\/www.thelanguageacademy.nl\/es\/cursos-de-idiomas\/\",\"url\":\"https:\/\/www.thelanguageacademy.nl\/es\/cursos-de-idiomas\/\",\"name\":\"Cursos de idiomas en l\u00ednea - The Language Academy\",\"isPartOf\":{\"@id\":\"https:\/\/www.thelanguageacademy.nl\/es\/#website\"},\"primaryImageOfPage\":{\"@id\":\"https:\/\/www.thelanguageacademy.nl\/es\/cursos-de-idiomas\/#primaryimage\"},\"image\":{\"@id\":\"https:\/\/www.thelanguageacademy.nl\/es\/cursos-de-idiomas\/#primaryimage\"},\"thumbnailUrl\":\"https:\/\/www.thelanguageacademy.nl\/wp-content\/uploads\/2017\/11\/lena_maria_aan_tafel.jpg\",\"datePublished\":\"2018-03-05T10:38:09+00:00\",\"dateModified\":\"2023-12-20T11:03:24+00:00\",\"description\":\"\u00bfQuieres aprender un idioma en l\u00ednea? \u00a1Hazlo en the Language Academy! Los cursos de idiomas son de alto nivel. \u00a1Pru\u00e9balo gratis!\",\"breadcrumb\":{\"@id\":\"https:\/\/www.thelanguageacademy.nl\/es\/cursos-de-idiomas\/#breadcrumb\"},\"inLanguage\":\"es\",\"potentialAction\":[{\"@type\":\"ReadAction\",\"target\":[\"https:\/\/www.thelanguageacademy.nl\/es\/cursos-de-idiomas\/\"]}]},{\"@type\":\"ImageObject\",\"inLanguage\":\"es\",\"@id\":\"https:\/\/www.thelanguageacademy.nl\/es\/cursos-de-idiomas\/#primaryimage\",\"url\":\"https:\/\/www.thelanguageacademy.nl\/wp-content\/uploads\/2017\/11\/lena_maria_aan_tafel.jpg\",\"contentUrl\":\"https:\/\/www.thelanguageacademy.nl\/wp-content\/uploads\/2017\/11\/lena_maria_aan_tafel.jpg\",\"width\":4800,\"height\":2700},{\"@type\":\"BreadcrumbList\",\"@id\":\"https:\/\/www.thelanguageacademy.nl\/es\/cursos-de-idiomas\/#breadcrumb\",\"itemListElement\":[{\"@type\":\"ListItem\",\"position\":1,\"name\":\"Home\",\"item\":\"https:\/\/www.thelanguageacademy.nl\/es\/\"},{\"@type\":\"ListItem\",\"position\":2,\"name\":\"Cursos de idiomas\"}]},{\"@type\":\"WebSite\",\"@id\":\"https:\/\/www.thelanguageacademy.nl\/es\/#website\",\"url\":\"https:\/\/www.thelanguageacademy.nl\/es\/\",\"name\":\"The Language Academy\",\"description\":\"elearning\",\"potentialAction\":[{\"@type\":\"SearchAction\",\"target\":{\"@type\":\"EntryPoint\",\"urlTemplate\":\"https:\/\/www.thelanguageacademy.nl\/es\/?s={search_term_string}\"},\"query-input\":{\"@type\":\"PropertyValueSpecification\",\"valueRequired\":true,\"valueName\":\"search_term_string\"}}],\"inLanguage\":\"es\"}]}<\/script>\n<!-- \/ Yoast SEO plugin. -->","yoast_head_json":{"title":"Cursos de idiomas en l\u00ednea - The Language Academy","description":"\u00bfQuieres aprender un idioma en l\u00ednea? \u00a1Hazlo en the Language Academy! Los cursos de idiomas son de alto nivel. \u00a1Pru\u00e9balo gratis!","robots":{"index":"index","follow":"follow","max-snippet":"max-snippet:-1","max-image-preview":"max-image-preview:large","max-video-preview":"max-video-preview:-1"},"canonical":"https:\/\/www.thelanguageacademy.nl\/es\/cursos-de-idiomas\/","og_locale":"es_ES","og_type":"article","og_title":"Cursos de idiomas en l\u00ednea - The Language Academy","og_description":"\u00bfQuieres aprender un idioma en l\u00ednea? \u00a1Hazlo en the Language Academy! Los cursos de idiomas son de alto nivel. \u00a1Pru\u00e9balo gratis!","og_url":"https:\/\/www.thelanguageacademy.nl\/es\/cursos-de-idiomas\/","og_site_name":"The Language Academy","article_modified_time":"2023-12-20T11:03:24+00:00","og_image":[{"width":1200,"height":675,"url":"https:\/\/www.thelanguageacademy.nl\/wp-content\/uploads\/2021\/11\/Anna-laptop-ON-2021-Fb-juiste-format.jpg","type":"image\/jpeg"}],"twitter_card":"summary_large_image","twitter_misc":{"Tiempo de lectura":"1 minuto"},"schema":{"@context":"https:\/\/schema.org","@graph":[{"@type":"WebPage","@id":"https:\/\/www.thelanguageacademy.nl\/es\/cursos-de-idiomas\/","url":"https:\/\/www.thelanguageacademy.nl\/es\/cursos-de-idiomas\/","name":"Cursos de idiomas en l\u00ednea - The Language Academy","isPartOf":{"@id":"https:\/\/www.thelanguageacademy.nl\/es\/#website"},"primaryImageOfPage":{"@id":"https:\/\/www.thelanguageacademy.nl\/es\/cursos-de-idiomas\/#primaryimage"},"image":{"@id":"https:\/\/www.thelanguageacademy.nl\/es\/cursos-de-idiomas\/#primaryimage"},"thumbnailUrl":"https:\/\/www.thelanguageacademy.nl\/wp-content\/uploads\/2017\/11\/lena_maria_aan_tafel.jpg","datePublished":"2018-03-05T10:38:09+00:00","dateModified":"2023-12-20T11:03:24+00:00","description":"\u00bfQuieres aprender un idioma en l\u00ednea? \u00a1Hazlo en the Language Academy! Los cursos de idiomas son de alto nivel. \u00a1Pru\u00e9balo gratis!","breadcrumb":{"@id":"https:\/\/www.thelanguageacademy.nl\/es\/cursos-de-idiomas\/#breadcrumb"},"inLanguage":"es","potentialAction":[{"@type":"ReadAction","target":["https:\/\/www.thelanguageacademy.nl\/es\/cursos-de-idiomas\/"]}]},{"@type":"ImageObject","inLanguage":"es","@id":"https:\/\/www.thelanguageacademy.nl\/es\/cursos-de-idiomas\/#primaryimage","url":"https:\/\/www.thelanguageacademy.nl\/wp-content\/uploads\/2017\/11\/lena_maria_aan_tafel.jpg","contentUrl":"https:\/\/www.thelanguageacademy.nl\/wp-content\/uploads\/2017\/11\/lena_maria_aan_tafel.jpg","width":4800,"height":2700},{"@type":"BreadcrumbList","@id":"https:\/\/www.thelanguageacademy.nl\/es\/cursos-de-idiomas\/#breadcrumb","itemListElement":[{"@type":"ListItem","position":1,"name":"Home","item":"https:\/\/www.thelanguageacademy.nl\/es\/"},{"@type":"ListItem","position":2,"name":"Cursos de idiomas"}]},{"@type":"WebSite","@id":"https:\/\/www.thelanguageacademy.nl\/es\/#website","url":"https:\/\/www.thelanguageacademy.nl\/es\/","name":"The Language Academy","description":"elearning","potentialAction":[{"@type":"SearchAction","target":{"@type":"EntryPoint","urlTemplate":"https:\/\/www.thelanguageacademy.nl\/es\/?s={search_term_string}"},"query-input":{"@type":"PropertyValueSpecification","valueRequired":true,"valueName":"search_term_string"}}],"inLanguage":"es"}]}},"_links":{"self":[{"href":"https:\/\/www.thelanguageacademy.nl\/es\/wp-json\/wp\/v2\/pages\/463","targetHints":{"allow":["GET"]}}],"collection":[{"href":"https:\/\/www.thelanguageacademy.nl\/es\/wp-json\/wp\/v2\/pages"}],"about":[{"href":"https:\/\/www.thelanguageacademy.nl\/es\/wp-json\/wp\/v2\/types\/page"}],"author":[{"embeddable":true,"href":"https:\/\/www.thelanguageacademy.nl\/es\/wp-json\/wp\/v2\/users\/1"}],"replies":[{"embeddable":true,"href":"https:\/\/www.thelanguageacademy.nl\/es\/wp-json\/wp\/v2\/comments?post=463"}],"version-history":[{"count":24,"href":"https:\/\/www.thelanguageacademy.nl\/es\/wp-json\/wp\/v2\/pages\/463\/revisions"}],"predecessor-version":[{"id":4902,"href":"https:\/\/www.thelanguageacademy.nl\/es\/wp-json\/wp\/v2\/pages\/463\/revisions\/4902"}],"wp:featuredmedia":[{"embeddable":true,"href":"https:\/\/www.thelanguageacademy.nl\/es\/wp-json\/wp\/v2\/media\/552"}],"wp:attachment":[{"href":"https:\/\/www.thelanguageacademy.nl\/es\/wp-json\/wp\/v2\/media?parent=463"}],"curies":[{"name":"wp","href":"https:\/\/api.w.org\/{rel}","templated":true}]}}