{"id":1121,"date":"2018-07-20T23:13:05","date_gmt":"2018-07-20T21:13:05","guid":{"rendered":"https:\/\/www.thelanguageacademy.nl\/?page_id=1121"},"modified":"2018-07-25T11:23:03","modified_gmt":"2018-07-25T09:23:03","slug":"essai-gratuit","status":"publish","type":"page","link":"https:\/\/www.thelanguageacademy.nl\/fr\/essai-gratuit\/","title":{"rendered":"D\u00e9mo gratuite"},"content":{"rendered":"<p><strong>D\u00e9couvrez nos cours de langues en ligne : essayez maintenant la d\u00e9mo gratuite.<\/strong><\/p>\n<p>Apprenez pourquoi The Language Academy est votre meilleure option. Essayez ici le cours de votre choix \u2013 c\u2019est gratuit !<\/p>\n<p>Chaque cours inclut une \u00e9valuation gratuite contenant toute la premi\u00e8re le\u00e7on, y compris l\u2019ensemble des fonctionnalit\u00e9s :<\/p>\n<ul>\n<li>Regardez la vid\u00e9o d\u2019introduction et d\u00e9couvrez la mise en situation qui structure la le\u00e7on.<\/li>\n<li>B\u00e9n\u00e9ficiez de l\u2019acc\u00e8s int\u00e9gral \u00e0 tous les exercices de vocabulaire et de grammaire, aux exercices d\u2019expression orale et aux dialogues.<\/li>\n<li>Testez vos connaissances avec l\u2019exercice final.<\/li>\n<\/ul>\n<p>S\u00e9lectionnez votre cours de pr\u00e9dilection, d\u00e9couvrez la d\u00e9mo gratuite et mettez directement en pratique la langue que vous avez choisie.<\/p>\n","protected":false},"excerpt":{"rendered":"<p>D\u00e9couvrez nos cours de langues en ligne : essayez maintenant la d\u00e9mo gratuite. Apprenez pourquoi The Language Academy est votre meilleure option. Essayez ici le cours de votre choix \u2013 c\u2019est gratuit ! Chaque cours inclut une \u00e9valuation gratuite contenant toute la premi\u00e8re le\u00e7on, y compris l\u2019ensemble des fonctionnalit\u00e9s : Regardez la vid\u00e9o d\u2019introduction et [&hellip;]<\/p>\n","protected":false},"author":1,"featured_media":1127,"parent":0,"menu_order":0,"comment_status":"closed","ping_status":"closed","template":"template-demopage.php","meta":{"_acf_changed":false,"footnotes":""},"class_list":["post-1121","page","type-page","status-publish","has-post-thumbnail","hentry"],"acf":[],"yoast_head":"<!-- This site is optimized with the Yoast SEO plugin v25.4 - https:\/\/yoast.com\/wordpress\/plugins\/seo\/ -->\n<title>Demo gratuite - cours de langues en ligne - The Language Academy<\/title>\n<meta name=\"description\" content=\"D\u00e9couvrez nos cours de langues en ligne : essayez maintenant la d\u00e9mo gratuite. Apprenez pourquoi The Language Academy est votre meilleure option. Essayez ici le cours de votre choix \u2013 c\u2019est gratuit !\" \/>\n<meta name=\"robots\" content=\"index, follow, max-snippet:-1, max-image-preview:large, max-video-preview:-1\" \/>\n<link rel=\"canonical\" href=\"https:\/\/www.thelanguageacademy.nl\/fr\/essai-gratuit\/\" \/>\n<meta property=\"og:locale\" content=\"fr_FR\" \/>\n<meta property=\"og:type\" content=\"article\" \/>\n<meta property=\"og:title\" content=\"Demo gratuite - cours de langues en ligne - The Language Academy\" \/>\n<meta property=\"og:description\" content=\"D\u00e9couvrez nos cours de langues en ligne : essayez maintenant la d\u00e9mo gratuite. Apprenez pourquoi The Language Academy est votre meilleure option. Essayez ici le cours de votre choix \u2013 c\u2019est gratuit !\" \/>\n<meta property=\"og:url\" content=\"https:\/\/www.thelanguageacademy.nl\/fr\/essai-gratuit\/\" \/>\n<meta property=\"og:site_name\" content=\"The Language Academy\" \/>\n<meta property=\"article:modified_time\" content=\"2018-07-25T09:23:03+00:00\" \/>\n<meta property=\"og:image\" content=\"https:\/\/www.thelanguageacademy.nl\/wp-content\/uploads\/2018\/03\/Anna.fietst.jpg\" \/>\n\t<meta property=\"og:image:width\" content=\"4800\" \/>\n\t<meta property=\"og:image:height\" content=\"2700\" \/>\n\t<meta property=\"og:image:type\" content=\"image\/jpeg\" \/>\n<meta name=\"twitter:card\" content=\"summary_large_image\" \/>\n<meta name=\"twitter:label1\" content=\"Dur\u00e9e de lecture estim\u00e9e\" \/>\n\t<meta name=\"twitter:data1\" content=\"1 minute\" \/>\n<script type=\"application\/ld+json\" class=\"yoast-schema-graph\">{\"@context\":\"https:\/\/schema.org\",\"@graph\":[{\"@type\":\"WebPage\",\"@id\":\"https:\/\/www.thelanguageacademy.nl\/fr\/essai-gratuit\/\",\"url\":\"https:\/\/www.thelanguageacademy.nl\/fr\/essai-gratuit\/\",\"name\":\"Demo gratuite - cours de langues en ligne - The Language Academy\",\"isPartOf\":{\"@id\":\"https:\/\/www.thelanguageacademy.nl\/fr\/#website\"},\"primaryImageOfPage\":{\"@id\":\"https:\/\/www.thelanguageacademy.nl\/fr\/essai-gratuit\/#primaryimage\"},\"image\":{\"@id\":\"https:\/\/www.thelanguageacademy.nl\/fr\/essai-gratuit\/#primaryimage\"},\"thumbnailUrl\":\"https:\/\/www.thelanguageacademy.nl\/wp-content\/uploads\/2018\/03\/Anna.fietst.jpg\",\"datePublished\":\"2018-07-20T21:13:05+00:00\",\"dateModified\":\"2018-07-25T09:23:03+00:00\",\"description\":\"D\u00e9couvrez nos cours de langues en ligne : essayez maintenant la d\u00e9mo gratuite. Apprenez pourquoi The Language Academy est votre meilleure option. Essayez ici le cours de votre choix \u2013 c\u2019est gratuit !\",\"breadcrumb\":{\"@id\":\"https:\/\/www.thelanguageacademy.nl\/fr\/essai-gratuit\/#breadcrumb\"},\"inLanguage\":\"fr-FR\",\"potentialAction\":[{\"@type\":\"ReadAction\",\"target\":[\"https:\/\/www.thelanguageacademy.nl\/fr\/essai-gratuit\/\"]}]},{\"@type\":\"ImageObject\",\"inLanguage\":\"fr-FR\",\"@id\":\"https:\/\/www.thelanguageacademy.nl\/fr\/essai-gratuit\/#primaryimage\",\"url\":\"https:\/\/www.thelanguageacademy.nl\/wp-content\/uploads\/2018\/03\/Anna.fietst.jpg\",\"contentUrl\":\"https:\/\/www.thelanguageacademy.nl\/wp-content\/uploads\/2018\/03\/Anna.fietst.jpg\",\"width\":4800,\"height\":2700},{\"@type\":\"BreadcrumbList\",\"@id\":\"https:\/\/www.thelanguageacademy.nl\/fr\/essai-gratuit\/#breadcrumb\",\"itemListElement\":[{\"@type\":\"ListItem\",\"position\":1,\"name\":\"Home\",\"item\":\"https:\/\/www.thelanguageacademy.nl\/fr\/\"},{\"@type\":\"ListItem\",\"position\":2,\"name\":\"D\u00e9mo gratuite\"}]},{\"@type\":\"WebSite\",\"@id\":\"https:\/\/www.thelanguageacademy.nl\/fr\/#website\",\"url\":\"https:\/\/www.thelanguageacademy.nl\/fr\/\",\"name\":\"The Language Academy\",\"description\":\"elearning\",\"potentialAction\":[{\"@type\":\"SearchAction\",\"target\":{\"@type\":\"EntryPoint\",\"urlTemplate\":\"https:\/\/www.thelanguageacademy.nl\/fr\/?s={search_term_string}\"},\"query-input\":{\"@type\":\"PropertyValueSpecification\",\"valueRequired\":true,\"valueName\":\"search_term_string\"}}],\"inLanguage\":\"fr-FR\"}]}<\/script>\n<!-- \/ Yoast SEO plugin. -->","yoast_head_json":{"title":"Demo gratuite - cours de langues en ligne - The Language Academy","description":"D\u00e9couvrez nos cours de langues en ligne : essayez maintenant la d\u00e9mo gratuite. Apprenez pourquoi The Language Academy est votre meilleure option. Essayez ici le cours de votre choix \u2013 c\u2019est gratuit !","robots":{"index":"index","follow":"follow","max-snippet":"max-snippet:-1","max-image-preview":"max-image-preview:large","max-video-preview":"max-video-preview:-1"},"canonical":"https:\/\/www.thelanguageacademy.nl\/fr\/essai-gratuit\/","og_locale":"fr_FR","og_type":"article","og_title":"Demo gratuite - cours de langues en ligne - The Language Academy","og_description":"D\u00e9couvrez nos cours de langues en ligne : essayez maintenant la d\u00e9mo gratuite. Apprenez pourquoi The Language Academy est votre meilleure option. Essayez ici le cours de votre choix \u2013 c\u2019est gratuit !","og_url":"https:\/\/www.thelanguageacademy.nl\/fr\/essai-gratuit\/","og_site_name":"The Language Academy","article_modified_time":"2018-07-25T09:23:03+00:00","og_image":[{"width":4800,"height":2700,"url":"https:\/\/www.thelanguageacademy.nl\/wp-content\/uploads\/2018\/03\/Anna.fietst.jpg","type":"image\/jpeg"}],"twitter_card":"summary_large_image","twitter_misc":{"Dur\u00e9e de lecture estim\u00e9e":"1 minute"},"schema":{"@context":"https:\/\/schema.org","@graph":[{"@type":"WebPage","@id":"https:\/\/www.thelanguageacademy.nl\/fr\/essai-gratuit\/","url":"https:\/\/www.thelanguageacademy.nl\/fr\/essai-gratuit\/","name":"Demo gratuite - cours de langues en ligne - The Language Academy","isPartOf":{"@id":"https:\/\/www.thelanguageacademy.nl\/fr\/#website"},"primaryImageOfPage":{"@id":"https:\/\/www.thelanguageacademy.nl\/fr\/essai-gratuit\/#primaryimage"},"image":{"@id":"https:\/\/www.thelanguageacademy.nl\/fr\/essai-gratuit\/#primaryimage"},"thumbnailUrl":"https:\/\/www.thelanguageacademy.nl\/wp-content\/uploads\/2018\/03\/Anna.fietst.jpg","datePublished":"2018-07-20T21:13:05+00:00","dateModified":"2018-07-25T09:23:03+00:00","description":"D\u00e9couvrez nos cours de langues en ligne : essayez maintenant la d\u00e9mo gratuite. Apprenez pourquoi The Language Academy est votre meilleure option. Essayez ici le cours de votre choix \u2013 c\u2019est gratuit !","breadcrumb":{"@id":"https:\/\/www.thelanguageacademy.nl\/fr\/essai-gratuit\/#breadcrumb"},"inLanguage":"fr-FR","potentialAction":[{"@type":"ReadAction","target":["https:\/\/www.thelanguageacademy.nl\/fr\/essai-gratuit\/"]}]},{"@type":"ImageObject","inLanguage":"fr-FR","@id":"https:\/\/www.thelanguageacademy.nl\/fr\/essai-gratuit\/#primaryimage","url":"https:\/\/www.thelanguageacademy.nl\/wp-content\/uploads\/2018\/03\/Anna.fietst.jpg","contentUrl":"https:\/\/www.thelanguageacademy.nl\/wp-content\/uploads\/2018\/03\/Anna.fietst.jpg","width":4800,"height":2700},{"@type":"BreadcrumbList","@id":"https:\/\/www.thelanguageacademy.nl\/fr\/essai-gratuit\/#breadcrumb","itemListElement":[{"@type":"ListItem","position":1,"name":"Home","item":"https:\/\/www.thelanguageacademy.nl\/fr\/"},{"@type":"ListItem","position":2,"name":"D\u00e9mo gratuite"}]},{"@type":"WebSite","@id":"https:\/\/www.thelanguageacademy.nl\/fr\/#website","url":"https:\/\/www.thelanguageacademy.nl\/fr\/","name":"The Language Academy","description":"elearning","potentialAction":[{"@type":"SearchAction","target":{"@type":"EntryPoint","urlTemplate":"https:\/\/www.thelanguageacademy.nl\/fr\/?s={search_term_string}"},"query-input":{"@type":"PropertyValueSpecification","valueRequired":true,"valueName":"search_term_string"}}],"inLanguage":"fr-FR"}]}},"_links":{"self":[{"href":"https:\/\/www.thelanguageacademy.nl\/fr\/wp-json\/wp\/v2\/pages\/1121","targetHints":{"allow":["GET"]}}],"collection":[{"href":"https:\/\/www.thelanguageacademy.nl\/fr\/wp-json\/wp\/v2\/pages"}],"about":[{"href":"https:\/\/www.thelanguageacademy.nl\/fr\/wp-json\/wp\/v2\/types\/page"}],"author":[{"embeddable":true,"href":"https:\/\/www.thelanguageacademy.nl\/fr\/wp-json\/wp\/v2\/users\/1"}],"replies":[{"embeddable":true,"href":"https:\/\/www.thelanguageacademy.nl\/fr\/wp-json\/wp\/v2\/comments?post=1121"}],"version-history":[{"count":4,"href":"https:\/\/www.thelanguageacademy.nl\/fr\/wp-json\/wp\/v2\/pages\/1121\/revisions"}],"predecessor-version":[{"id":1158,"href":"https:\/\/www.thelanguageacademy.nl\/fr\/wp-json\/wp\/v2\/pages\/1121\/revisions\/1158"}],"wp:featuredmedia":[{"embeddable":true,"href":"https:\/\/www.thelanguageacademy.nl\/fr\/wp-json\/wp\/v2\/media\/1127"}],"wp:attachment":[{"href":"https:\/\/www.thelanguageacademy.nl\/fr\/wp-json\/wp\/v2\/media?parent=1121"}],"curies":[{"name":"wp","href":"https:\/\/api.w.org\/{rel}","templated":true}]}}