{"id":1522,"date":"2019-06-20T11:39:56","date_gmt":"2019-06-20T09:39:56","guid":{"rendered":"https:\/\/www.thelanguageacademy.nl\/?page_id=1522"},"modified":"2019-06-20T11:39:56","modified_gmt":"2019-06-20T09:39:56","slug":"tenez-moi-au-courant","status":"publish","type":"page","link":"https:\/\/www.thelanguageacademy.nl\/fr\/tenez-moi-au-courant\/","title":{"rendered":"Tenez-moi au courant"},"content":{"rendered":"\n<div class=\"wpcf7 no-js\" id=\"wpcf7-f1521-o1\" lang=\"nl-NL\" dir=\"ltr\" data-wpcf7-id=\"1521\">\n<div class=\"screen-reader-response\"><p role=\"status\" aria-live=\"polite\" aria-atomic=\"true\"><\/p> <ul><\/ul><\/div>\n<form action=\"\/fr\/wp-json\/wp\/v2\/pages\/1522#wpcf7-f1521-o1\" method=\"post\" class=\"wpcf7-form init\" aria-label=\"Contactformulier\" novalidate=\"novalidate\" data-status=\"init\">\n<fieldset class=\"hidden-fields-container\"><input type=\"hidden\" name=\"_wpcf7\" value=\"1521\" \/><input type=\"hidden\" name=\"_wpcf7_version\" value=\"6.1.4\" \/><input type=\"hidden\" name=\"_wpcf7_locale\" value=\"nl_NL\" \/><input type=\"hidden\" name=\"_wpcf7_unit_tag\" value=\"wpcf7-f1521-o1\" \/><input type=\"hidden\" name=\"_wpcf7_container_post\" value=\"0\" \/><input type=\"hidden\" name=\"_wpcf7_posted_data_hash\" value=\"\" \/><input type=\"hidden\" name=\"_wpcf7_recaptcha_response\" value=\"\" \/>\n<\/fieldset>\n<p>Nous vous remercions de l\u2019int\u00e9r\u00eat que vous portez \u00e0 nos cours. Laissez-nous vos coordonn\u00e9es et nous vous informerons d\u00e8s que le cours de votre choix sera disponible.\n<\/p>\n<div class=\"row h_small_margins\">\n\t<div class=\"col-md-4\">\n\t\t<p>Cours\n\t\t<\/p>\n\t<\/div>\n\t<div class=\"col-md-8\" id=\"courseName\">\n\t<\/div>\n<\/div>\n<div class=\"row h_small_margins\">\n\t<div class=\"col-md-4\">\n\t\t<p>Nom (obligatoire)\n\t\t<\/p>\n\t<\/div>\n\t<div class=\"col-md-8\">\n\t\t<p><span class=\"wpcf7-form-control-wrap\" data-name=\"your-name\"><input size=\"40\" maxlength=\"400\" class=\"wpcf7-form-control wpcf7-text wpcf7-validates-as-required form-control\" aria-required=\"true\" aria-invalid=\"false\" value=\"\" type=\"text\" name=\"your-name\" \/><\/span>\n\t\t<\/p>\n\t<\/div>\n<\/div>\n<input class=\"wpcf7-form-control wpcf7-hidden\" value=\"\" type=\"hidden\" name=\"course-name\" \/>\n<div class=\"row h_small_margins\">\n\t<div class=\"col-md-4\">\n\t\t<p>E-mail (obligatoire)\n\t\t<\/p>\n\t<\/div>\n\t<div class=\"col-md-8\">\n\t\t<p><span class=\"wpcf7-form-control-wrap\" data-name=\"your-email\"><input size=\"40\" maxlength=\"400\" class=\"wpcf7-form-control wpcf7-email wpcf7-validates-as-required wpcf7-text wpcf7-validates-as-email form-control\" aria-required=\"true\" aria-invalid=\"false\" value=\"\" type=\"email\" name=\"your-email\" \/><\/span>\n\t\t<\/p>\n\t<\/div>\n<\/div>\n<div class=\"row h_small_margins\">\n\t<div class=\"col-md-4\">\n\t<\/div>\n\t<div class=\"col-md-8\">\n\t\n\t<\/div>\n<\/div>\n<div class=\"row h_small_margins\">\n\t<div class=\"col-md-4\">\n\t<\/div>\n\t<div class=\"col-md-8\">\n\t\t<p><input class=\"wpcf7-form-control wpcf7-submit has-spinner btn\" type=\"submit\" value=\"Envoyer\" \/>\n\t\t<\/p>\n\t<\/div>\n<\/div>\n<p><script text=\"text\/javascript\">\nvar getUrlParameter = function getUrlParameter(sParam) {\n var sPageURL = decodeURIComponent(window.location.search.substring(1)),\n sURLVariables = sPageURL.split('&'),\n sParameterName,\n i;\n for (i = 0; i < sURLVariables.length; i++) {\n sParameterName = sURLVariables[i].split('=');\n if (sParameterName[0] === sParam) {\n return sParameterName[1] === undefined ? true : sParameterName[1];\n }\n }\n};\nvar VARIABLE = getUrlParameter('course-name');\n\/\/$(\"#courseName\").html(VARIABLE);\ndocument.getElementById('courseName').innerHTML = VARIABLE;\n<\/script>\n<\/p><div class=\"wpcf7-response-output\" aria-hidden=\"true\"><\/div>\n<\/form>\n<\/div>\n\n","protected":false},"excerpt":{"rendered":"","protected":false},"author":4,"featured_media":0,"parent":0,"menu_order":0,"comment_status":"closed","ping_status":"closed","template":"","meta":{"_acf_changed":false,"footnotes":""},"class_list":["post-1522","page","type-page","status-publish","hentry"],"acf":[],"yoast_head":"<!-- This site is optimized with the Yoast SEO plugin v25.4 - https:\/\/yoast.com\/wordpress\/plugins\/seo\/ -->\n<title>Tenez-moi au courant - The Language Academy<\/title>\n<meta name=\"description\" content=\"Nous vous remercions de l\u2019int\u00e9r\u00eat que vous portez \u00e0 nos cours. Laissez-nous vos coordonn\u00e9es et nous vous informerons d\u00e8s que le cours de votre choix sera disponible!\" \/>\n<meta name=\"robots\" content=\"index, follow, max-snippet:-1, max-image-preview:large, max-video-preview:-1\" \/>\n<link rel=\"canonical\" href=\"https:\/\/www.thelanguageacademy.nl\/fr\/tenez-moi-au-courant\/\" \/>\n<meta property=\"og:locale\" content=\"fr_FR\" \/>\n<meta property=\"og:type\" content=\"article\" \/>\n<meta property=\"og:title\" content=\"Tenez-moi au courant - The Language Academy\" \/>\n<meta property=\"og:description\" content=\"Nous vous remercions de l\u2019int\u00e9r\u00eat que vous portez \u00e0 nos cours. Laissez-nous vos coordonn\u00e9es et nous vous informerons d\u00e8s que le cours de votre choix sera disponible!\" \/>\n<meta property=\"og:url\" content=\"https:\/\/www.thelanguageacademy.nl\/fr\/tenez-moi-au-courant\/\" \/>\n<meta property=\"og:site_name\" content=\"The Language Academy\" \/>\n<meta name=\"twitter:card\" content=\"summary_large_image\" \/>\n<script type=\"application\/ld+json\" class=\"yoast-schema-graph\">{\"@context\":\"https:\/\/schema.org\",\"@graph\":[{\"@type\":\"WebPage\",\"@id\":\"https:\/\/www.thelanguageacademy.nl\/fr\/tenez-moi-au-courant\/\",\"url\":\"https:\/\/www.thelanguageacademy.nl\/fr\/tenez-moi-au-courant\/\",\"name\":\"Tenez-moi au courant - The Language Academy\",\"isPartOf\":{\"@id\":\"https:\/\/www.thelanguageacademy.nl\/fr\/#website\"},\"datePublished\":\"2019-06-20T09:39:56+00:00\",\"description\":\"Nous vous remercions de l\u2019int\u00e9r\u00eat que vous portez \u00e0 nos cours. Laissez-nous vos coordonn\u00e9es et nous vous informerons d\u00e8s que le cours de votre choix sera disponible!\",\"breadcrumb\":{\"@id\":\"https:\/\/www.thelanguageacademy.nl\/fr\/tenez-moi-au-courant\/#breadcrumb\"},\"inLanguage\":\"fr-FR\",\"potentialAction\":[{\"@type\":\"ReadAction\",\"target\":[\"https:\/\/www.thelanguageacademy.nl\/fr\/tenez-moi-au-courant\/\"]}]},{\"@type\":\"BreadcrumbList\",\"@id\":\"https:\/\/www.thelanguageacademy.nl\/fr\/tenez-moi-au-courant\/#breadcrumb\",\"itemListElement\":[{\"@type\":\"ListItem\",\"position\":1,\"name\":\"Home\",\"item\":\"https:\/\/www.thelanguageacademy.nl\/fr\/\"},{\"@type\":\"ListItem\",\"position\":2,\"name\":\"Tenez-moi au courant\"}]},{\"@type\":\"WebSite\",\"@id\":\"https:\/\/www.thelanguageacademy.nl\/fr\/#website\",\"url\":\"https:\/\/www.thelanguageacademy.nl\/fr\/\",\"name\":\"The Language Academy\",\"description\":\"elearning\",\"potentialAction\":[{\"@type\":\"SearchAction\",\"target\":{\"@type\":\"EntryPoint\",\"urlTemplate\":\"https:\/\/www.thelanguageacademy.nl\/fr\/?s={search_term_string}\"},\"query-input\":{\"@type\":\"PropertyValueSpecification\",\"valueRequired\":true,\"valueName\":\"search_term_string\"}}],\"inLanguage\":\"fr-FR\"}]}<\/script>\n<!-- \/ Yoast SEO plugin. -->","yoast_head_json":{"title":"Tenez-moi au courant - The Language Academy","description":"Nous vous remercions de l\u2019int\u00e9r\u00eat que vous portez \u00e0 nos cours. Laissez-nous vos coordonn\u00e9es et nous vous informerons d\u00e8s que le cours de votre choix sera disponible!","robots":{"index":"index","follow":"follow","max-snippet":"max-snippet:-1","max-image-preview":"max-image-preview:large","max-video-preview":"max-video-preview:-1"},"canonical":"https:\/\/www.thelanguageacademy.nl\/fr\/tenez-moi-au-courant\/","og_locale":"fr_FR","og_type":"article","og_title":"Tenez-moi au courant - The Language Academy","og_description":"Nous vous remercions de l\u2019int\u00e9r\u00eat que vous portez \u00e0 nos cours. Laissez-nous vos coordonn\u00e9es et nous vous informerons d\u00e8s que le cours de votre choix sera disponible!","og_url":"https:\/\/www.thelanguageacademy.nl\/fr\/tenez-moi-au-courant\/","og_site_name":"The Language Academy","twitter_card":"summary_large_image","schema":{"@context":"https:\/\/schema.org","@graph":[{"@type":"WebPage","@id":"https:\/\/www.thelanguageacademy.nl\/fr\/tenez-moi-au-courant\/","url":"https:\/\/www.thelanguageacademy.nl\/fr\/tenez-moi-au-courant\/","name":"Tenez-moi au courant - The Language Academy","isPartOf":{"@id":"https:\/\/www.thelanguageacademy.nl\/fr\/#website"},"datePublished":"2019-06-20T09:39:56+00:00","description":"Nous vous remercions de l\u2019int\u00e9r\u00eat que vous portez \u00e0 nos cours. Laissez-nous vos coordonn\u00e9es et nous vous informerons d\u00e8s que le cours de votre choix sera disponible!","breadcrumb":{"@id":"https:\/\/www.thelanguageacademy.nl\/fr\/tenez-moi-au-courant\/#breadcrumb"},"inLanguage":"fr-FR","potentialAction":[{"@type":"ReadAction","target":["https:\/\/www.thelanguageacademy.nl\/fr\/tenez-moi-au-courant\/"]}]},{"@type":"BreadcrumbList","@id":"https:\/\/www.thelanguageacademy.nl\/fr\/tenez-moi-au-courant\/#breadcrumb","itemListElement":[{"@type":"ListItem","position":1,"name":"Home","item":"https:\/\/www.thelanguageacademy.nl\/fr\/"},{"@type":"ListItem","position":2,"name":"Tenez-moi au courant"}]},{"@type":"WebSite","@id":"https:\/\/www.thelanguageacademy.nl\/fr\/#website","url":"https:\/\/www.thelanguageacademy.nl\/fr\/","name":"The Language Academy","description":"elearning","potentialAction":[{"@type":"SearchAction","target":{"@type":"EntryPoint","urlTemplate":"https:\/\/www.thelanguageacademy.nl\/fr\/?s={search_term_string}"},"query-input":{"@type":"PropertyValueSpecification","valueRequired":true,"valueName":"search_term_string"}}],"inLanguage":"fr-FR"}]}},"_links":{"self":[{"href":"https:\/\/www.thelanguageacademy.nl\/fr\/wp-json\/wp\/v2\/pages\/1522","targetHints":{"allow":["GET"]}}],"collection":[{"href":"https:\/\/www.thelanguageacademy.nl\/fr\/wp-json\/wp\/v2\/pages"}],"about":[{"href":"https:\/\/www.thelanguageacademy.nl\/fr\/wp-json\/wp\/v2\/types\/page"}],"author":[{"embeddable":true,"href":"https:\/\/www.thelanguageacademy.nl\/fr\/wp-json\/wp\/v2\/users\/4"}],"replies":[{"embeddable":true,"href":"https:\/\/www.thelanguageacademy.nl\/fr\/wp-json\/wp\/v2\/comments?post=1522"}],"version-history":[{"count":1,"href":"https:\/\/www.thelanguageacademy.nl\/fr\/wp-json\/wp\/v2\/pages\/1522\/revisions"}],"predecessor-version":[{"id":1523,"href":"https:\/\/www.thelanguageacademy.nl\/fr\/wp-json\/wp\/v2\/pages\/1522\/revisions\/1523"}],"wp:attachment":[{"href":"https:\/\/www.thelanguageacademy.nl\/fr\/wp-json\/wp\/v2\/media?parent=1522"}],"curies":[{"name":"wp","href":"https:\/\/api.w.org\/{rel}","templated":true}]}}