{"id":2657,"date":"2020-11-18T10:44:58","date_gmt":"2020-11-18T09:44:58","guid":{"rendered":"https:\/\/www.thelanguageacademy.nl\/?page_id=2657"},"modified":"2022-12-12T11:58:24","modified_gmt":"2022-12-12T10:58:24","slug":"bon-cadeau","status":"publish","type":"page","link":"https:\/\/www.thelanguageacademy.nl\/fr\/bon-cadeau\/","title":{"rendered":"Bon cadeau"},"content":{"rendered":"<p>Offrez un cours de langue en cadeau ! Nous proposons des cours de <a href=\"https:\/\/www.thelanguageacademy.nl\/fr\/cours-de-langue\/neerlandais\/\">n\u00e9erlandais<\/a>, <a href=\"https:\/\/www.thelanguageacademy.nl\/fr\/cours-de-langue\/anglais\/\">d\u2019anglais<\/a>, <a href=\"https:\/\/www.thelanguageacademy.nl\/fr\/cours-de-langue\/espagnol\/\">d\u2019espagnol<\/a>, <a href=\"https:\/\/www.thelanguageacademy.nl\/fr\/cours-de-langue\/allemand\/\">d\u2019allemand<\/a> et de <a href=\"https:\/\/www.thelanguageacademy.nl\/fr\/cours-de-langue\/francais\/\">fran\u00e7ais<\/a>.<\/p>\n<p>Demandez ici votre bon cadeau. Le bon cadeau est envoy\u00e9 au destinataire dans les 3 jours ouvr\u00e9s.<\/p>\n<p>&nbsp;<\/p>\n\n<div class=\"wpcf7 no-js\" id=\"wpcf7-f2654-o1\" lang=\"nl-NL\" dir=\"ltr\" data-wpcf7-id=\"2654\">\n<div class=\"screen-reader-response\"><p role=\"status\" aria-live=\"polite\" aria-atomic=\"true\"><\/p> <ul><\/ul><\/div>\n<form action=\"\/fr\/wp-json\/wp\/v2\/pages\/2657#wpcf7-f2654-o1\" method=\"post\" class=\"wpcf7-form init\" aria-label=\"Contactformulier\" novalidate=\"novalidate\" data-status=\"init\">\n<fieldset class=\"hidden-fields-container\"><input type=\"hidden\" name=\"_wpcf7\" value=\"2654\" \/><input type=\"hidden\" name=\"_wpcf7_version\" value=\"6.1.4\" \/><input type=\"hidden\" name=\"_wpcf7_locale\" value=\"nl_NL\" \/><input type=\"hidden\" name=\"_wpcf7_unit_tag\" value=\"wpcf7-f2654-o1\" \/><input type=\"hidden\" name=\"_wpcf7_container_post\" value=\"0\" \/><input type=\"hidden\" name=\"_wpcf7_posted_data_hash\" value=\"\" \/><input type=\"hidden\" name=\"_wpcf7_recaptcha_response\" value=\"\" \/>\n<\/fieldset>\n<div class=\"row h_small_margins\">\n\t<div class=\"col-md-4\">\n\t\t<p><strong>Vos coordonn\u00e9es:<\/strong>\n\t\t<\/p>\n\t<\/div>\n\t<div class=\"col-md-8\">\n\t<\/div>\n<\/div>\n<div class=\"row h_small_margins\">\n\t<div class=\"col-md-4\">\n\t\t<p>Formule d'appel *\n\t\t<\/p>\n\t<\/div>\n\t<div class=\"col-md-8\">\n\t\t<p><span class=\"wpcf7-form-control-wrap\" data-name=\"aanhef\"><select class=\"wpcf7-form-control wpcf7-select wpcf7-validates-as-required\" aria-required=\"true\" aria-invalid=\"false\" name=\"aanhef\"><option value=\"\">&#8212;Kies een optie&#8212;<\/option><option value=\"M.\">M.<\/option><option value=\"Mme\">Mme<\/option><\/select><\/span>\n\t\t<\/p>\n\t<\/div>\n<\/div>\n<div class=\"row h_small_margins\">\n\t<div class=\"col-md-4\">\n\t\t<p>Pr\u00e9nom *\n\t\t<\/p>\n\t<\/div>\n\t<div class=\"col-md-8\">\n\t\t<p><span class=\"wpcf7-form-control-wrap\" data-name=\"voornaam\"><input size=\"40\" maxlength=\"400\" class=\"wpcf7-form-control wpcf7-text wpcf7-validates-as-required\" aria-required=\"true\" aria-invalid=\"false\" value=\"\" type=\"text\" name=\"voornaam\" \/><\/span>\n\t\t<\/p>\n\t<\/div>\n<\/div>\n<div class=\"row h_small_margins\">\n\t<div class=\"col-md-4\">\n\t\t<p>Nom *\n\t\t<\/p>\n\t<\/div>\n\t<div class=\"col-md-8\">\n\t\t<p><span class=\"wpcf7-form-control-wrap\" data-name=\"achternaam\"><input size=\"40\" maxlength=\"400\" class=\"wpcf7-form-control wpcf7-text wpcf7-validates-as-required\" aria-required=\"true\" aria-invalid=\"false\" value=\"\" type=\"text\" name=\"achternaam\" \/><\/span>\n\t\t<\/p>\n\t<\/div>\n<\/div>\n<div class=\"row h_small_margins\">\n\t<div class=\"col-md-4\">\n\t\t<p>Adresse e-mail *\n\t\t<\/p>\n\t<\/div>\n\t<div class=\"col-md-8\">\n\t\t<p><span class=\"wpcf7-form-control-wrap\" data-name=\"email\"><input size=\"40\" maxlength=\"400\" class=\"wpcf7-form-control wpcf7-email wpcf7-validates-as-required wpcf7-text wpcf7-validates-as-email\" aria-required=\"true\" aria-invalid=\"false\" value=\"\" type=\"email\" name=\"email\" \/><\/span>\n\t\t<\/p>\n\t<\/div>\n<\/div>\n<div class=\"row h_small_margins\">\n\t<div class=\"col-md-4\">\n\t\t<p>Code de r\u00e9duction\n\t\t<\/p>\n\t<\/div>\n\t<div class=\"col-md-8\">\n\t\t<p><span class=\"wpcf7-form-control-wrap\" data-name=\"code\"><input size=\"40\" maxlength=\"400\" class=\"wpcf7-form-control wpcf7-text\" aria-invalid=\"false\" value=\"\" type=\"text\" name=\"code\" \/><\/span>\n\t\t<\/p>\n\t<\/div>\n<\/div>\n<div class=\"row h_small_margins\">\n\t<div class=\"col-md-4\">\n\t\t<p>Remarques (150 caract\u00e8res maximum)\n\t\t<\/p>\n\t<\/div>\n\t<div class=\"col-md-8\">\n\t\t<p><span class=\"wpcf7-form-control-wrap\" data-name=\"opmerkingen\"><textarea cols=\"38\" rows=\"4\" maxlength=\"150\" class=\"wpcf7-form-control wpcf7-textarea\" aria-invalid=\"false\" name=\"opmerkingen\"><\/textarea><\/span>\n\t\t<\/p>\n\t<\/div>\n<\/div>\n<div class=\"row h_small_margins\">\n\t<div class=\"col-md-4\">\n\t\t<p>&nbsp;\n\t\t<\/p>\n\t<\/div>\n\t<div class=\"col-md-8\">\n\t\t<p>&nbsp;\n\t\t<\/p>\n\t<\/div>\n<\/div>\n<div class=\"row h_small_margins\">\n\t<div class=\"col-md-4\">\n\t\t<p><strong>Donn\u00e9es cadeau:<\/strong>\n\t\t<\/p>\n\t<\/div>\n\t<div class=\"col-md-8\">\n\t<\/div>\n<\/div>\n<div class=\"row h_small_margins\">\n\t<div class=\"col-md-4\">\n\t\t<p>De *\n\t\t<\/p>\n\t<\/div>\n\t<div class=\"col-md-8\">\n\t\t<p><span class=\"wpcf7-form-control-wrap\" data-name=\"van\"><input size=\"40\" maxlength=\"400\" class=\"wpcf7-form-control wpcf7-text wpcf7-validates-as-required\" aria-required=\"true\" aria-invalid=\"false\" value=\"\" type=\"text\" name=\"van\" \/><\/span>\n\t\t<\/p>\n\t<\/div>\n<\/div>\n<div class=\"row h_small_margins\">\n\t<div class=\"col-md-4\">\n\t\t<p>\u00c0 *\n\t\t<\/p>\n\t<\/div>\n\t<div class=\"col-md-8\">\n\t\t<p><span class=\"wpcf7-form-control-wrap\" data-name=\"ontvanger\"><input size=\"40\" maxlength=\"400\" class=\"wpcf7-form-control wpcf7-text wpcf7-validates-as-required\" aria-required=\"true\" aria-invalid=\"false\" value=\"\" type=\"text\" name=\"ontvanger\" \/><\/span>\n\t\t<\/p>\n\t<\/div>\n<\/div>\n<div class=\"row h_small_margins\">\n\t<div class=\"col-md-4\">\n\t\t<p>Adresse e-mail du destinataire *\n\t\t<\/p>\n\t<\/div>\n\t<div class=\"col-md-8\">\n\t\t<p><span class=\"wpcf7-form-control-wrap\" data-name=\"email-ontvanger\"><input size=\"40\" maxlength=\"400\" class=\"wpcf7-form-control wpcf7-email wpcf7-validates-as-required wpcf7-text wpcf7-validates-as-email\" aria-required=\"true\" aria-invalid=\"false\" value=\"\" type=\"email\" name=\"email-ontvanger\" \/><\/span>\n\t\t<\/p>\n\t<\/div>\n<\/div>\n<div class=\"row h_small_margins\">\n\t<div class=\"col-md-4\">\n\t\t<p>Message personnalis\u00e9 (150 caract\u00e8res maximum)\n\t\t<\/p>\n\t<\/div>\n\t<div class=\"col-md-8\">\n\t\t<p><span class=\"wpcf7-form-control-wrap\" data-name=\"boodschap\"><textarea cols=\"38\" rows=\"4\" maxlength=\"150\" class=\"wpcf7-form-control wpcf7-textarea\" aria-invalid=\"false\" name=\"boodschap\"><\/textarea><\/span>\n\t\t<\/p>\n\t<\/div>\n<\/div>\n<div class=\"row h_small_margins\">\n\t<div class=\"col-md-4\">\n\t\t<p>Quel forfait\n\t\t<\/p>\n\t<\/div>\n\t<div class=\"col-md-8\">\n\t\t<p><span class=\"wpcf7-form-control-wrap\" data-name=\"pakket\"><select class=\"wpcf7-form-control wpcf7-select wpcf7-validates-as-required\" aria-required=\"true\" aria-invalid=\"false\" name=\"pakket\"><option value=\"\">&#8212;Kies een optie&#8212;<\/option><option value=\"Standard\">Standard<\/option><option value=\"Premium\">Premium<\/option><option value=\"Excellent\">Excellent<\/option><\/select><\/span>\n\t\t<\/p>\n\t<\/div>\n<\/div>\n<div class=\"row h_small_margins\">\n\t<div class=\"col-md-4\">\n\t\t<p>&nbsp;\n\t\t<\/p>\n\t<\/div>\n\t<div class=\"col-md-8\">\n\t\t<p>&nbsp;\n\t\t<\/p>\n\t<\/div>\n<\/div>\n<div class=\"row h_small_margins\">\n\t<div class=\"col-md-4\">\n\t<\/div>\n\t<div class=\"col-md-8\">\n\t\t<p><input class=\"wpcf7-form-control wpcf7-submit has-spinner\" type=\"submit\" value=\"Envoyer\" \/>\n\t\t<\/p>\n\t<\/div>\n<\/div><div class=\"wpcf7-response-output\" aria-hidden=\"true\"><\/div>\n<\/form>\n<\/div>\n\n","protected":false},"excerpt":{"rendered":"<p>Offrez un cours de langue en cadeau ! Nous proposons des cours de n\u00e9erlandais, d\u2019anglais, d\u2019espagnol, d\u2019allemand et de fran\u00e7ais. Demandez ici votre bon cadeau. Le bon cadeau est envoy\u00e9 au destinataire dans les 3 jours ouvr\u00e9s. &nbsp;<\/p>\n","protected":false},"author":4,"featured_media":2618,"parent":0,"menu_order":0,"comment_status":"closed","ping_status":"closed","template":"","meta":{"_acf_changed":false,"footnotes":""},"class_list":["post-2657","page","type-page","status-publish","has-post-thumbnail","hentry"],"acf":[],"yoast_head":"<!-- This site is optimized with the Yoast SEO plugin v25.4 - https:\/\/yoast.com\/wordpress\/plugins\/seo\/ -->\n<title>Bon cadeau - The Language Academy<\/title>\n<meta name=\"description\" content=\"Les cours de The Language Academy sont d\u2019un haut niveau et vous font d\u00e9couvrir une langue de fa\u00e7on dynamique. Demandez ici votre bon cadeau.\" \/>\n<meta name=\"robots\" content=\"index, follow, max-snippet:-1, max-image-preview:large, max-video-preview:-1\" \/>\n<link rel=\"canonical\" href=\"https:\/\/www.thelanguageacademy.nl\/fr\/bon-cadeau\/\" \/>\n<meta property=\"og:locale\" content=\"fr_FR\" \/>\n<meta property=\"og:type\" content=\"article\" \/>\n<meta property=\"og:title\" content=\"Bon cadeau - The Language Academy\" \/>\n<meta property=\"og:description\" content=\"Les cours de The Language Academy sont d\u2019un haut niveau et vous font d\u00e9couvrir une langue de fa\u00e7on dynamique. Demandez ici votre bon cadeau.\" \/>\n<meta property=\"og:url\" content=\"https:\/\/www.thelanguageacademy.nl\/fr\/bon-cadeau\/\" \/>\n<meta property=\"og:site_name\" content=\"The Language Academy\" \/>\n<meta property=\"article:modified_time\" content=\"2022-12-12T10:58:24+00:00\" \/>\n<meta property=\"og:image\" content=\"https:\/\/www.thelanguageacademy.nl\/wp-content\/uploads\/2020\/11\/TLA-korting-bon-generic-header-pagina.jpg\" \/>\n\t<meta property=\"og:image:width\" content=\"2560\" \/>\n\t<meta property=\"og:image:height\" content=\"1117\" \/>\n\t<meta property=\"og:image:type\" content=\"image\/jpeg\" \/>\n<meta name=\"twitter:card\" content=\"summary_large_image\" \/>\n<script type=\"application\/ld+json\" class=\"yoast-schema-graph\">{\"@context\":\"https:\/\/schema.org\",\"@graph\":[{\"@type\":\"WebPage\",\"@id\":\"https:\/\/www.thelanguageacademy.nl\/fr\/bon-cadeau\/\",\"url\":\"https:\/\/www.thelanguageacademy.nl\/fr\/bon-cadeau\/\",\"name\":\"Bon cadeau - The Language Academy\",\"isPartOf\":{\"@id\":\"https:\/\/www.thelanguageacademy.nl\/fr\/#website\"},\"primaryImageOfPage\":{\"@id\":\"https:\/\/www.thelanguageacademy.nl\/fr\/bon-cadeau\/#primaryimage\"},\"image\":{\"@id\":\"https:\/\/www.thelanguageacademy.nl\/fr\/bon-cadeau\/#primaryimage\"},\"thumbnailUrl\":\"https:\/\/www.thelanguageacademy.nl\/wp-content\/uploads\/2020\/11\/TLA-korting-bon-generic-header-pagina.jpg\",\"datePublished\":\"2020-11-18T09:44:58+00:00\",\"dateModified\":\"2022-12-12T10:58:24+00:00\",\"description\":\"Les cours de The Language Academy sont d\u2019un haut niveau et vous font d\u00e9couvrir une langue de fa\u00e7on dynamique. Demandez ici votre bon cadeau.\",\"breadcrumb\":{\"@id\":\"https:\/\/www.thelanguageacademy.nl\/fr\/bon-cadeau\/#breadcrumb\"},\"inLanguage\":\"fr-FR\",\"potentialAction\":[{\"@type\":\"ReadAction\",\"target\":[\"https:\/\/www.thelanguageacademy.nl\/fr\/bon-cadeau\/\"]}]},{\"@type\":\"ImageObject\",\"inLanguage\":\"fr-FR\",\"@id\":\"https:\/\/www.thelanguageacademy.nl\/fr\/bon-cadeau\/#primaryimage\",\"url\":\"https:\/\/www.thelanguageacademy.nl\/wp-content\/uploads\/2020\/11\/TLA-korting-bon-generic-header-pagina.jpg\",\"contentUrl\":\"https:\/\/www.thelanguageacademy.nl\/wp-content\/uploads\/2020\/11\/TLA-korting-bon-generic-header-pagina.jpg\",\"width\":2560,\"height\":1117,\"caption\":\"Cadeaubon taalcursus\"},{\"@type\":\"BreadcrumbList\",\"@id\":\"https:\/\/www.thelanguageacademy.nl\/fr\/bon-cadeau\/#breadcrumb\",\"itemListElement\":[{\"@type\":\"ListItem\",\"position\":1,\"name\":\"Home\",\"item\":\"https:\/\/www.thelanguageacademy.nl\/fr\/\"},{\"@type\":\"ListItem\",\"position\":2,\"name\":\"Bon cadeau\"}]},{\"@type\":\"WebSite\",\"@id\":\"https:\/\/www.thelanguageacademy.nl\/fr\/#website\",\"url\":\"https:\/\/www.thelanguageacademy.nl\/fr\/\",\"name\":\"The Language Academy\",\"description\":\"elearning\",\"potentialAction\":[{\"@type\":\"SearchAction\",\"target\":{\"@type\":\"EntryPoint\",\"urlTemplate\":\"https:\/\/www.thelanguageacademy.nl\/fr\/?s={search_term_string}\"},\"query-input\":{\"@type\":\"PropertyValueSpecification\",\"valueRequired\":true,\"valueName\":\"search_term_string\"}}],\"inLanguage\":\"fr-FR\"}]}<\/script>\n<!-- \/ Yoast SEO plugin. -->","yoast_head_json":{"title":"Bon cadeau - The Language Academy","description":"Les cours de The Language Academy sont d\u2019un haut niveau et vous font d\u00e9couvrir une langue de fa\u00e7on dynamique. Demandez ici votre bon cadeau.","robots":{"index":"index","follow":"follow","max-snippet":"max-snippet:-1","max-image-preview":"max-image-preview:large","max-video-preview":"max-video-preview:-1"},"canonical":"https:\/\/www.thelanguageacademy.nl\/fr\/bon-cadeau\/","og_locale":"fr_FR","og_type":"article","og_title":"Bon cadeau - The Language Academy","og_description":"Les cours de The Language Academy sont d\u2019un haut niveau et vous font d\u00e9couvrir une langue de fa\u00e7on dynamique. Demandez ici votre bon cadeau.","og_url":"https:\/\/www.thelanguageacademy.nl\/fr\/bon-cadeau\/","og_site_name":"The Language Academy","article_modified_time":"2022-12-12T10:58:24+00:00","og_image":[{"width":2560,"height":1117,"url":"https:\/\/www.thelanguageacademy.nl\/wp-content\/uploads\/2020\/11\/TLA-korting-bon-generic-header-pagina.jpg","type":"image\/jpeg"}],"twitter_card":"summary_large_image","schema":{"@context":"https:\/\/schema.org","@graph":[{"@type":"WebPage","@id":"https:\/\/www.thelanguageacademy.nl\/fr\/bon-cadeau\/","url":"https:\/\/www.thelanguageacademy.nl\/fr\/bon-cadeau\/","name":"Bon cadeau - The Language Academy","isPartOf":{"@id":"https:\/\/www.thelanguageacademy.nl\/fr\/#website"},"primaryImageOfPage":{"@id":"https:\/\/www.thelanguageacademy.nl\/fr\/bon-cadeau\/#primaryimage"},"image":{"@id":"https:\/\/www.thelanguageacademy.nl\/fr\/bon-cadeau\/#primaryimage"},"thumbnailUrl":"https:\/\/www.thelanguageacademy.nl\/wp-content\/uploads\/2020\/11\/TLA-korting-bon-generic-header-pagina.jpg","datePublished":"2020-11-18T09:44:58+00:00","dateModified":"2022-12-12T10:58:24+00:00","description":"Les cours de The Language Academy sont d\u2019un haut niveau et vous font d\u00e9couvrir une langue de fa\u00e7on dynamique. Demandez ici votre bon cadeau.","breadcrumb":{"@id":"https:\/\/www.thelanguageacademy.nl\/fr\/bon-cadeau\/#breadcrumb"},"inLanguage":"fr-FR","potentialAction":[{"@type":"ReadAction","target":["https:\/\/www.thelanguageacademy.nl\/fr\/bon-cadeau\/"]}]},{"@type":"ImageObject","inLanguage":"fr-FR","@id":"https:\/\/www.thelanguageacademy.nl\/fr\/bon-cadeau\/#primaryimage","url":"https:\/\/www.thelanguageacademy.nl\/wp-content\/uploads\/2020\/11\/TLA-korting-bon-generic-header-pagina.jpg","contentUrl":"https:\/\/www.thelanguageacademy.nl\/wp-content\/uploads\/2020\/11\/TLA-korting-bon-generic-header-pagina.jpg","width":2560,"height":1117,"caption":"Cadeaubon taalcursus"},{"@type":"BreadcrumbList","@id":"https:\/\/www.thelanguageacademy.nl\/fr\/bon-cadeau\/#breadcrumb","itemListElement":[{"@type":"ListItem","position":1,"name":"Home","item":"https:\/\/www.thelanguageacademy.nl\/fr\/"},{"@type":"ListItem","position":2,"name":"Bon cadeau"}]},{"@type":"WebSite","@id":"https:\/\/www.thelanguageacademy.nl\/fr\/#website","url":"https:\/\/www.thelanguageacademy.nl\/fr\/","name":"The Language Academy","description":"elearning","potentialAction":[{"@type":"SearchAction","target":{"@type":"EntryPoint","urlTemplate":"https:\/\/www.thelanguageacademy.nl\/fr\/?s={search_term_string}"},"query-input":{"@type":"PropertyValueSpecification","valueRequired":true,"valueName":"search_term_string"}}],"inLanguage":"fr-FR"}]}},"_links":{"self":[{"href":"https:\/\/www.thelanguageacademy.nl\/fr\/wp-json\/wp\/v2\/pages\/2657","targetHints":{"allow":["GET"]}}],"collection":[{"href":"https:\/\/www.thelanguageacademy.nl\/fr\/wp-json\/wp\/v2\/pages"}],"about":[{"href":"https:\/\/www.thelanguageacademy.nl\/fr\/wp-json\/wp\/v2\/types\/page"}],"author":[{"embeddable":true,"href":"https:\/\/www.thelanguageacademy.nl\/fr\/wp-json\/wp\/v2\/users\/4"}],"replies":[{"embeddable":true,"href":"https:\/\/www.thelanguageacademy.nl\/fr\/wp-json\/wp\/v2\/comments?post=2657"}],"version-history":[{"count":17,"href":"https:\/\/www.thelanguageacademy.nl\/fr\/wp-json\/wp\/v2\/pages\/2657\/revisions"}],"predecessor-version":[{"id":4489,"href":"https:\/\/www.thelanguageacademy.nl\/fr\/wp-json\/wp\/v2\/pages\/2657\/revisions\/4489"}],"wp:featuredmedia":[{"embeddable":true,"href":"https:\/\/www.thelanguageacademy.nl\/fr\/wp-json\/wp\/v2\/media\/2618"}],"wp:attachment":[{"href":"https:\/\/www.thelanguageacademy.nl\/fr\/wp-json\/wp\/v2\/media?parent=2657"}],"curies":[{"name":"wp","href":"https:\/\/api.w.org\/{rel}","templated":true}]}}