{"id":2825,"date":"2021-07-05T17:01:12","date_gmt":"2021-07-05T15:01:12","guid":{"rendered":"https:\/\/www.thelanguageacademy.nl\/?page_id=2825"},"modified":"2022-08-25T13:25:52","modified_gmt":"2022-08-25T11:25:52","slug":"declaration-de-confidentialite-et-de-cookies","status":"publish","type":"page","link":"https:\/\/www.thelanguageacademy.nl\/fr\/declaration-de-confidentialite-et-de-cookies\/","title":{"rendered":"D\u00e9claration de confidentialit\u00e9"},"content":{"rendered":"<p>Cette d\u00e9claration de confidentialit\u00e9 et de cookies explique comment nous traitons vos donn\u00e9es personnelles. The Language Academy fait partie d\u2019UvA Talen B.V. Pour une explication d\u00e9taill\u00e9e de la mani\u00e8re dont UvA Talen B.V. traite vos donn\u00e9es, veuillez vous r\u00e9f\u00e9rer \u00e0<a href=\"https:\/\/www.uvatalen.nl\/sites\/default\/files\/user-uploads\/terms-and-conditions\/UvA%20Talen%20B.V%20Privacy-%20en%20cookie%20statement_June%202022.pdf\"> la d\u00e9claration de confidentialit\u00e9 d\u2019UvA Talen<\/a>.<\/p>\n<p>&nbsp;<\/p>\n<p><strong>Utilisation des donn\u00e9es personnelles \u00e0 l\u2019achat d\u2019un cours de langue en ligne<\/strong><br \/>\nLorsque vous achetez un de nos cours de langue en ligne, nous avons besoin des informations suivantes : nom, adresse e-mail, genre, \u00e2ge, nationalit\u00e9, localit\u00e9, pays et toutes autres informations n\u00e9cessaire \u00e0 la facturation. Vous pouvez \u00e9galement vous connecter avec votre compte Facebook. Lorsque vous vous connectez avec votre compte Facebook, nous avons acc\u00e8s aux informations de base de votre compte Facebook: nom d&rsquo;utilisateur et mot de passe.<br \/>\nVous pouvez choisir de faire envoyer la facture \u00e0 un tiers, par exemple votre employeur. Si vous utilisez cette option, nous utiliserons le nom de la soci\u00e9t\u00e9, le service, l\u2019adresse, le code postal, la localit\u00e9 et les coordonn\u00e9es de la personne de contact du tiers. Nous collectons ces donn\u00e9es pour pouvoir vous fournir le cours en ligne. Nous conservons les donn\u00e9es de facturation aussi longtemps que nous sommes l\u00e9galement tenus de le faire. Nous devons conserver nos dossiers fiscaux pendant 7 ans et, dans certains cas, pendant 10 ans.<\/p>\n<p><strong>Utilisation des donn\u00e9es personnelles avec le compte<\/strong><br \/>\nVous avez besoin d\u2019un compte pour certaines parties du site Web. Vous avez par exemple besoin d\u2019un compte pour suivre les cours de langue en ligne, voir vos progr\u00e8s pendant le cours gr\u00e2ce au tableau de bord et acheter des produits suppl\u00e9mentaires (prolongation ou nouveau cours).<br \/>\nAvec votre compte, nous conservons toutes les informations que vous avez fournies lors de votre inscription, ainsi que des informations sur les cours de langue en ligne que vous avez suivis. Nous enregistrons vos donn\u00e9es pour que vous n\u2019ayez pas \u00e0 les remplir \u00e0 chaque fois et, si n\u00e9cessaire, pour que nous puissions vous contacter plus facilement dans le cadre de l\u2019ex\u00e9cution du contrat. Nous conservons toutes les informations que nous obtenons par l\u2019interm\u00e9diaire de votre compte aussi longtemps que ce dernier existe. Vous pouvez modifier les informations personnelles fournies lors de l\u2019inscription et les faire <a href=\"https:\/\/www.thelanguageacademy.nl\/fr\/contact\/formulaire-de-contact\/\" target=\"_blank\" rel=\"noopener noreferrer\">supprimer<\/a> quand vous le souhaitez. Vous pouvez \u00e9galement pr\u00e9ciser si et \u00e0 quelle fr\u00e9quence nous pouvons vous contacter par courrier \u00e9lectronique au sujet de votre cours.<\/p>\n<p><strong>Utilisation des donn\u00e9es personnelles avec la version de d\u00e9monstration gratuite<\/strong><br \/>\nPour vous donner une id\u00e9e de nos cours de langues en ligne, nous proposons une d\u00e9mo gratuite. Nous devons vous demander de laisser votre adresse e-mail pour que vous puissiez visionner une d\u00e9mo. En nous communiquant votre adresse e-mail, vous acceptez notre D\u00e9claration de confidentialit\u00e9 et de cookies et nos <a href=\"https:\/\/www.thelanguageacademy.nl\/fr\/conditions-generales\/\">Conditions g\u00e9n\u00e9rales<\/a> et consentez \u00e0 ce que The Language Academy vous envoie des e-mails occasionnels contenant des informations sur nos cours et nos offres.<\/p>\n<p><strong>Utilisation des donn\u00e9es personnelles li\u00e9es aux \u00e9valuations<\/strong><br \/>\nVous pouvez laisser une \u00e9valuation du ou des services que nous avons fourni(s). De cette mani\u00e8re, vous pouvez nous faire savoir ce que vous pensez de notre prestation de services. \u00c0 cette fin, nous utilisons votre nom (facultatif), vos coordonn\u00e9es (facultatif), des informations sur le service achet\u00e9 et l\u2019\u00e9valuation de ce service fournie par vous. Nous collectons ces donn\u00e9es sur la base de notre int\u00e9r\u00eat l\u00e9gitime, \u00e9tant bien entendu que vous n\u2019\u00eates pas oblig\u00e9 de laisser une \u00e9valuation. Vous pouvez \u00e0 tout moment faire supprimer l\u2019\u00e9valuation en nous contactant.<\/p>\n<p><strong>Utilisation de cookies<\/strong><br \/>\nThe Language Academy utilise des cookies. Un cookie est un fichier texte qui est plac\u00e9 sur votre ordinateur, smartphone ou tablette par un site Web. Ce type de fichier stocke des informations.<\/p>\n<p><em>Cookies fonctionnels<br \/>\n<\/em>Les cookies fonctionnels sont essentiels au bon fonctionnement d\u2019un site Web. Cette cat\u00e9gorie de cookies comprend uniquement les cookies qui sont n\u00e9cessaires aux fonctionnalit\u00e9s de base et aux fonctions de s\u00e9curit\u00e9 de notre site Web. Exemples de cookies fonctionnels :<\/p>\n<ul>\n<li>la conservation d\u2019articles dans un panier d\u2019achat ;<\/li>\n<li>le transfert d\u2019informations d\u2019une page \u00e0 l\u2019autre ;<\/li>\n<li>l\u2019enregistrement de pr\u00e9f\u00e9rences, telles que les param\u00e8tres de langue ;<\/li>\n<li>la possibilit\u00e9 de stocker les donn\u00e9es de connexion.<\/li>\n<\/ul>\n<p><em>Cookies analytiques<br \/>\n<\/em>Les cookies analytiques sont utilis\u00e9s pour suivre les statistiques des visiteurs. Les statistiques que nous recueillons ne permettent pas de remonter \u00e0 des individus. L\u2019\u00e9tude des statistiques nous permet de mieux comprendre le fonctionnement du site Web. Exemples de cookies analytiques que nous utilisons :<\/p>\n<ul>\n<li>suivi du nombre de visiteurs du site Web ;<\/li>\n<li>suivi des termes de recherche utilis\u00e9s ;<\/li>\n<li>suivi du nombre de visiteurs par page ;<\/li>\n<li>suivi du temps moyen que les visiteurs passent sur les diff\u00e9rentes pages Web.<\/li>\n<\/ul>\n<p><strong>Modification de la d\u00e9claration de confidentialit\u00e9 et de cookies<\/strong><br \/>\nThe Language Academy se r\u00e9serve le droit de modifier le contenu de la pr\u00e9sente d\u00e9claration de confidentialit\u00e9 et de cookies. Toute adaptation et\/ou modification du site Web peut entrainer des changements dans la d\u00e9claration de confidentialit\u00e9 et de cookies. La d\u00e9claration de confidentialit\u00e9 et de cookies la plus r\u00e9cente est toujours consultable sur www.thelanguageacademy.nl.<\/p>\n","protected":false},"excerpt":{"rendered":"<p>Cette d\u00e9claration de confidentialit\u00e9 et de cookies explique comment nous traitons vos donn\u00e9es personnelles. The Language Academy fait partie d\u2019UvA Talen B.V. Pour une explication d\u00e9taill\u00e9e de la mani\u00e8re dont UvA Talen B.V. traite vos donn\u00e9es, veuillez vous r\u00e9f\u00e9rer \u00e0 la d\u00e9claration de confidentialit\u00e9 d\u2019UvA Talen. &nbsp; Utilisation des donn\u00e9es personnelles \u00e0 l\u2019achat d\u2019un cours [&hellip;]<\/p>\n","protected":false},"author":4,"featured_media":0,"parent":0,"menu_order":0,"comment_status":"closed","ping_status":"closed","template":"","meta":{"_acf_changed":false,"footnotes":""},"class_list":["post-2825","page","type-page","status-publish","hentry"],"acf":[],"yoast_head":"<!-- This site is optimized with the Yoast SEO plugin v25.4 - https:\/\/yoast.com\/wordpress\/plugins\/seo\/ -->\n<title>D\u00e9claration de confidentialit\u00e9 - The Language Academy<\/title>\n<meta name=\"description\" content=\"Cette d\u00e9claration de confidentialit\u00e9 et de cookies explique comment nous traitons vos donn\u00e9es personnelles. The Language Academy fait partie d\u2019UvA Talen B.V.\" \/>\n<meta name=\"robots\" content=\"index, follow, max-snippet:-1, max-image-preview:large, max-video-preview:-1\" \/>\n<link rel=\"canonical\" href=\"https:\/\/www.thelanguageacademy.nl\/fr\/declaration-de-confidentialite-et-de-cookies\/\" \/>\n<meta property=\"og:locale\" content=\"fr_FR\" \/>\n<meta property=\"og:type\" content=\"article\" \/>\n<meta property=\"og:title\" content=\"D\u00e9claration de confidentialit\u00e9 - The Language Academy\" \/>\n<meta property=\"og:description\" content=\"Cette d\u00e9claration de confidentialit\u00e9 et de cookies explique comment nous traitons vos donn\u00e9es personnelles. The Language Academy fait partie d\u2019UvA Talen B.V.\" \/>\n<meta property=\"og:url\" content=\"https:\/\/www.thelanguageacademy.nl\/fr\/declaration-de-confidentialite-et-de-cookies\/\" \/>\n<meta property=\"og:site_name\" content=\"The Language Academy\" \/>\n<meta property=\"article:modified_time\" content=\"2022-08-25T11:25:52+00:00\" \/>\n<meta name=\"twitter:card\" content=\"summary_large_image\" \/>\n<meta name=\"twitter:label1\" content=\"Dur\u00e9e de lecture estim\u00e9e\" \/>\n\t<meta name=\"twitter:data1\" content=\"4 minutes\" \/>\n<script type=\"application\/ld+json\" class=\"yoast-schema-graph\">{\"@context\":\"https:\/\/schema.org\",\"@graph\":[{\"@type\":\"WebPage\",\"@id\":\"https:\/\/www.thelanguageacademy.nl\/fr\/declaration-de-confidentialite-et-de-cookies\/\",\"url\":\"https:\/\/www.thelanguageacademy.nl\/fr\/declaration-de-confidentialite-et-de-cookies\/\",\"name\":\"D\u00e9claration de confidentialit\u00e9 - The Language Academy\",\"isPartOf\":{\"@id\":\"https:\/\/www.thelanguageacademy.nl\/fr\/#website\"},\"datePublished\":\"2021-07-05T15:01:12+00:00\",\"dateModified\":\"2022-08-25T11:25:52+00:00\",\"description\":\"Cette d\u00e9claration de confidentialit\u00e9 et de cookies explique comment nous traitons vos donn\u00e9es personnelles. The Language Academy fait partie d\u2019UvA Talen B.V.\",\"breadcrumb\":{\"@id\":\"https:\/\/www.thelanguageacademy.nl\/fr\/declaration-de-confidentialite-et-de-cookies\/#breadcrumb\"},\"inLanguage\":\"fr-FR\",\"potentialAction\":[{\"@type\":\"ReadAction\",\"target\":[\"https:\/\/www.thelanguageacademy.nl\/fr\/declaration-de-confidentialite-et-de-cookies\/\"]}]},{\"@type\":\"BreadcrumbList\",\"@id\":\"https:\/\/www.thelanguageacademy.nl\/fr\/declaration-de-confidentialite-et-de-cookies\/#breadcrumb\",\"itemListElement\":[{\"@type\":\"ListItem\",\"position\":1,\"name\":\"Home\",\"item\":\"https:\/\/www.thelanguageacademy.nl\/fr\/\"},{\"@type\":\"ListItem\",\"position\":2,\"name\":\"D\u00e9claration de confidentialit\u00e9\"}]},{\"@type\":\"WebSite\",\"@id\":\"https:\/\/www.thelanguageacademy.nl\/fr\/#website\",\"url\":\"https:\/\/www.thelanguageacademy.nl\/fr\/\",\"name\":\"The Language Academy\",\"description\":\"elearning\",\"potentialAction\":[{\"@type\":\"SearchAction\",\"target\":{\"@type\":\"EntryPoint\",\"urlTemplate\":\"https:\/\/www.thelanguageacademy.nl\/fr\/?s={search_term_string}\"},\"query-input\":{\"@type\":\"PropertyValueSpecification\",\"valueRequired\":true,\"valueName\":\"search_term_string\"}}],\"inLanguage\":\"fr-FR\"}]}<\/script>\n<!-- \/ Yoast SEO plugin. -->","yoast_head_json":{"title":"D\u00e9claration de confidentialit\u00e9 - The Language Academy","description":"Cette d\u00e9claration de confidentialit\u00e9 et de cookies explique comment nous traitons vos donn\u00e9es personnelles. The Language Academy fait partie d\u2019UvA Talen B.V.","robots":{"index":"index","follow":"follow","max-snippet":"max-snippet:-1","max-image-preview":"max-image-preview:large","max-video-preview":"max-video-preview:-1"},"canonical":"https:\/\/www.thelanguageacademy.nl\/fr\/declaration-de-confidentialite-et-de-cookies\/","og_locale":"fr_FR","og_type":"article","og_title":"D\u00e9claration de confidentialit\u00e9 - The Language Academy","og_description":"Cette d\u00e9claration de confidentialit\u00e9 et de cookies explique comment nous traitons vos donn\u00e9es personnelles. The Language Academy fait partie d\u2019UvA Talen B.V.","og_url":"https:\/\/www.thelanguageacademy.nl\/fr\/declaration-de-confidentialite-et-de-cookies\/","og_site_name":"The Language Academy","article_modified_time":"2022-08-25T11:25:52+00:00","twitter_card":"summary_large_image","twitter_misc":{"Dur\u00e9e de lecture estim\u00e9e":"4 minutes"},"schema":{"@context":"https:\/\/schema.org","@graph":[{"@type":"WebPage","@id":"https:\/\/www.thelanguageacademy.nl\/fr\/declaration-de-confidentialite-et-de-cookies\/","url":"https:\/\/www.thelanguageacademy.nl\/fr\/declaration-de-confidentialite-et-de-cookies\/","name":"D\u00e9claration de confidentialit\u00e9 - The Language Academy","isPartOf":{"@id":"https:\/\/www.thelanguageacademy.nl\/fr\/#website"},"datePublished":"2021-07-05T15:01:12+00:00","dateModified":"2022-08-25T11:25:52+00:00","description":"Cette d\u00e9claration de confidentialit\u00e9 et de cookies explique comment nous traitons vos donn\u00e9es personnelles. The Language Academy fait partie d\u2019UvA Talen B.V.","breadcrumb":{"@id":"https:\/\/www.thelanguageacademy.nl\/fr\/declaration-de-confidentialite-et-de-cookies\/#breadcrumb"},"inLanguage":"fr-FR","potentialAction":[{"@type":"ReadAction","target":["https:\/\/www.thelanguageacademy.nl\/fr\/declaration-de-confidentialite-et-de-cookies\/"]}]},{"@type":"BreadcrumbList","@id":"https:\/\/www.thelanguageacademy.nl\/fr\/declaration-de-confidentialite-et-de-cookies\/#breadcrumb","itemListElement":[{"@type":"ListItem","position":1,"name":"Home","item":"https:\/\/www.thelanguageacademy.nl\/fr\/"},{"@type":"ListItem","position":2,"name":"D\u00e9claration de confidentialit\u00e9"}]},{"@type":"WebSite","@id":"https:\/\/www.thelanguageacademy.nl\/fr\/#website","url":"https:\/\/www.thelanguageacademy.nl\/fr\/","name":"The Language Academy","description":"elearning","potentialAction":[{"@type":"SearchAction","target":{"@type":"EntryPoint","urlTemplate":"https:\/\/www.thelanguageacademy.nl\/fr\/?s={search_term_string}"},"query-input":{"@type":"PropertyValueSpecification","valueRequired":true,"valueName":"search_term_string"}}],"inLanguage":"fr-FR"}]}},"_links":{"self":[{"href":"https:\/\/www.thelanguageacademy.nl\/fr\/wp-json\/wp\/v2\/pages\/2825","targetHints":{"allow":["GET"]}}],"collection":[{"href":"https:\/\/www.thelanguageacademy.nl\/fr\/wp-json\/wp\/v2\/pages"}],"about":[{"href":"https:\/\/www.thelanguageacademy.nl\/fr\/wp-json\/wp\/v2\/types\/page"}],"author":[{"embeddable":true,"href":"https:\/\/www.thelanguageacademy.nl\/fr\/wp-json\/wp\/v2\/users\/4"}],"replies":[{"embeddable":true,"href":"https:\/\/www.thelanguageacademy.nl\/fr\/wp-json\/wp\/v2\/comments?post=2825"}],"version-history":[{"count":11,"href":"https:\/\/www.thelanguageacademy.nl\/fr\/wp-json\/wp\/v2\/pages\/2825\/revisions"}],"predecessor-version":[{"id":3791,"href":"https:\/\/www.thelanguageacademy.nl\/fr\/wp-json\/wp\/v2\/pages\/2825\/revisions\/3791"}],"wp:attachment":[{"href":"https:\/\/www.thelanguageacademy.nl\/fr\/wp-json\/wp\/v2\/media?parent=2825"}],"curies":[{"name":"wp","href":"https:\/\/api.w.org\/{rel}","templated":true}]}}