{"id":3975,"date":"2022-10-13T13:51:55","date_gmt":"2022-10-13T11:51:55","guid":{"rendered":"https:\/\/www.thelanguageacademy.nl\/?page_id=3975"},"modified":"2022-10-13T14:44:36","modified_gmt":"2022-10-13T12:44:36","slug":"lecons-de-conversation-en-italien","status":"publish","type":"page","link":"https:\/\/www.thelanguageacademy.nl\/fr\/lecons-de-conversation-en-italien\/","title":{"rendered":"Le\u00e7ons de conversation en italien"},"content":{"rendered":"<p>Combinez les avantages d\u2019un apprentissage autonome aux le\u00e7ons de conversation en italien en ligne donn\u00e9es par des professeurs de langue exp\u00e9riment\u00e9s <a href=\"https:\/\/www.thelanguageacademy.nl\/fr\/propos-de-language-academy\/\">d\u2019UvA\u00a0Talen<\/a>. Avec un professeur, vous mettez directement en pratique les mots et les phrases que vous avez appris pendant votre cours d\u2019italien en ligne.<\/p>\n<p><strong>Cours d\u2019italien en ligne<br \/>\n<\/strong>Vous suivez le cours d\u2019italien en ligne en 11 le\u00e7ons dynamiques\u00a0: \u00e0 votre propre rythme, o\u00f9 et quand vous le souhaitez. Vous apprenez de nouveaux mots et de nouvelles notions de grammaire tout en exer\u00e7ant vos comp\u00e9tences de lecture, votre expression \u00e9crite et votre prononciation. Vous vous exercez \u00e9galement \u00e0 former des phrases.<\/p>\n<p><strong>En combinaison avec des cours de conversation en italien sur mesure<\/strong><br \/>\nLes conversations individuelles sont le moyen id\u00e9al pour pratiquer votre expression orale. Les cours de conversation en italien niveau d\u00e9butants mettent l\u2019accent sur la prononciation des sons et des mots. Vous apprenez \u00e0 prononcer des phrases courtes et \u00e0 r\u00e9pondre \u00e0 des questions simples. Vous pouvez par exemple vous exercer \u00e0 vous pr\u00e9senter, \u00e0 passer des commandes au restaurant et \u00e0 \u00e9voquer votre travail et vos loisirs.<\/p>\n<p>\u00c0 partir du niveau B1, l\u2019accent est mis sur des conversations plus \u00e9toff\u00e9es. Outre des phrases plus complexes, vous apprenez, par exemple, \u00e0 mener une conversation t\u00e9l\u00e9phonique ou un entretien d\u2019embauche. Vous \u00eates libre d\u2019indiquer ce que vous souhaitez exercer plus particuli\u00e8rement pendant les le\u00e7ons de conversation en ligne. Le professeur est \u00e0 votre \u00e9coute et adapte les le\u00e7ons en fonction de vos souhaits.<\/p>\n<p><strong>5 ou 10 le\u00e7ons de conversation d\u2019italien<\/strong><br \/>\nVous pouvez choisir une formule de 5 ou 10 le\u00e7ons particuli\u00e8res d\u2019italien en combinaison avec un cours en ligne de 6 ou 12 mois. Les le\u00e7ons durent une heure et sont donn\u00e9es par le biais d\u2019une plateforme num\u00e9rique (\u00e0 d\u00e9terminer en concertation).<\/p>\n<p><strong>Planification flexible<br \/>\n<\/strong>Nous planifions les le\u00e7ons de conversation en italien en concertation avec vous et le professeur. Les le\u00e7ons peuvent \u00eatre planifi\u00e9es pendant la dur\u00e9e de votre cours d\u2019italien (6 ou 12 mois).<\/p>\n<p><strong>Inscription<\/strong><br \/>\nCliquez ci-contre sur le cours d\u2019italien de votre choix et inscrivez-vous directement ! Vous avez des doutes quant \u00e0 votre niveau ? Sur chaque page de cours se trouve un lien vers une version de d\u00e9monstration du cours en question.<\/p>\n<p><strong>Des questions\u00a0?<br \/>\n<\/strong>Vous avez des questions\u00a0? <a href=\"https:\/\/www.thelanguageacademy.nl\/fr\/contact\/formulaire-de-contact\/\">Contactez-nous<\/a> pour en savoir plus.<\/p>\n","protected":false},"excerpt":{"rendered":"<p>Combinez les avantages d\u2019un apprentissage autonome aux le\u00e7ons de conversation en italien en ligne donn\u00e9es par des professeurs de langue exp\u00e9riment\u00e9s d\u2019UvA\u00a0Talen. Avec un professeur, vous mettez directement en pratique les mots et les phrases que vous avez appris pendant votre cours d\u2019italien en ligne. Cours d\u2019italien en ligne Vous suivez le cours d\u2019italien en [&hellip;]<\/p>\n","protected":false},"author":4,"featured_media":4343,"parent":0,"menu_order":0,"comment_status":"closed","ping_status":"closed","template":"template-online-teacher-it.php","meta":{"_acf_changed":false,"footnotes":""},"class_list":["post-3975","page","type-page","status-publish","has-post-thumbnail","hentry"],"acf":[],"yoast_head":"<!-- This site is optimized with the Yoast SEO plugin v25.4 - https:\/\/yoast.com\/wordpress\/plugins\/seo\/ -->\n<title>Le\u00e7ons de conversation en italien - The Language Academy<\/title>\n<meta name=\"description\" content=\"Combinez votre cours en ligne d&#039;italien avec les cours de conversation d\u2019un professeur. \u00c0 votre rythme et selon vos centres d\u2019int\u00e9r\u00eat.\" \/>\n<meta name=\"robots\" content=\"index, follow, max-snippet:-1, max-image-preview:large, max-video-preview:-1\" \/>\n<link rel=\"canonical\" href=\"https:\/\/www.thelanguageacademy.nl\/fr\/lecons-de-conversation-en-italien\/\" \/>\n<meta property=\"og:locale\" content=\"fr_FR\" \/>\n<meta property=\"og:type\" content=\"article\" \/>\n<meta property=\"og:title\" content=\"Le\u00e7ons de conversation en italien - The Language Academy\" \/>\n<meta property=\"og:description\" content=\"Combinez votre cours en ligne d&#039;italien avec les cours de conversation d\u2019un professeur. \u00c0 votre rythme et selon vos centres d\u2019int\u00e9r\u00eat.\" \/>\n<meta property=\"og:url\" content=\"https:\/\/www.thelanguageacademy.nl\/fr\/lecons-de-conversation-en-italien\/\" \/>\n<meta property=\"og:site_name\" content=\"The Language Academy\" \/>\n<meta property=\"article:modified_time\" content=\"2022-10-13T12:44:36+00:00\" \/>\n<meta property=\"og:image\" content=\"https:\/\/www.thelanguageacademy.nl\/wp-content\/uploads\/2022\/11\/UvA_Talen_CityStories_Scene10_4096x2304-0-00-37-00-IT-3-scaled.jpg\" \/>\n\t<meta property=\"og:image:width\" content=\"2560\" \/>\n\t<meta property=\"og:image:height\" content=\"1017\" \/>\n\t<meta property=\"og:image:type\" content=\"image\/jpeg\" \/>\n<meta name=\"twitter:card\" content=\"summary_large_image\" \/>\n<meta name=\"twitter:label1\" content=\"Dur\u00e9e de lecture estim\u00e9e\" \/>\n\t<meta name=\"twitter:data1\" content=\"2 minutes\" \/>\n<script type=\"application\/ld+json\" class=\"yoast-schema-graph\">{\"@context\":\"https:\/\/schema.org\",\"@graph\":[{\"@type\":\"WebPage\",\"@id\":\"https:\/\/www.thelanguageacademy.nl\/fr\/lecons-de-conversation-en-italien\/\",\"url\":\"https:\/\/www.thelanguageacademy.nl\/fr\/lecons-de-conversation-en-italien\/\",\"name\":\"Le\u00e7ons de conversation en italien - The Language Academy\",\"isPartOf\":{\"@id\":\"https:\/\/www.thelanguageacademy.nl\/fr\/#website\"},\"primaryImageOfPage\":{\"@id\":\"https:\/\/www.thelanguageacademy.nl\/fr\/lecons-de-conversation-en-italien\/#primaryimage\"},\"image\":{\"@id\":\"https:\/\/www.thelanguageacademy.nl\/fr\/lecons-de-conversation-en-italien\/#primaryimage\"},\"thumbnailUrl\":\"https:\/\/www.thelanguageacademy.nl\/wp-content\/uploads\/2022\/11\/UvA_Talen_CityStories_Scene10_4096x2304-0-00-37-00-IT-3-scaled.jpg\",\"datePublished\":\"2022-10-13T11:51:55+00:00\",\"dateModified\":\"2022-10-13T12:44:36+00:00\",\"description\":\"Combinez votre cours en ligne d'italien avec les cours de conversation d\u2019un professeur. \u00c0 votre rythme et selon vos centres d\u2019int\u00e9r\u00eat.\",\"breadcrumb\":{\"@id\":\"https:\/\/www.thelanguageacademy.nl\/fr\/lecons-de-conversation-en-italien\/#breadcrumb\"},\"inLanguage\":\"fr-FR\",\"potentialAction\":[{\"@type\":\"ReadAction\",\"target\":[\"https:\/\/www.thelanguageacademy.nl\/fr\/lecons-de-conversation-en-italien\/\"]}]},{\"@type\":\"ImageObject\",\"inLanguage\":\"fr-FR\",\"@id\":\"https:\/\/www.thelanguageacademy.nl\/fr\/lecons-de-conversation-en-italien\/#primaryimage\",\"url\":\"https:\/\/www.thelanguageacademy.nl\/wp-content\/uploads\/2022\/11\/UvA_Talen_CityStories_Scene10_4096x2304-0-00-37-00-IT-3-scaled.jpg\",\"contentUrl\":\"https:\/\/www.thelanguageacademy.nl\/wp-content\/uploads\/2022\/11\/UvA_Talen_CityStories_Scene10_4096x2304-0-00-37-00-IT-3-scaled.jpg\",\"width\":2560,\"height\":1017,\"caption\":\"Italian conversation classes\"},{\"@type\":\"BreadcrumbList\",\"@id\":\"https:\/\/www.thelanguageacademy.nl\/fr\/lecons-de-conversation-en-italien\/#breadcrumb\",\"itemListElement\":[{\"@type\":\"ListItem\",\"position\":1,\"name\":\"Home\",\"item\":\"https:\/\/www.thelanguageacademy.nl\/fr\/\"},{\"@type\":\"ListItem\",\"position\":2,\"name\":\"Le\u00e7ons de conversation en italien\"}]},{\"@type\":\"WebSite\",\"@id\":\"https:\/\/www.thelanguageacademy.nl\/fr\/#website\",\"url\":\"https:\/\/www.thelanguageacademy.nl\/fr\/\",\"name\":\"The Language Academy\",\"description\":\"elearning\",\"potentialAction\":[{\"@type\":\"SearchAction\",\"target\":{\"@type\":\"EntryPoint\",\"urlTemplate\":\"https:\/\/www.thelanguageacademy.nl\/fr\/?s={search_term_string}\"},\"query-input\":{\"@type\":\"PropertyValueSpecification\",\"valueRequired\":true,\"valueName\":\"search_term_string\"}}],\"inLanguage\":\"fr-FR\"}]}<\/script>\n<!-- \/ Yoast SEO plugin. -->","yoast_head_json":{"title":"Le\u00e7ons de conversation en italien - The Language Academy","description":"Combinez votre cours en ligne d'italien avec les cours de conversation d\u2019un professeur. \u00c0 votre rythme et selon vos centres d\u2019int\u00e9r\u00eat.","robots":{"index":"index","follow":"follow","max-snippet":"max-snippet:-1","max-image-preview":"max-image-preview:large","max-video-preview":"max-video-preview:-1"},"canonical":"https:\/\/www.thelanguageacademy.nl\/fr\/lecons-de-conversation-en-italien\/","og_locale":"fr_FR","og_type":"article","og_title":"Le\u00e7ons de conversation en italien - The Language Academy","og_description":"Combinez votre cours en ligne d'italien avec les cours de conversation d\u2019un professeur. \u00c0 votre rythme et selon vos centres d\u2019int\u00e9r\u00eat.","og_url":"https:\/\/www.thelanguageacademy.nl\/fr\/lecons-de-conversation-en-italien\/","og_site_name":"The Language Academy","article_modified_time":"2022-10-13T12:44:36+00:00","og_image":[{"width":2560,"height":1017,"url":"https:\/\/www.thelanguageacademy.nl\/wp-content\/uploads\/2022\/11\/UvA_Talen_CityStories_Scene10_4096x2304-0-00-37-00-IT-3-scaled.jpg","type":"image\/jpeg"}],"twitter_card":"summary_large_image","twitter_misc":{"Dur\u00e9e de lecture estim\u00e9e":"2 minutes"},"schema":{"@context":"https:\/\/schema.org","@graph":[{"@type":"WebPage","@id":"https:\/\/www.thelanguageacademy.nl\/fr\/lecons-de-conversation-en-italien\/","url":"https:\/\/www.thelanguageacademy.nl\/fr\/lecons-de-conversation-en-italien\/","name":"Le\u00e7ons de conversation en italien - The Language Academy","isPartOf":{"@id":"https:\/\/www.thelanguageacademy.nl\/fr\/#website"},"primaryImageOfPage":{"@id":"https:\/\/www.thelanguageacademy.nl\/fr\/lecons-de-conversation-en-italien\/#primaryimage"},"image":{"@id":"https:\/\/www.thelanguageacademy.nl\/fr\/lecons-de-conversation-en-italien\/#primaryimage"},"thumbnailUrl":"https:\/\/www.thelanguageacademy.nl\/wp-content\/uploads\/2022\/11\/UvA_Talen_CityStories_Scene10_4096x2304-0-00-37-00-IT-3-scaled.jpg","datePublished":"2022-10-13T11:51:55+00:00","dateModified":"2022-10-13T12:44:36+00:00","description":"Combinez votre cours en ligne d'italien avec les cours de conversation d\u2019un professeur. \u00c0 votre rythme et selon vos centres d\u2019int\u00e9r\u00eat.","breadcrumb":{"@id":"https:\/\/www.thelanguageacademy.nl\/fr\/lecons-de-conversation-en-italien\/#breadcrumb"},"inLanguage":"fr-FR","potentialAction":[{"@type":"ReadAction","target":["https:\/\/www.thelanguageacademy.nl\/fr\/lecons-de-conversation-en-italien\/"]}]},{"@type":"ImageObject","inLanguage":"fr-FR","@id":"https:\/\/www.thelanguageacademy.nl\/fr\/lecons-de-conversation-en-italien\/#primaryimage","url":"https:\/\/www.thelanguageacademy.nl\/wp-content\/uploads\/2022\/11\/UvA_Talen_CityStories_Scene10_4096x2304-0-00-37-00-IT-3-scaled.jpg","contentUrl":"https:\/\/www.thelanguageacademy.nl\/wp-content\/uploads\/2022\/11\/UvA_Talen_CityStories_Scene10_4096x2304-0-00-37-00-IT-3-scaled.jpg","width":2560,"height":1017,"caption":"Italian conversation classes"},{"@type":"BreadcrumbList","@id":"https:\/\/www.thelanguageacademy.nl\/fr\/lecons-de-conversation-en-italien\/#breadcrumb","itemListElement":[{"@type":"ListItem","position":1,"name":"Home","item":"https:\/\/www.thelanguageacademy.nl\/fr\/"},{"@type":"ListItem","position":2,"name":"Le\u00e7ons de conversation en italien"}]},{"@type":"WebSite","@id":"https:\/\/www.thelanguageacademy.nl\/fr\/#website","url":"https:\/\/www.thelanguageacademy.nl\/fr\/","name":"The Language Academy","description":"elearning","potentialAction":[{"@type":"SearchAction","target":{"@type":"EntryPoint","urlTemplate":"https:\/\/www.thelanguageacademy.nl\/fr\/?s={search_term_string}"},"query-input":{"@type":"PropertyValueSpecification","valueRequired":true,"valueName":"search_term_string"}}],"inLanguage":"fr-FR"}]}},"_links":{"self":[{"href":"https:\/\/www.thelanguageacademy.nl\/fr\/wp-json\/wp\/v2\/pages\/3975","targetHints":{"allow":["GET"]}}],"collection":[{"href":"https:\/\/www.thelanguageacademy.nl\/fr\/wp-json\/wp\/v2\/pages"}],"about":[{"href":"https:\/\/www.thelanguageacademy.nl\/fr\/wp-json\/wp\/v2\/types\/page"}],"author":[{"embeddable":true,"href":"https:\/\/www.thelanguageacademy.nl\/fr\/wp-json\/wp\/v2\/users\/4"}],"replies":[{"embeddable":true,"href":"https:\/\/www.thelanguageacademy.nl\/fr\/wp-json\/wp\/v2\/comments?post=3975"}],"version-history":[{"count":7,"href":"https:\/\/www.thelanguageacademy.nl\/fr\/wp-json\/wp\/v2\/pages\/3975\/revisions"}],"predecessor-version":[{"id":4145,"href":"https:\/\/www.thelanguageacademy.nl\/fr\/wp-json\/wp\/v2\/pages\/3975\/revisions\/4145"}],"wp:featuredmedia":[{"embeddable":true,"href":"https:\/\/www.thelanguageacademy.nl\/fr\/wp-json\/wp\/v2\/media\/4343"}],"wp:attachment":[{"href":"https:\/\/www.thelanguageacademy.nl\/fr\/wp-json\/wp\/v2\/media?parent=3975"}],"curies":[{"name":"wp","href":"https:\/\/api.w.org\/{rel}","templated":true}]}}