{"id":926,"date":"2018-05-25T09:58:01","date_gmt":"2018-05-25T07:58:01","guid":{"rendered":"https:\/\/www.thelanguageacademy.nl\/?page_id=926"},"modified":"2023-12-20T12:02:01","modified_gmt":"2023-12-20T11:02:01","slug":"cours-de-langue","status":"publish","type":"page","link":"https:\/\/www.thelanguageacademy.nl\/fr\/cours-de-langue\/","title":{"rendered":"Cours de langue"},"content":{"rendered":"<p>&nbsp;<\/p>\r\n<p>Apprendre une langue en ligne ?<br \/>The Language Academy est faite pour vous !<\/p>\r\n<p><em>Personnages reconnaissables<\/em><br \/>Vous partagez la vie de quatre jeunes professionnels habitant \u00e0 Amsterdam. Vous les accompagnez dans les diverses situations de leur vie quotidienne et apprenez les phrases que vous \u00eates appel\u00e9 \u00e0 employer dans la pratique.<\/p>\r\n<p><em>Qualit\u00e9 universitaire<\/em><br \/>The Language Academy a \u00e9t\u00e9 d\u00e9velopp\u00e9 en 2018 par UvA Talen, le centre de langues ind\u00e9pendant de l\u2019Universit\u00e9 d\u2019Amsterdam. The Language Academy offre des cours de langue en ligne de qualit\u00e9 universitaire, avec une courbe d\u2019apprentissage rapide et des le\u00e7ons orient\u00e9es sur le r\u00e9sultat.<\/p>\r\n<p><em>Facil &amp; Ludique<\/em><br \/>Les cours de The Language Academy sont d\u2019un haut niveau et vous font d\u00e9couvrir une langue de fa\u00e7on dynamique. Les connaissances fra\u00eechement acquises sont mises en pratique avec des exercices vari\u00e9s et vous entrainez vos performances \u00e0 l\u2019oral avec des fragments vid\u00e9o et audio.<\/p>\r\n<p>&nbsp;<\/p>\r\n<p><strong><em>Nous proposons actuellement des cours de n\u00e9erlandais, d\u2019anglais, d\u2019espagnol, d&rsquo;allemand, d&rsquo;italien et de fran<\/em>\u00e7<em>ais.\u00a0 L\u2019offre est en plein d\u00e9veloppement. Vous voulez rester au courant de l\u2019offre actuelle ? Consultez r\u00e9guli\u00e8rement notre site Web ou suivez-nous sur <a href=\"https:\/\/www.instagram.com\/uvatalen\/\">Instagram<\/a> ou <a href=\"https:\/\/www.facebook.com\/UvATalen\/?locale=nl_NL\" target=\"_blank\" rel=\"noopener noreferrer\">Facebook\u00a0 <\/a><\/em><\/strong><\/p>\r\n\r\n<p>&nbsp;<\/p>\r\n\r\n\r\n\r\n<p>&nbsp;<\/p>\r\n","protected":false},"excerpt":{"rendered":"<p>&nbsp; Apprendre une langue en ligne ?The Language Academy est faite pour vous ! Personnages reconnaissablesVous partagez la vie de quatre jeunes professionnels habitant \u00e0 Amsterdam. Vous les accompagnez dans les diverses situations de leur vie quotidienne et apprenez les phrases que vous \u00eates appel\u00e9 \u00e0 employer dans la pratique. Qualit\u00e9 universitaireThe Language Academy a [&hellip;]<\/p>\n","protected":false},"author":4,"featured_media":928,"parent":0,"menu_order":0,"comment_status":"closed","ping_status":"closed","template":"template-taaltrainingen.php","meta":{"_acf_changed":false,"footnotes":""},"class_list":["post-926","page","type-page","status-publish","has-post-thumbnail","hentry"],"acf":[],"yoast_head":"<!-- This site is optimized with the Yoast SEO plugin v25.4 - https:\/\/yoast.com\/wordpress\/plugins\/seo\/ -->\n<title>Cours de langue en ligne - The Language Academy<\/title>\n<meta name=\"description\" content=\"Apprendre une langue en ligne ? The Language Academy est faite pour vous ! Les cours de langue sont de haut niveau. Commencez aujourd&#039;hui !\" \/>\n<meta name=\"robots\" content=\"index, follow, max-snippet:-1, max-image-preview:large, max-video-preview:-1\" \/>\n<link rel=\"canonical\" href=\"https:\/\/www.thelanguageacademy.nl\/fr\/cours-de-langue\/\" \/>\n<meta property=\"og:locale\" content=\"fr_FR\" \/>\n<meta property=\"og:type\" content=\"article\" \/>\n<meta property=\"og:title\" content=\"Cours de langue en ligne - The Language Academy\" \/>\n<meta property=\"og:description\" content=\"Apprendre une langue en ligne ? The Language Academy est faite pour vous ! Les cours de langue sont de haut niveau. Commencez aujourd&#039;hui !\" \/>\n<meta property=\"og:url\" content=\"https:\/\/www.thelanguageacademy.nl\/fr\/cours-de-langue\/\" \/>\n<meta property=\"og:site_name\" content=\"The Language Academy\" \/>\n<meta property=\"article:modified_time\" content=\"2023-12-20T11:02:01+00:00\" \/>\n<meta property=\"og:image\" content=\"https:\/\/www.thelanguageacademy.nl\/wp-content\/uploads\/2021\/11\/Anna-laptop-ON-2021-Fb-juiste-format.jpg\" \/>\n\t<meta property=\"og:image:width\" content=\"1200\" \/>\n\t<meta property=\"og:image:height\" content=\"675\" \/>\n\t<meta property=\"og:image:type\" content=\"image\/jpeg\" \/>\n<meta name=\"twitter:card\" content=\"summary_large_image\" \/>\n<meta name=\"twitter:label1\" content=\"Dur\u00e9e de lecture estim\u00e9e\" \/>\n\t<meta name=\"twitter:data1\" content=\"1 minute\" \/>\n<script type=\"application\/ld+json\" class=\"yoast-schema-graph\">{\"@context\":\"https:\/\/schema.org\",\"@graph\":[{\"@type\":\"WebPage\",\"@id\":\"https:\/\/www.thelanguageacademy.nl\/fr\/cours-de-langue\/\",\"url\":\"https:\/\/www.thelanguageacademy.nl\/fr\/cours-de-langue\/\",\"name\":\"Cours de langue en ligne - The Language Academy\",\"isPartOf\":{\"@id\":\"https:\/\/www.thelanguageacademy.nl\/fr\/#website\"},\"primaryImageOfPage\":{\"@id\":\"https:\/\/www.thelanguageacademy.nl\/fr\/cours-de-langue\/#primaryimage\"},\"image\":{\"@id\":\"https:\/\/www.thelanguageacademy.nl\/fr\/cours-de-langue\/#primaryimage\"},\"thumbnailUrl\":\"https:\/\/www.thelanguageacademy.nl\/wp-content\/uploads\/2017\/11\/lena_maria_aan_tafel.jpg\",\"datePublished\":\"2018-05-25T07:58:01+00:00\",\"dateModified\":\"2023-12-20T11:02:01+00:00\",\"description\":\"Apprendre une langue en ligne ? The Language Academy est faite pour vous ! Les cours de langue sont de haut niveau. Commencez aujourd'hui !\",\"breadcrumb\":{\"@id\":\"https:\/\/www.thelanguageacademy.nl\/fr\/cours-de-langue\/#breadcrumb\"},\"inLanguage\":\"fr-FR\",\"potentialAction\":[{\"@type\":\"ReadAction\",\"target\":[\"https:\/\/www.thelanguageacademy.nl\/fr\/cours-de-langue\/\"]}]},{\"@type\":\"ImageObject\",\"inLanguage\":\"fr-FR\",\"@id\":\"https:\/\/www.thelanguageacademy.nl\/fr\/cours-de-langue\/#primaryimage\",\"url\":\"https:\/\/www.thelanguageacademy.nl\/wp-content\/uploads\/2017\/11\/lena_maria_aan_tafel.jpg\",\"contentUrl\":\"https:\/\/www.thelanguageacademy.nl\/wp-content\/uploads\/2017\/11\/lena_maria_aan_tafel.jpg\",\"width\":4800,\"height\":2700},{\"@type\":\"BreadcrumbList\",\"@id\":\"https:\/\/www.thelanguageacademy.nl\/fr\/cours-de-langue\/#breadcrumb\",\"itemListElement\":[{\"@type\":\"ListItem\",\"position\":1,\"name\":\"Home\",\"item\":\"https:\/\/www.thelanguageacademy.nl\/fr\/\"},{\"@type\":\"ListItem\",\"position\":2,\"name\":\"Cours de langue\"}]},{\"@type\":\"WebSite\",\"@id\":\"https:\/\/www.thelanguageacademy.nl\/fr\/#website\",\"url\":\"https:\/\/www.thelanguageacademy.nl\/fr\/\",\"name\":\"The Language Academy\",\"description\":\"elearning\",\"potentialAction\":[{\"@type\":\"SearchAction\",\"target\":{\"@type\":\"EntryPoint\",\"urlTemplate\":\"https:\/\/www.thelanguageacademy.nl\/fr\/?s={search_term_string}\"},\"query-input\":{\"@type\":\"PropertyValueSpecification\",\"valueRequired\":true,\"valueName\":\"search_term_string\"}}],\"inLanguage\":\"fr-FR\"}]}<\/script>\n<!-- \/ Yoast SEO plugin. -->","yoast_head_json":{"title":"Cours de langue en ligne - The Language Academy","description":"Apprendre une langue en ligne ? The Language Academy est faite pour vous ! Les cours de langue sont de haut niveau. Commencez aujourd'hui !","robots":{"index":"index","follow":"follow","max-snippet":"max-snippet:-1","max-image-preview":"max-image-preview:large","max-video-preview":"max-video-preview:-1"},"canonical":"https:\/\/www.thelanguageacademy.nl\/fr\/cours-de-langue\/","og_locale":"fr_FR","og_type":"article","og_title":"Cours de langue en ligne - The Language Academy","og_description":"Apprendre une langue en ligne ? The Language Academy est faite pour vous ! Les cours de langue sont de haut niveau. Commencez aujourd'hui !","og_url":"https:\/\/www.thelanguageacademy.nl\/fr\/cours-de-langue\/","og_site_name":"The Language Academy","article_modified_time":"2023-12-20T11:02:01+00:00","og_image":[{"width":1200,"height":675,"url":"https:\/\/www.thelanguageacademy.nl\/wp-content\/uploads\/2021\/11\/Anna-laptop-ON-2021-Fb-juiste-format.jpg","type":"image\/jpeg"}],"twitter_card":"summary_large_image","twitter_misc":{"Dur\u00e9e de lecture estim\u00e9e":"1 minute"},"schema":{"@context":"https:\/\/schema.org","@graph":[{"@type":"WebPage","@id":"https:\/\/www.thelanguageacademy.nl\/fr\/cours-de-langue\/","url":"https:\/\/www.thelanguageacademy.nl\/fr\/cours-de-langue\/","name":"Cours de langue en ligne - The Language Academy","isPartOf":{"@id":"https:\/\/www.thelanguageacademy.nl\/fr\/#website"},"primaryImageOfPage":{"@id":"https:\/\/www.thelanguageacademy.nl\/fr\/cours-de-langue\/#primaryimage"},"image":{"@id":"https:\/\/www.thelanguageacademy.nl\/fr\/cours-de-langue\/#primaryimage"},"thumbnailUrl":"https:\/\/www.thelanguageacademy.nl\/wp-content\/uploads\/2017\/11\/lena_maria_aan_tafel.jpg","datePublished":"2018-05-25T07:58:01+00:00","dateModified":"2023-12-20T11:02:01+00:00","description":"Apprendre une langue en ligne ? The Language Academy est faite pour vous ! Les cours de langue sont de haut niveau. Commencez aujourd'hui !","breadcrumb":{"@id":"https:\/\/www.thelanguageacademy.nl\/fr\/cours-de-langue\/#breadcrumb"},"inLanguage":"fr-FR","potentialAction":[{"@type":"ReadAction","target":["https:\/\/www.thelanguageacademy.nl\/fr\/cours-de-langue\/"]}]},{"@type":"ImageObject","inLanguage":"fr-FR","@id":"https:\/\/www.thelanguageacademy.nl\/fr\/cours-de-langue\/#primaryimage","url":"https:\/\/www.thelanguageacademy.nl\/wp-content\/uploads\/2017\/11\/lena_maria_aan_tafel.jpg","contentUrl":"https:\/\/www.thelanguageacademy.nl\/wp-content\/uploads\/2017\/11\/lena_maria_aan_tafel.jpg","width":4800,"height":2700},{"@type":"BreadcrumbList","@id":"https:\/\/www.thelanguageacademy.nl\/fr\/cours-de-langue\/#breadcrumb","itemListElement":[{"@type":"ListItem","position":1,"name":"Home","item":"https:\/\/www.thelanguageacademy.nl\/fr\/"},{"@type":"ListItem","position":2,"name":"Cours de langue"}]},{"@type":"WebSite","@id":"https:\/\/www.thelanguageacademy.nl\/fr\/#website","url":"https:\/\/www.thelanguageacademy.nl\/fr\/","name":"The Language Academy","description":"elearning","potentialAction":[{"@type":"SearchAction","target":{"@type":"EntryPoint","urlTemplate":"https:\/\/www.thelanguageacademy.nl\/fr\/?s={search_term_string}"},"query-input":{"@type":"PropertyValueSpecification","valueRequired":true,"valueName":"search_term_string"}}],"inLanguage":"fr-FR"}]}},"_links":{"self":[{"href":"https:\/\/www.thelanguageacademy.nl\/fr\/wp-json\/wp\/v2\/pages\/926","targetHints":{"allow":["GET"]}}],"collection":[{"href":"https:\/\/www.thelanguageacademy.nl\/fr\/wp-json\/wp\/v2\/pages"}],"about":[{"href":"https:\/\/www.thelanguageacademy.nl\/fr\/wp-json\/wp\/v2\/types\/page"}],"author":[{"embeddable":true,"href":"https:\/\/www.thelanguageacademy.nl\/fr\/wp-json\/wp\/v2\/users\/4"}],"replies":[{"embeddable":true,"href":"https:\/\/www.thelanguageacademy.nl\/fr\/wp-json\/wp\/v2\/comments?post=926"}],"version-history":[{"count":17,"href":"https:\/\/www.thelanguageacademy.nl\/fr\/wp-json\/wp\/v2\/pages\/926\/revisions"}],"predecessor-version":[{"id":4900,"href":"https:\/\/www.thelanguageacademy.nl\/fr\/wp-json\/wp\/v2\/pages\/926\/revisions\/4900"}],"wp:featuredmedia":[{"embeddable":true,"href":"https:\/\/www.thelanguageacademy.nl\/fr\/wp-json\/wp\/v2\/media\/928"}],"wp:attachment":[{"href":"https:\/\/www.thelanguageacademy.nl\/fr\/wp-json\/wp\/v2\/media?parent=926"}],"curies":[{"name":"wp","href":"https:\/\/api.w.org\/{rel}","templated":true}]}}