{"id":929,"date":"2018-05-25T09:59:02","date_gmt":"2018-05-25T07:59:02","guid":{"rendered":"https:\/\/www.thelanguageacademy.nl\/?page_id=929"},"modified":"2024-02-12T12:53:53","modified_gmt":"2024-02-12T11:53:53","slug":"propos-de-language-academy","status":"publish","type":"page","link":"https:\/\/www.thelanguageacademy.nl\/fr\/propos-de-language-academy\/","title":{"rendered":"\u00c0 propos de The Language Academy"},"content":{"rendered":"<p>The Language Academy offre des cours de langue en ligne de qualit\u00e9 universitaire, avec une courbe d\u2019apprentissage rapide et des le\u00e7ons orient\u00e9es sur le r\u00e9sultat. The Language Academy a \u00e9t\u00e9 d\u00e9velopp\u00e9 par <a href=\"https:\/\/www.uvatalen.nl\/\">UvA Talen<\/a>, le centre de langues ind\u00e9pendant de l\u2019Universit\u00e9 d\u2019Amsterdam.<\/p>\n<p><strong>\u00c0 propos d\u2019UvA Talen<\/strong><br \/>\nUvA Talen offre un programme \u00e9tendu de formations en groupe, de formations sur mesure et de formations personnalis\u00e9es pour les particuliers et les entreprises.<\/p>\n","protected":false},"excerpt":{"rendered":"<p>The Language Academy offre des cours de langue en ligne de qualit\u00e9 universitaire, avec une courbe d\u2019apprentissage rapide et des le\u00e7ons orient\u00e9es sur le r\u00e9sultat. The Language Academy a \u00e9t\u00e9 d\u00e9velopp\u00e9 par UvA Talen, le centre de langues ind\u00e9pendant de l\u2019Universit\u00e9 d\u2019Amsterdam. \u00c0 propos d\u2019UvA Talen UvA Talen offre un programme \u00e9tendu de formations en [&hellip;]<\/p>\n","protected":false},"author":4,"featured_media":931,"parent":0,"menu_order":0,"comment_status":"closed","ping_status":"closed","template":"template-regularpage.php","meta":{"_acf_changed":false,"footnotes":""},"class_list":["post-929","page","type-page","status-publish","has-post-thumbnail","hentry"],"acf":[],"yoast_head":"<!-- This site is optimized with the Yoast SEO plugin v25.4 - https:\/\/yoast.com\/wordpress\/plugins\/seo\/ -->\n<title>Cours de langues en ligne - The Language Academ<\/title>\n<meta name=\"description\" content=\"The Language Academy a \u00e9t\u00e9 d\u00e9velopp\u00e9 par UvA Talen, le centre de langues ind\u00e9pendant de l\u2019Universit\u00e9 d\u2019Amsterdam. Commencez aujourd&#039;hui !\" \/>\n<meta name=\"robots\" content=\"index, follow, max-snippet:-1, max-image-preview:large, max-video-preview:-1\" \/>\n<link rel=\"canonical\" href=\"https:\/\/www.thelanguageacademy.nl\/fr\/propos-de-language-academy\/\" \/>\n<meta property=\"og:locale\" content=\"fr_FR\" \/>\n<meta property=\"og:type\" content=\"article\" \/>\n<meta property=\"og:title\" content=\"Cours de langues en ligne - The Language Academ\" \/>\n<meta property=\"og:description\" content=\"The Language Academy a \u00e9t\u00e9 d\u00e9velopp\u00e9 par UvA Talen, le centre de langues ind\u00e9pendant de l\u2019Universit\u00e9 d\u2019Amsterdam. Commencez aujourd&#039;hui !\" \/>\n<meta property=\"og:url\" content=\"https:\/\/www.thelanguageacademy.nl\/fr\/propos-de-language-academy\/\" \/>\n<meta property=\"og:site_name\" content=\"The Language Academy\" \/>\n<meta property=\"article:modified_time\" content=\"2024-02-12T11:53:53+00:00\" \/>\n<meta property=\"og:image\" content=\"https:\/\/www.thelanguageacademy.nl\/wp-content\/uploads\/2017\/11\/salonboot.jpg\" \/>\n\t<meta property=\"og:image:width\" content=\"4800\" \/>\n\t<meta property=\"og:image:height\" content=\"2700\" \/>\n\t<meta property=\"og:image:type\" content=\"image\/jpeg\" \/>\n<meta name=\"twitter:card\" content=\"summary_large_image\" \/>\n<meta name=\"twitter:label1\" content=\"Dur\u00e9e de lecture estim\u00e9e\" \/>\n\t<meta name=\"twitter:data1\" content=\"1 minute\" \/>\n<script type=\"application\/ld+json\" class=\"yoast-schema-graph\">{\"@context\":\"https:\/\/schema.org\",\"@graph\":[{\"@type\":\"WebPage\",\"@id\":\"https:\/\/www.thelanguageacademy.nl\/fr\/propos-de-language-academy\/\",\"url\":\"https:\/\/www.thelanguageacademy.nl\/fr\/propos-de-language-academy\/\",\"name\":\"Cours de langues en ligne - The Language Academ\",\"isPartOf\":{\"@id\":\"https:\/\/www.thelanguageacademy.nl\/fr\/#website\"},\"primaryImageOfPage\":{\"@id\":\"https:\/\/www.thelanguageacademy.nl\/fr\/propos-de-language-academy\/#primaryimage\"},\"image\":{\"@id\":\"https:\/\/www.thelanguageacademy.nl\/fr\/propos-de-language-academy\/#primaryimage\"},\"thumbnailUrl\":\"https:\/\/www.thelanguageacademy.nl\/wp-content\/uploads\/2017\/11\/salonboot.jpg\",\"datePublished\":\"2018-05-25T07:59:02+00:00\",\"dateModified\":\"2024-02-12T11:53:53+00:00\",\"description\":\"The Language Academy a \u00e9t\u00e9 d\u00e9velopp\u00e9 par UvA Talen, le centre de langues ind\u00e9pendant de l\u2019Universit\u00e9 d\u2019Amsterdam. Commencez aujourd'hui !\",\"breadcrumb\":{\"@id\":\"https:\/\/www.thelanguageacademy.nl\/fr\/propos-de-language-academy\/#breadcrumb\"},\"inLanguage\":\"fr-FR\",\"potentialAction\":[{\"@type\":\"ReadAction\",\"target\":[\"https:\/\/www.thelanguageacademy.nl\/fr\/propos-de-language-academy\/\"]}]},{\"@type\":\"ImageObject\",\"inLanguage\":\"fr-FR\",\"@id\":\"https:\/\/www.thelanguageacademy.nl\/fr\/propos-de-language-academy\/#primaryimage\",\"url\":\"https:\/\/www.thelanguageacademy.nl\/wp-content\/uploads\/2017\/11\/salonboot.jpg\",\"contentUrl\":\"https:\/\/www.thelanguageacademy.nl\/wp-content\/uploads\/2017\/11\/salonboot.jpg\",\"width\":4800,\"height\":2700},{\"@type\":\"BreadcrumbList\",\"@id\":\"https:\/\/www.thelanguageacademy.nl\/fr\/propos-de-language-academy\/#breadcrumb\",\"itemListElement\":[{\"@type\":\"ListItem\",\"position\":1,\"name\":\"Home\",\"item\":\"https:\/\/www.thelanguageacademy.nl\/fr\/\"},{\"@type\":\"ListItem\",\"position\":2,\"name\":\"\u00c0 propos de The Language Academy\"}]},{\"@type\":\"WebSite\",\"@id\":\"https:\/\/www.thelanguageacademy.nl\/fr\/#website\",\"url\":\"https:\/\/www.thelanguageacademy.nl\/fr\/\",\"name\":\"The Language Academy\",\"description\":\"elearning\",\"potentialAction\":[{\"@type\":\"SearchAction\",\"target\":{\"@type\":\"EntryPoint\",\"urlTemplate\":\"https:\/\/www.thelanguageacademy.nl\/fr\/?s={search_term_string}\"},\"query-input\":{\"@type\":\"PropertyValueSpecification\",\"valueRequired\":true,\"valueName\":\"search_term_string\"}}],\"inLanguage\":\"fr-FR\"}]}<\/script>\n<!-- \/ Yoast SEO plugin. -->","yoast_head_json":{"title":"Cours de langues en ligne - The Language Academ","description":"The Language Academy a \u00e9t\u00e9 d\u00e9velopp\u00e9 par UvA Talen, le centre de langues ind\u00e9pendant de l\u2019Universit\u00e9 d\u2019Amsterdam. Commencez aujourd'hui !","robots":{"index":"index","follow":"follow","max-snippet":"max-snippet:-1","max-image-preview":"max-image-preview:large","max-video-preview":"max-video-preview:-1"},"canonical":"https:\/\/www.thelanguageacademy.nl\/fr\/propos-de-language-academy\/","og_locale":"fr_FR","og_type":"article","og_title":"Cours de langues en ligne - The Language Academ","og_description":"The Language Academy a \u00e9t\u00e9 d\u00e9velopp\u00e9 par UvA Talen, le centre de langues ind\u00e9pendant de l\u2019Universit\u00e9 d\u2019Amsterdam. Commencez aujourd'hui !","og_url":"https:\/\/www.thelanguageacademy.nl\/fr\/propos-de-language-academy\/","og_site_name":"The Language Academy","article_modified_time":"2024-02-12T11:53:53+00:00","og_image":[{"width":4800,"height":2700,"url":"https:\/\/www.thelanguageacademy.nl\/wp-content\/uploads\/2017\/11\/salonboot.jpg","type":"image\/jpeg"}],"twitter_card":"summary_large_image","twitter_misc":{"Dur\u00e9e de lecture estim\u00e9e":"1 minute"},"schema":{"@context":"https:\/\/schema.org","@graph":[{"@type":"WebPage","@id":"https:\/\/www.thelanguageacademy.nl\/fr\/propos-de-language-academy\/","url":"https:\/\/www.thelanguageacademy.nl\/fr\/propos-de-language-academy\/","name":"Cours de langues en ligne - The Language Academ","isPartOf":{"@id":"https:\/\/www.thelanguageacademy.nl\/fr\/#website"},"primaryImageOfPage":{"@id":"https:\/\/www.thelanguageacademy.nl\/fr\/propos-de-language-academy\/#primaryimage"},"image":{"@id":"https:\/\/www.thelanguageacademy.nl\/fr\/propos-de-language-academy\/#primaryimage"},"thumbnailUrl":"https:\/\/www.thelanguageacademy.nl\/wp-content\/uploads\/2017\/11\/salonboot.jpg","datePublished":"2018-05-25T07:59:02+00:00","dateModified":"2024-02-12T11:53:53+00:00","description":"The Language Academy a \u00e9t\u00e9 d\u00e9velopp\u00e9 par UvA Talen, le centre de langues ind\u00e9pendant de l\u2019Universit\u00e9 d\u2019Amsterdam. Commencez aujourd'hui !","breadcrumb":{"@id":"https:\/\/www.thelanguageacademy.nl\/fr\/propos-de-language-academy\/#breadcrumb"},"inLanguage":"fr-FR","potentialAction":[{"@type":"ReadAction","target":["https:\/\/www.thelanguageacademy.nl\/fr\/propos-de-language-academy\/"]}]},{"@type":"ImageObject","inLanguage":"fr-FR","@id":"https:\/\/www.thelanguageacademy.nl\/fr\/propos-de-language-academy\/#primaryimage","url":"https:\/\/www.thelanguageacademy.nl\/wp-content\/uploads\/2017\/11\/salonboot.jpg","contentUrl":"https:\/\/www.thelanguageacademy.nl\/wp-content\/uploads\/2017\/11\/salonboot.jpg","width":4800,"height":2700},{"@type":"BreadcrumbList","@id":"https:\/\/www.thelanguageacademy.nl\/fr\/propos-de-language-academy\/#breadcrumb","itemListElement":[{"@type":"ListItem","position":1,"name":"Home","item":"https:\/\/www.thelanguageacademy.nl\/fr\/"},{"@type":"ListItem","position":2,"name":"\u00c0 propos de The Language Academy"}]},{"@type":"WebSite","@id":"https:\/\/www.thelanguageacademy.nl\/fr\/#website","url":"https:\/\/www.thelanguageacademy.nl\/fr\/","name":"The Language Academy","description":"elearning","potentialAction":[{"@type":"SearchAction","target":{"@type":"EntryPoint","urlTemplate":"https:\/\/www.thelanguageacademy.nl\/fr\/?s={search_term_string}"},"query-input":{"@type":"PropertyValueSpecification","valueRequired":true,"valueName":"search_term_string"}}],"inLanguage":"fr-FR"}]}},"_links":{"self":[{"href":"https:\/\/www.thelanguageacademy.nl\/fr\/wp-json\/wp\/v2\/pages\/929","targetHints":{"allow":["GET"]}}],"collection":[{"href":"https:\/\/www.thelanguageacademy.nl\/fr\/wp-json\/wp\/v2\/pages"}],"about":[{"href":"https:\/\/www.thelanguageacademy.nl\/fr\/wp-json\/wp\/v2\/types\/page"}],"author":[{"embeddable":true,"href":"https:\/\/www.thelanguageacademy.nl\/fr\/wp-json\/wp\/v2\/users\/4"}],"replies":[{"embeddable":true,"href":"https:\/\/www.thelanguageacademy.nl\/fr\/wp-json\/wp\/v2\/comments?post=929"}],"version-history":[{"count":10,"href":"https:\/\/www.thelanguageacademy.nl\/fr\/wp-json\/wp\/v2\/pages\/929\/revisions"}],"predecessor-version":[{"id":4916,"href":"https:\/\/www.thelanguageacademy.nl\/fr\/wp-json\/wp\/v2\/pages\/929\/revisions\/4916"}],"wp:featuredmedia":[{"embeddable":true,"href":"https:\/\/www.thelanguageacademy.nl\/fr\/wp-json\/wp\/v2\/media\/931"}],"wp:attachment":[{"href":"https:\/\/www.thelanguageacademy.nl\/fr\/wp-json\/wp\/v2\/media?parent=929"}],"curies":[{"name":"wp","href":"https:\/\/api.w.org\/{rel}","templated":true}]}}