{"id":941,"date":"2018-05-25T10:04:45","date_gmt":"2018-05-25T08:04:45","guid":{"rendered":"https:\/\/www.thelanguageacademy.nl\/?page_id=941"},"modified":"2021-06-16T14:34:13","modified_gmt":"2021-06-16T12:34:13","slug":"niveaux-de-langue","status":"publish","type":"page","link":"https:\/\/www.thelanguageacademy.nl\/fr\/niveaux-de-langue\/","title":{"rendered":"Niveaux de langue"},"content":{"rendered":"<p><strong>Niveaux Cadre europ\u00e9en commun de r\u00e9f\u00e9rence pour les langues<\/strong><\/p>\n<p>The Language Academy utilise une norme internationale d\u2019\u00e9valuation de la maitrise d\u2019une langue, le Cadre europ\u00e9en commun de r\u00e9f\u00e9rence pour les langues. Gr\u00e2ce \u00e0 cette norme internationale, vous savez toujours \u00e0 quel niveau vous suivez un cours. Ce niveau de maitrise est mentionn\u00e9 sur le certificat.<\/p>\n<p>Des doutes sur le niveau qui vous convient le mieux ? <a href=\"https:\/\/www.thelanguageacademy.nl\/fr\/essai-gratuit\/\">Essayez gratuitement les versions de d\u00e9monstration de nos cours<\/a>.<\/p>\n<p>Vous trouverez ci-dessous un aper\u00e7u des niveaux et des aptitudes correspondantes.<\/p>\n<p>&nbsp;<\/p>\n<p><strong>Niveau de r\u00e9f\u00e9rence A \u2013 Utilisateur \u00e9l\u00e9mentaire<\/strong><\/p>\n<p>A1<br \/>\nPeut comprendre et utiliser des expressions famili\u00e8res et quotidiennes ainsi que des \u00e9nonc\u00e9s tr\u00e8s simples qui visent \u00e0 satisfaire des besoins concrets. Peut se pr\u00e9senter ou pr\u00e9senter quelqu\u2019un et poser \u00e0 une personne des questions la concernant \u2013 par exemple, sur son lieu d\u2019habitation, ses relations, ce qui lui appartient, etc. \u2013 et peut r\u00e9pondre au m\u00eame type de questions. Peut communiquer de fa\u00e7on simple si l\u2019interlocuteur parle lentement et distinctement et se montre coop\u00e9ratif.<\/p>\n<p>A2<br \/>\nPeut comprendre des phrases isol\u00e9es et des expressions fr\u00e9quemment utilis\u00e9es en relation avec des domaines imm\u00e9diats de priorit\u00e9 (par exemple, informations personnelles et familiales simples, achats, environnement proche, travail). Peut communiquer lors de t\u00e2ches simples et habituelles ne demandant qu\u2019un \u00e9change d\u2019informations simple et direct sur des sujets familiers et habituels concernant son exp\u00e9rience et son environnement et divers besoins.<\/p>\n<p>&nbsp;<\/p>\n<p><strong>Niveau de r\u00e9f\u00e9rence B \u2013 Utilisateur ind\u00e9pendant<\/strong><\/p>\n<p>B1<br \/>\nPeut comprendre les points essentiels quand un langage clair et standard est utilis\u00e9 et s\u2019il s\u2019agit de choses famili\u00e8res dans le travail, \u00e0 l\u2019\u00e9cole et dans les loisirs. Peut se d\u00e9brouiller dans la plupart des situations rencontr\u00e9es en voyage dans une r\u00e9gion o\u00f9 la langue cible est parl\u00e9e. Peut produire un discours simple et coh\u00e9rent sur des sujets familiers et dans ses domaines d\u2019int\u00e9r\u00eat. Peut relater un \u00e9v\u00e8nement, une exp\u00e9rience ou un r\u00eave, d\u00e9crire un espoir ou un but et exposer bri\u00e8vement des raisons ou explications pour un projet ou une id\u00e9e.<\/p>\n<p><em>UvA Talen divise ce niveau en deux sous-niveaux : B1.1 (niveau B1 partiel) et B1.2 (niveau B1 complet).<\/em><\/p>\n<p>B2<br \/>\nPeut comprendre le contenu essentiel de sujets concrets ou abstraits dans un texte complexe, y compris une discussion technique dans sa sp\u00e9cialit\u00e9. Peut communiquer avec un degr\u00e9 de spontan\u00e9it\u00e9 et d\u2019aisance tel qu\u2019une conversation avec un locuteur natif ne comporte de tension ni pour l\u2019un ni pour l\u2019autre. Peut r\u00e9diger des textes clairs et d\u00e9taill\u00e9s sur une grande gamme de sujets, \u00e9mettre un avis sur un sujet d\u2019actualit\u00e9 et exposer les avantages et les inconv\u00e9nients de diff\u00e9rentes possibilit\u00e9s.<\/p>\n<p><em>UvA Talen divise ce niveau en deux sous-niveaux : B2.1 (niveau B2 partiel) et B2.2 (niveau B2 complet).<\/em><\/p>\n<p>&nbsp;<\/p>\n<p><strong>Niveau de r\u00e9f\u00e9rence C \u2013 Utilisateur exp\u00e9riment\u00e9<\/strong><\/p>\n<p>C1<br \/>\nPeut comprendre une grande gamme de textes longs et exigeants, ainsi que saisir des significations implicites. Peut s\u2019exprimer spontan\u00e9ment et couramment sans trop apparemment devoir chercher ses mots. Peut utiliser la langue de fa\u00e7on efficace et souple dans sa vie sociale, professionnelle ou acad\u00e9mique. Peut r\u00e9diger des textes clairs et bien structur\u00e9s sur des sujets complexes et utiliser des outils d\u2019organisation, d\u2019articulation et de coh\u00e9sion du discours.<\/p>\n<p>C2<br \/>\nPeut comprendre sans effort pratiquement tout ce qu\u2019il\/elle lit ou entend. Peut restituer faits et arguments de diverses sources \u00e9crites et orales en les r\u00e9sumant de fa\u00e7on coh\u00e9rente. Peut s\u2019exprimer spontan\u00e9ment, tr\u00e8s couramment et de fa\u00e7on pr\u00e9cise et peut rendre distinctes de fines nuances de sens en rapport avec des sujets complexes. Ce niveau de maitrise correspond \u00e0 celui d\u2019un locuteur presque natif hautement qualifi\u00e9. (Ce niveau n\u2019est pas approfondi dans le Cadre europ\u00e9en commun de r\u00e9f\u00e9rence.)<\/p>\n<p><a href=\"https:\/\/www.thelanguageacademy.nl\/fr\/course-de-langue\/\">En savoir plus sur les cours de The Language Academy<\/a>.<\/p>\n","protected":false},"excerpt":{"rendered":"<p>Niveaux Cadre europ\u00e9en commun de r\u00e9f\u00e9rence pour les langues The Language Academy utilise une norme internationale d\u2019\u00e9valuation de la maitrise d\u2019une langue, le Cadre europ\u00e9en commun de r\u00e9f\u00e9rence pour les langues. Gr\u00e2ce \u00e0 cette norme internationale, vous savez toujours \u00e0 quel niveau vous suivez un cours. Ce niveau de maitrise est mentionn\u00e9 sur le certificat. [&hellip;]<\/p>\n","protected":false},"author":4,"featured_media":0,"parent":0,"menu_order":0,"comment_status":"closed","ping_status":"closed","template":"template-regularpage.php","meta":{"_acf_changed":false,"footnotes":""},"class_list":["post-941","page","type-page","status-publish","hentry"],"acf":[],"yoast_head":"<!-- This site is optimized with the Yoast SEO plugin v25.4 - https:\/\/yoast.com\/wordpress\/plugins\/seo\/ -->\n<title>Niveaux de langue - The Language Academy<\/title>\n<meta name=\"description\" content=\"The Language Academy utilise une norme internationale d\u2019\u00e9valuation de la maitrise d\u2019une langue, le Cadre europ\u00e9en commun de r\u00e9f\u00e9rence pour les langues.\" \/>\n<meta name=\"robots\" content=\"index, follow, max-snippet:-1, max-image-preview:large, max-video-preview:-1\" \/>\n<link rel=\"canonical\" href=\"https:\/\/www.thelanguageacademy.nl\/fr\/niveaux-de-langue\/\" \/>\n<meta property=\"og:locale\" content=\"fr_FR\" \/>\n<meta property=\"og:type\" content=\"article\" \/>\n<meta property=\"og:title\" content=\"Niveaux de langue - The Language Academy\" \/>\n<meta property=\"og:description\" content=\"The Language Academy utilise une norme internationale d\u2019\u00e9valuation de la maitrise d\u2019une langue, le Cadre europ\u00e9en commun de r\u00e9f\u00e9rence pour les langues.\" \/>\n<meta property=\"og:url\" content=\"https:\/\/www.thelanguageacademy.nl\/fr\/niveaux-de-langue\/\" \/>\n<meta property=\"og:site_name\" content=\"The Language Academy\" \/>\n<meta property=\"article:modified_time\" content=\"2021-06-16T12:34:13+00:00\" \/>\n<meta name=\"twitter:card\" content=\"summary_large_image\" \/>\n<meta name=\"twitter:label1\" content=\"Dur\u00e9e de lecture estim\u00e9e\" \/>\n\t<meta name=\"twitter:data1\" content=\"3 minutes\" \/>\n<script type=\"application\/ld+json\" class=\"yoast-schema-graph\">{\"@context\":\"https:\/\/schema.org\",\"@graph\":[{\"@type\":\"WebPage\",\"@id\":\"https:\/\/www.thelanguageacademy.nl\/fr\/niveaux-de-langue\/\",\"url\":\"https:\/\/www.thelanguageacademy.nl\/fr\/niveaux-de-langue\/\",\"name\":\"Niveaux de langue - The Language Academy\",\"isPartOf\":{\"@id\":\"https:\/\/www.thelanguageacademy.nl\/fr\/#website\"},\"datePublished\":\"2018-05-25T08:04:45+00:00\",\"dateModified\":\"2021-06-16T12:34:13+00:00\",\"description\":\"The Language Academy utilise une norme internationale d\u2019\u00e9valuation de la maitrise d\u2019une langue, le Cadre europ\u00e9en commun de r\u00e9f\u00e9rence pour les langues.\",\"breadcrumb\":{\"@id\":\"https:\/\/www.thelanguageacademy.nl\/fr\/niveaux-de-langue\/#breadcrumb\"},\"inLanguage\":\"fr-FR\",\"potentialAction\":[{\"@type\":\"ReadAction\",\"target\":[\"https:\/\/www.thelanguageacademy.nl\/fr\/niveaux-de-langue\/\"]}]},{\"@type\":\"BreadcrumbList\",\"@id\":\"https:\/\/www.thelanguageacademy.nl\/fr\/niveaux-de-langue\/#breadcrumb\",\"itemListElement\":[{\"@type\":\"ListItem\",\"position\":1,\"name\":\"Home\",\"item\":\"https:\/\/www.thelanguageacademy.nl\/fr\/\"},{\"@type\":\"ListItem\",\"position\":2,\"name\":\"Niveaux de langue\"}]},{\"@type\":\"WebSite\",\"@id\":\"https:\/\/www.thelanguageacademy.nl\/fr\/#website\",\"url\":\"https:\/\/www.thelanguageacademy.nl\/fr\/\",\"name\":\"The Language Academy\",\"description\":\"elearning\",\"potentialAction\":[{\"@type\":\"SearchAction\",\"target\":{\"@type\":\"EntryPoint\",\"urlTemplate\":\"https:\/\/www.thelanguageacademy.nl\/fr\/?s={search_term_string}\"},\"query-input\":{\"@type\":\"PropertyValueSpecification\",\"valueRequired\":true,\"valueName\":\"search_term_string\"}}],\"inLanguage\":\"fr-FR\"}]}<\/script>\n<!-- \/ Yoast SEO plugin. -->","yoast_head_json":{"title":"Niveaux de langue - The Language Academy","description":"The Language Academy utilise une norme internationale d\u2019\u00e9valuation de la maitrise d\u2019une langue, le Cadre europ\u00e9en commun de r\u00e9f\u00e9rence pour les langues.","robots":{"index":"index","follow":"follow","max-snippet":"max-snippet:-1","max-image-preview":"max-image-preview:large","max-video-preview":"max-video-preview:-1"},"canonical":"https:\/\/www.thelanguageacademy.nl\/fr\/niveaux-de-langue\/","og_locale":"fr_FR","og_type":"article","og_title":"Niveaux de langue - The Language Academy","og_description":"The Language Academy utilise une norme internationale d\u2019\u00e9valuation de la maitrise d\u2019une langue, le Cadre europ\u00e9en commun de r\u00e9f\u00e9rence pour les langues.","og_url":"https:\/\/www.thelanguageacademy.nl\/fr\/niveaux-de-langue\/","og_site_name":"The Language Academy","article_modified_time":"2021-06-16T12:34:13+00:00","twitter_card":"summary_large_image","twitter_misc":{"Dur\u00e9e de lecture estim\u00e9e":"3 minutes"},"schema":{"@context":"https:\/\/schema.org","@graph":[{"@type":"WebPage","@id":"https:\/\/www.thelanguageacademy.nl\/fr\/niveaux-de-langue\/","url":"https:\/\/www.thelanguageacademy.nl\/fr\/niveaux-de-langue\/","name":"Niveaux de langue - The Language Academy","isPartOf":{"@id":"https:\/\/www.thelanguageacademy.nl\/fr\/#website"},"datePublished":"2018-05-25T08:04:45+00:00","dateModified":"2021-06-16T12:34:13+00:00","description":"The Language Academy utilise une norme internationale d\u2019\u00e9valuation de la maitrise d\u2019une langue, le Cadre europ\u00e9en commun de r\u00e9f\u00e9rence pour les langues.","breadcrumb":{"@id":"https:\/\/www.thelanguageacademy.nl\/fr\/niveaux-de-langue\/#breadcrumb"},"inLanguage":"fr-FR","potentialAction":[{"@type":"ReadAction","target":["https:\/\/www.thelanguageacademy.nl\/fr\/niveaux-de-langue\/"]}]},{"@type":"BreadcrumbList","@id":"https:\/\/www.thelanguageacademy.nl\/fr\/niveaux-de-langue\/#breadcrumb","itemListElement":[{"@type":"ListItem","position":1,"name":"Home","item":"https:\/\/www.thelanguageacademy.nl\/fr\/"},{"@type":"ListItem","position":2,"name":"Niveaux de langue"}]},{"@type":"WebSite","@id":"https:\/\/www.thelanguageacademy.nl\/fr\/#website","url":"https:\/\/www.thelanguageacademy.nl\/fr\/","name":"The Language Academy","description":"elearning","potentialAction":[{"@type":"SearchAction","target":{"@type":"EntryPoint","urlTemplate":"https:\/\/www.thelanguageacademy.nl\/fr\/?s={search_term_string}"},"query-input":{"@type":"PropertyValueSpecification","valueRequired":true,"valueName":"search_term_string"}}],"inLanguage":"fr-FR"}]}},"_links":{"self":[{"href":"https:\/\/www.thelanguageacademy.nl\/fr\/wp-json\/wp\/v2\/pages\/941","targetHints":{"allow":["GET"]}}],"collection":[{"href":"https:\/\/www.thelanguageacademy.nl\/fr\/wp-json\/wp\/v2\/pages"}],"about":[{"href":"https:\/\/www.thelanguageacademy.nl\/fr\/wp-json\/wp\/v2\/types\/page"}],"author":[{"embeddable":true,"href":"https:\/\/www.thelanguageacademy.nl\/fr\/wp-json\/wp\/v2\/users\/4"}],"replies":[{"embeddable":true,"href":"https:\/\/www.thelanguageacademy.nl\/fr\/wp-json\/wp\/v2\/comments?post=941"}],"version-history":[{"count":6,"href":"https:\/\/www.thelanguageacademy.nl\/fr\/wp-json\/wp\/v2\/pages\/941\/revisions"}],"predecessor-version":[{"id":2467,"href":"https:\/\/www.thelanguageacademy.nl\/fr\/wp-json\/wp\/v2\/pages\/941\/revisions\/2467"}],"wp:attachment":[{"href":"https:\/\/www.thelanguageacademy.nl\/fr\/wp-json\/wp\/v2\/media?parent=941"}],"curies":[{"name":"wp","href":"https:\/\/api.w.org\/{rel}","templated":true}]}}